{"id":530,"date":"2023-10-09T16:43:06","date_gmt":"2023-10-09T16:43:06","guid":{"rendered":"https:\/\/olympiaboutique.com\/?post_type=product&#038;p=530"},"modified":"2026-02-24T20:23:59","modified_gmt":"2026-02-24T20:23:59","slug":"kirkland-adult-gummies","status":"publish","type":"product","link":"https:\/\/olympiaboutique.com\/en\/product\/kirkland-adult-gummies\/","title":{"rendered":"Kirkland Signature Vitamine C 250 mg, 180 bonbons gummies pour adultes"},"content":{"rendered":"<p>Ces savoureuses vitamines g\u00e9lifi\u00e9es contiennent 250 mg de vitamine C par portion. La vitamine C est un antioxydant qui aide \u00e0 soutenir le syst\u00e8me immunitaire et agit pour aider \u00e0 neutraliser les radicaux libres dans votre corps. De plus, la vitamine C aide \u00e0 l\u2019absorption du fer et est n\u00e9cessaire pour que le corps fabrique du collag\u00e8ne, ce qui est important pour une peau saine.<\/p>","protected":false},"excerpt":{"rendered":"<p><strong>Bienfaits<\/strong><\/p>\n<ul>\n<li>250 mg de vitamine C par portion<\/li>\n<li>Aide \u00e0 renforcer le syst\u00e8me immunitaire<sup><br \/>\n<\/sup><\/li>\n<li>Important pour la protection antioxydante<sup><br \/>\n<\/sup><\/li>\n<li>D\u00e9licieuse saveur naturelle de mandarine<\/li>\n<li class=\"TrT0Xe\">Aide \u00e0 r\u00e9duire le mauvais cholest\u00e9rol, augmente le bon cholest\u00e9rol, aide \u00e0 limiter l\u2019hypertension.<\/li>\n<li class=\"TrT0Xe\">Prot\u00e8ge le c\u0153ur en bonne sant\u00e9, fonctionne bien.<\/li>\n<li class=\"TrT0Xe\"><strong>Utilisation recommand\u00e9e<\/strong>\u00a0: <b>M\u00e2chez deux g\u00e9latines par jour<\/b><\/li>\n<\/ul>","protected":false},"featured_media":511,"comment_status":"open","ping_status":"closed","template":"","meta":{"_joinchat":[]},"product_brand":[],"product_cat":[17],"product_tag":[102],"class_list":{"0":"post-530","1":"product","2":"type-product","3":"status-publish","4":"has-post-thumbnail","6":"product_cat-vitamines","7":"product_tag-kirkland-adult-gummies","9":"first","10":"outofstock","11":"sale","12":"shipping-taxable","13":"purchasable","14":"product-type-simple"},"jetpack_sharing_enabled":true,"_links":{"self":[{"href":"https:\/\/olympiaboutique.com\/en\/wp-json\/wp\/v2\/product\/530","targetHints":{"allow":["GET"]}}],"collection":[{"href":"https:\/\/olympiaboutique.com\/en\/wp-json\/wp\/v2\/product"}],"about":[{"href":"https:\/\/olympiaboutique.com\/en\/wp-json\/wp\/v2\/types\/product"}],"replies":[{"embeddable":true,"href":"https:\/\/olympiaboutique.com\/en\/wp-json\/wp\/v2\/comments?post=530"}],"wp:featuredmedia":[{"embeddable":true,"href":"https:\/\/olympiaboutique.com\/en\/wp-json\/wp\/v2\/media\/511"}],"wp:attachment":[{"href":"https:\/\/olympiaboutique.com\/en\/wp-json\/wp\/v2\/media?parent=530"}],"wp:term":[{"taxonomy":"product_brand","embeddable":true,"href":"https:\/\/olympiaboutique.com\/en\/wp-json\/wp\/v2\/product_brand?post=530"},{"taxonomy":"product_cat","embeddable":true,"href":"https:\/\/olympiaboutique.com\/en\/wp-json\/wp\/v2\/product_cat?post=530"},{"taxonomy":"product_tag","embeddable":true,"href":"https:\/\/olympiaboutique.com\/en\/wp-json\/wp\/v2\/product_tag?post=530"}],"curies":[{"name":"wp","href":"https:\/\/api.w.org\/{rel}","templated":true}]}}