{"id":529,"date":"2023-10-09T16:25:43","date_gmt":"2023-10-09T16:25:43","guid":{"rendered":"https:\/\/olympiaboutique.com\/?post_type=product&#038;p=529"},"modified":"2025-12-01T04:17:37","modified_gmt":"2025-12-01T04:17:37","slug":"vital-proteins-collagen-peptides-chocolate","status":"publish","type":"product","link":"https:\/\/olympiaboutique.com\/en\/product\/vital-proteins-collagen-peptides-chocolate\/","title":{"rendered":"Vital Proteins, Peptides de collag\u00e8ne chocolat, 923g"},"content":{"rendered":"<p>D\u00e9licieux peptides de collag\u00e8ne au chocolat\u00a0: Le m\u00eame collag\u00e8ne nourri \u00e0 l\u2019herbe et \u00e9lev\u00e9 au p\u00e2turage, mais avec un regain de saveur suppl\u00e9mentaire de poudre de cacao alcalinis\u00e9e et une touche de st\u00e9via.<\/p>\n<p>20 g de collag\u00e8ne aide \u00e0 favoriser la sant\u00e9 des cheveux, de la peau, des ongles et des articulations<\/p>","protected":false},"excerpt":{"rendered":"<p><strong>Bienfaits<\/strong><\/p>\n<ul>\n<li>Biodisponibilit\u00e9\u00a0: digestion et absorption rapide par l\u2019organisme.<\/li>\n<li>Pour une peau d\u2019apparence jeune, hydrat\u00e9e et \u00e9clatante et des cheveux &amp; ongles fortifi\u00e9s.<\/li>\n<li>Facile \u00e0 utiliser\u00a0: soluble dans les boissons chaudes ou froides.<\/li>\n<li>Compatible avec les r\u00e9gimes sans produit sucre et sans gluten.<\/li>\n<li>Pour garder une peau d\u2019apparence jeune, ajoutez une portion journali\u00e8re de collag\u00e8ne Vital Proteins\u00ae \u00e0 votre routine quotidienne.<\/li>\n<\/ul>\n<p><strong>Facile \u00e0 utiliser\u00a0: Combinez 4 cuill\u00e8res \u00e0 soupe avec 8 floc d\u2019eau, m\u00e9langez bien. Pour de meilleurs r\u00e9sultats, utilisez une tasse shaker ou un m\u00e9langeur.<\/strong><\/p>","protected":false},"featured_media":509,"comment_status":"open","ping_status":"closed","template":"","meta":{"_joinchat":[]},"product_brand":[],"product_cat":[17],"product_tag":[101],"class_list":{"0":"post-529","1":"product","2":"type-product","3":"status-publish","4":"has-post-thumbnail","6":"product_cat-vitamines","7":"product_tag-vital-proteins-collagen-peptides","9":"first","10":"outofstock","11":"shipping-taxable","12":"purchasable","13":"product-type-simple"},"jetpack_sharing_enabled":true,"_links":{"self":[{"href":"https:\/\/olympiaboutique.com\/en\/wp-json\/wp\/v2\/product\/529","targetHints":{"allow":["GET"]}}],"collection":[{"href":"https:\/\/olympiaboutique.com\/en\/wp-json\/wp\/v2\/product"}],"about":[{"href":"https:\/\/olympiaboutique.com\/en\/wp-json\/wp\/v2\/types\/product"}],"replies":[{"embeddable":true,"href":"https:\/\/olympiaboutique.com\/en\/wp-json\/wp\/v2\/comments?post=529"}],"wp:featuredmedia":[{"embeddable":true,"href":"https:\/\/olympiaboutique.com\/en\/wp-json\/wp\/v2\/media\/509"}],"wp:attachment":[{"href":"https:\/\/olympiaboutique.com\/en\/wp-json\/wp\/v2\/media?parent=529"}],"wp:term":[{"taxonomy":"product_brand","embeddable":true,"href":"https:\/\/olympiaboutique.com\/en\/wp-json\/wp\/v2\/product_brand?post=529"},{"taxonomy":"product_cat","embeddable":true,"href":"https:\/\/olympiaboutique.com\/en\/wp-json\/wp\/v2\/product_cat?post=529"},{"taxonomy":"product_tag","embeddable":true,"href":"https:\/\/olympiaboutique.com\/en\/wp-json\/wp\/v2\/product_tag?post=529"}],"curies":[{"name":"wp","href":"https:\/\/api.w.org\/{rel}","templated":true}]}}