{"id":528,"date":"2023-10-09T14:59:27","date_gmt":"2023-10-09T14:59:27","guid":{"rendered":"https:\/\/olympiaboutique.com\/?post_type=product&#038;p=528"},"modified":"2025-12-01T04:17:37","modified_gmt":"2025-12-01T04:17:37","slug":"whole-cloves","status":"publish","type":"product","link":"https:\/\/olympiaboutique.com\/en\/product\/whole-cloves\/","title":{"rendered":"Cloves &#8211; Clous de Girofle, 311g"},"content":{"rendered":"<p>Les clous de girofle entiers ont un parfum piquant, chaud et floral qui d\u00e9passe le nez lorsqu\u2019il est inhal\u00e9 profond\u00e9ment. La saveur des clous de girofle est douce et menthol\u00e9e avec un l\u00e9ger piquant et une qualit\u00e9 anesth\u00e9sique qui peut engourdir la langue et la bouche.<\/p>\n<p>Valeur nutritive, les clous de girofle entiers ne se d\u00e9composent pas lorsqu\u2019ils sont cuits. Cependant, lorsqu\u2019ils sont moulus, les clous de girofle ont un niveau important de mangan\u00e8se et des traces de vitamine C, de vitamine K et de fibres. Les clous de girofle contiennent des niveaux \u00e9lev\u00e9s d\u2019huile volatile eug\u00e9nol, ce qui leur donne leur saveur florale et \u00e9pic\u00e9e et leur ar\u00f4me<\/p>","protected":false},"excerpt":{"rendered":"<p>Les clous de girofle entiers ont un parfum piquant, chaud et floral qui d\u00e9passe le nez lorsqu\u2019il est inhal\u00e9 profond\u00e9ment&#8230;.<\/p>","protected":false},"featured_media":507,"comment_status":"open","ping_status":"closed","template":"","meta":{"_joinchat":[]},"product_brand":[],"product_cat":[20],"product_tag":[100],"class_list":{"0":"post-528","1":"product","2":"type-product","3":"status-publish","4":"has-post-thumbnail","6":"product_cat-epice","7":"product_tag-clous-de-girofle","9":"first","10":"outofstock","11":"shipping-taxable","12":"purchasable","13":"product-type-simple"},"jetpack_sharing_enabled":true,"_links":{"self":[{"href":"https:\/\/olympiaboutique.com\/en\/wp-json\/wp\/v2\/product\/528","targetHints":{"allow":["GET"]}}],"collection":[{"href":"https:\/\/olympiaboutique.com\/en\/wp-json\/wp\/v2\/product"}],"about":[{"href":"https:\/\/olympiaboutique.com\/en\/wp-json\/wp\/v2\/types\/product"}],"replies":[{"embeddable":true,"href":"https:\/\/olympiaboutique.com\/en\/wp-json\/wp\/v2\/comments?post=528"}],"wp:featuredmedia":[{"embeddable":true,"href":"https:\/\/olympiaboutique.com\/en\/wp-json\/wp\/v2\/media\/507"}],"wp:attachment":[{"href":"https:\/\/olympiaboutique.com\/en\/wp-json\/wp\/v2\/media?parent=528"}],"wp:term":[{"taxonomy":"product_brand","embeddable":true,"href":"https:\/\/olympiaboutique.com\/en\/wp-json\/wp\/v2\/product_brand?post=528"},{"taxonomy":"product_cat","embeddable":true,"href":"https:\/\/olympiaboutique.com\/en\/wp-json\/wp\/v2\/product_cat?post=528"},{"taxonomy":"product_tag","embeddable":true,"href":"https:\/\/olympiaboutique.com\/en\/wp-json\/wp\/v2\/product_tag?post=528"}],"curies":[{"name":"wp","href":"https:\/\/api.w.org\/{rel}","templated":true}]}}