{"id":527,"date":"2023-10-09T14:49:31","date_gmt":"2023-10-09T14:49:31","guid":{"rendered":"https:\/\/olympiaboutique.com\/?post_type=product&#038;p=527"},"modified":"2025-12-03T15:24:05","modified_gmt":"2025-12-03T15:24:05","slug":"granulated-onion","status":"publish","type":"product","link":"https:\/\/olympiaboutique.com\/en\/product\/granulated-onion\/","title":{"rendered":"Member\u2019s Mark, Oignon granul\u00e9 , 567g"},"content":{"rendered":"<p>Les granul\u00e9s d\u2019oignon de couleur cr\u00e8me ont un parfum et un go\u00fbt prononc\u00e9s. Si vous aimez utiliser des oignons dans vos plats, mais que vous n\u2019aimez pas les transformer, ce granul\u00e9 est une v\u00e9ritable solution. Cette variante s\u00e9ch\u00e9e concerne les morceaux fins de l\u2019oignon blanc. Celui-ci a un go\u00fbt plut\u00f4t vif, mais est un peu plus sucr\u00e9 que la vari\u00e9t\u00e9 jaune.<\/p>\n<p>Les granules d\u2019oignon sont fabriqu\u00e9s de la m\u00eame mani\u00e8re que la poudre d\u2019oignon.\u00a0La consistance est similaire \u00e0 celle du sucre ou du sel. Les oignons \u00e9minc\u00e9s sont pr\u00e9par\u00e9s de la m\u00eame mani\u00e8re que les oignons frais, mais ils sont ensuite d\u00e9shydrat\u00e9s.<\/p>","protected":false},"excerpt":{"rendered":"<p>Les granul\u00e9s d\u2019oignon de couleur cr\u00e8me ont un parfum et un go\u00fbt prononc\u00e9s. Si vous aimez utiliser des oignons dans&#8230;<\/p>","protected":false},"featured_media":506,"comment_status":"open","ping_status":"closed","template":"","meta":{"_joinchat":[]},"product_brand":[],"product_cat":[20],"product_tag":[99],"class_list":{"0":"post-527","1":"product","2":"type-product","3":"status-publish","4":"has-post-thumbnail","6":"product_cat-epice","7":"product_tag-granulated-onion","9":"first","10":"outofstock","11":"shipping-taxable","12":"purchasable","13":"product-type-simple"},"jetpack_sharing_enabled":true,"_links":{"self":[{"href":"https:\/\/olympiaboutique.com\/en\/wp-json\/wp\/v2\/product\/527","targetHints":{"allow":["GET"]}}],"collection":[{"href":"https:\/\/olympiaboutique.com\/en\/wp-json\/wp\/v2\/product"}],"about":[{"href":"https:\/\/olympiaboutique.com\/en\/wp-json\/wp\/v2\/types\/product"}],"replies":[{"embeddable":true,"href":"https:\/\/olympiaboutique.com\/en\/wp-json\/wp\/v2\/comments?post=527"}],"wp:featuredmedia":[{"embeddable":true,"href":"https:\/\/olympiaboutique.com\/en\/wp-json\/wp\/v2\/media\/506"}],"wp:attachment":[{"href":"https:\/\/olympiaboutique.com\/en\/wp-json\/wp\/v2\/media?parent=527"}],"wp:term":[{"taxonomy":"product_brand","embeddable":true,"href":"https:\/\/olympiaboutique.com\/en\/wp-json\/wp\/v2\/product_brand?post=527"},{"taxonomy":"product_cat","embeddable":true,"href":"https:\/\/olympiaboutique.com\/en\/wp-json\/wp\/v2\/product_cat?post=527"},{"taxonomy":"product_tag","embeddable":true,"href":"https:\/\/olympiaboutique.com\/en\/wp-json\/wp\/v2\/product_tag?post=527"}],"curies":[{"name":"wp","href":"https:\/\/api.w.org\/{rel}","templated":true}]}}