{"id":504,"date":"2023-10-09T13:17:59","date_gmt":"2023-10-09T13:17:59","guid":{"rendered":"https:\/\/olympiaboutique.com\/?post_type=product&#038;p=504"},"modified":"2025-12-01T04:17:37","modified_gmt":"2025-12-01T04:17:37","slug":"ground-ginger","status":"publish","type":"product","link":"https:\/\/olympiaboutique.com\/en\/product\/ground-ginger\/","title":{"rendered":"Chef\u2019s quality Ground Ginger, 454g"},"content":{"rendered":"<p>Le gingembre moulu, parfois \u00e9tiquet\u00e9 gingembre en poudre, est fabriqu\u00e9 en s\u00e9chant simplement la racine de gingembre fra\u00eeche pel\u00e9e, puis en la broyant en une fine poudre. Le gingembre moulu est une \u00e9pice robuste et piquante qui compl\u00e8te la viande rouge robuste et le poisson plus l\u00e9ger.<\/p>\n<p>La poudre de gingembre ajoute la saveur aromatique \u00e9pic\u00e9e du gingembre frais .<\/p>","protected":false},"excerpt":{"rendered":"<p>Le gingembre moulu, parfois \u00e9tiquet\u00e9 gingembre en poudre, est fabriqu\u00e9 en s\u00e9chant simplement la racine de gingembre fra\u00eeche pel\u00e9e, puis&#8230;<\/p>","protected":false},"featured_media":478,"comment_status":"open","ping_status":"closed","template":"","meta":{"_joinchat":[]},"product_brand":[],"product_cat":[20],"product_tag":[97],"class_list":{"0":"post-504","1":"product","2":"type-product","3":"status-publish","4":"has-post-thumbnail","6":"product_cat-epice","7":"product_tag-ground-ginger","9":"first","10":"outofstock","11":"shipping-taxable","12":"purchasable","13":"product-type-simple"},"jetpack_sharing_enabled":true,"_links":{"self":[{"href":"https:\/\/olympiaboutique.com\/en\/wp-json\/wp\/v2\/product\/504","targetHints":{"allow":["GET"]}}],"collection":[{"href":"https:\/\/olympiaboutique.com\/en\/wp-json\/wp\/v2\/product"}],"about":[{"href":"https:\/\/olympiaboutique.com\/en\/wp-json\/wp\/v2\/types\/product"}],"replies":[{"embeddable":true,"href":"https:\/\/olympiaboutique.com\/en\/wp-json\/wp\/v2\/comments?post=504"}],"wp:featuredmedia":[{"embeddable":true,"href":"https:\/\/olympiaboutique.com\/en\/wp-json\/wp\/v2\/media\/478"}],"wp:attachment":[{"href":"https:\/\/olympiaboutique.com\/en\/wp-json\/wp\/v2\/media?parent=504"}],"wp:term":[{"taxonomy":"product_brand","embeddable":true,"href":"https:\/\/olympiaboutique.com\/en\/wp-json\/wp\/v2\/product_brand?post=504"},{"taxonomy":"product_cat","embeddable":true,"href":"https:\/\/olympiaboutique.com\/en\/wp-json\/wp\/v2\/product_cat?post=504"},{"taxonomy":"product_tag","embeddable":true,"href":"https:\/\/olympiaboutique.com\/en\/wp-json\/wp\/v2\/product_tag?post=504"}],"curies":[{"name":"wp","href":"https:\/\/api.w.org\/{rel}","templated":true}]}}