{"id":502,"date":"2023-10-09T13:00:48","date_gmt":"2023-10-09T13:00:48","guid":{"rendered":"https:\/\/olympiaboutique.com\/?post_type=product&#038;p=502"},"modified":"2026-02-24T20:24:43","modified_gmt":"2026-02-24T20:24:43","slug":"coffee-mate-2","status":"publish","type":"product","link":"https:\/\/olympiaboutique.com\/en\/product\/coffee-mate-2\/","title":{"rendered":"Nestle Coffee mate en poudre Original &#8211; 1,5Kg"},"content":{"rendered":"<p>Coffee-mate est un exhausteur de caf\u00e9 riche et d\u00e9licieusement cr\u00e9meux. Avec la bonne dose d\u2019onctuosit\u00e9, nos produits am\u00e9liorent l\u2019exp\u00e9rience de consommation du caf\u00e9 pour parfaire une tasse de caf\u00e9 onctueuse.<\/p>","protected":false},"excerpt":{"rendered":"<p>Coffee mate original apporte un effet toujours cr\u00e9meux qui est sans lactose et sans cholest\u00e9rol.<\/p>","protected":false},"featured_media":476,"comment_status":"open","ping_status":"closed","template":"","meta":{"_joinchat":[]},"product_brand":[],"product_cat":[23],"product_tag":[95],"class_list":{"0":"post-502","1":"product","2":"type-product","3":"status-publish","4":"has-post-thumbnail","6":"product_cat-food","7":"product_tag-coffee-mate","9":"first","10":"instock","11":"shipping-taxable","12":"purchasable","13":"product-type-simple"},"jetpack_sharing_enabled":true,"_links":{"self":[{"href":"https:\/\/olympiaboutique.com\/en\/wp-json\/wp\/v2\/product\/502","targetHints":{"allow":["GET"]}}],"collection":[{"href":"https:\/\/olympiaboutique.com\/en\/wp-json\/wp\/v2\/product"}],"about":[{"href":"https:\/\/olympiaboutique.com\/en\/wp-json\/wp\/v2\/types\/product"}],"replies":[{"embeddable":true,"href":"https:\/\/olympiaboutique.com\/en\/wp-json\/wp\/v2\/comments?post=502"}],"wp:featuredmedia":[{"embeddable":true,"href":"https:\/\/olympiaboutique.com\/en\/wp-json\/wp\/v2\/media\/476"}],"wp:attachment":[{"href":"https:\/\/olympiaboutique.com\/en\/wp-json\/wp\/v2\/media?parent=502"}],"wp:term":[{"taxonomy":"product_brand","embeddable":true,"href":"https:\/\/olympiaboutique.com\/en\/wp-json\/wp\/v2\/product_brand?post=502"},{"taxonomy":"product_cat","embeddable":true,"href":"https:\/\/olympiaboutique.com\/en\/wp-json\/wp\/v2\/product_cat?post=502"},{"taxonomy":"product_tag","embeddable":true,"href":"https:\/\/olympiaboutique.com\/en\/wp-json\/wp\/v2\/product_tag?post=502"}],"curies":[{"name":"wp","href":"https:\/\/api.w.org\/{rel}","templated":true}]}}