{"id":500,"date":"2023-10-09T12:41:54","date_gmt":"2023-10-09T12:41:54","guid":{"rendered":"https:\/\/olympiaboutique.com\/?post_type=product&#038;p=500"},"modified":"2026-02-24T20:25:14","modified_gmt":"2026-02-24T20:25:14","slug":"nesquik-chocolate","status":"publish","type":"product","link":"https:\/\/olympiaboutique.com\/en\/product\/nesquik-chocolate\/","title":{"rendered":"NESQUIK Chocolat en poudre, boite de 1 kg"},"content":{"rendered":"<p>NESQUIK est une\u00a0boisson cacaot\u00e9e source de vitamines et min\u00e9raux pour contribuer \u00e0 la croissance des os de vos enfants et aider au bon fonctionnement de la m\u00e9moire et de la concentration.<\/p>","protected":false},"excerpt":{"rendered":"<p>La poudre Nesquik \u00e0 saveur de chocolat est facile \u00e0 m\u00e9langer au lait.<br \/>\n\u25cf Ce m\u00e9lange pour boisson au chocolat est fabriqu\u00e9 sans ar\u00f4mes, colorants ou \u00e9dulcorants artificiels.<br \/>\n\u25cf Le go\u00fbt classique de Nesquik est de retour<br \/>\n\u25cf Un contenant de 1.275 kg de m\u00e9lange \u00e0 boisson en poudre Nesquik \u00e0 saveur de chocolat.<\/p>","protected":false},"featured_media":475,"comment_status":"open","ping_status":"closed","template":"","meta":{"_joinchat":[]},"product_brand":[],"product_cat":[23],"product_tag":[94],"class_list":{"0":"post-500","1":"product","2":"type-product","3":"status-publish","4":"has-post-thumbnail","6":"product_cat-food","7":"product_tag-nesquik-chocolate","9":"first","10":"instock","11":"shipping-taxable","12":"purchasable","13":"product-type-simple"},"jetpack_sharing_enabled":true,"_links":{"self":[{"href":"https:\/\/olympiaboutique.com\/en\/wp-json\/wp\/v2\/product\/500","targetHints":{"allow":["GET"]}}],"collection":[{"href":"https:\/\/olympiaboutique.com\/en\/wp-json\/wp\/v2\/product"}],"about":[{"href":"https:\/\/olympiaboutique.com\/en\/wp-json\/wp\/v2\/types\/product"}],"replies":[{"embeddable":true,"href":"https:\/\/olympiaboutique.com\/en\/wp-json\/wp\/v2\/comments?post=500"}],"wp:featuredmedia":[{"embeddable":true,"href":"https:\/\/olympiaboutique.com\/en\/wp-json\/wp\/v2\/media\/475"}],"wp:attachment":[{"href":"https:\/\/olympiaboutique.com\/en\/wp-json\/wp\/v2\/media?parent=500"}],"wp:term":[{"taxonomy":"product_brand","embeddable":true,"href":"https:\/\/olympiaboutique.com\/en\/wp-json\/wp\/v2\/product_brand?post=500"},{"taxonomy":"product_cat","embeddable":true,"href":"https:\/\/olympiaboutique.com\/en\/wp-json\/wp\/v2\/product_cat?post=500"},{"taxonomy":"product_tag","embeddable":true,"href":"https:\/\/olympiaboutique.com\/en\/wp-json\/wp\/v2\/product_tag?post=500"}],"curies":[{"name":"wp","href":"https:\/\/api.w.org\/{rel}","templated":true}]}}