{"id":499,"date":"2023-10-09T12:34:57","date_gmt":"2023-10-09T12:34:57","guid":{"rendered":"https:\/\/olympiaboutique.com\/?post_type=product&#038;p=499"},"modified":"2025-12-01T04:17:37","modified_gmt":"2025-12-01T04:17:37","slug":"full-red-tomato","status":"publish","type":"product","link":"https:\/\/olympiaboutique.com\/en\/product\/full-red-tomato\/","title":{"rendered":"Full Red, P\u00e2te de tomate rouge compl\u00e8te 3,15 kg"},"content":{"rendered":"<p>La sauce tomate rouge compl\u00e8te est une sauce emball\u00e9e \u00e0 partir de tomates fra\u00eeches ayant une saveur riche, une teneur \u00e9lev\u00e9e en liquide, une chair tr\u00e8s douce qui se d\u00e9compose facilement et la bonne composition pour \u00e9paissir en une sauce donnant une couleur rouge fonc\u00e9, une saveur de tomate pleine et un go\u00fbt succulent.<\/p>","protected":false},"excerpt":{"rendered":"<p><span>Concentr\u00e9e de tomate, l<\/span><span>a pur\u00e9e rouge\u00ae enti\u00e8re est con\u00e7ue pour donner un maximum de saveur fra\u00eeche \u00e0 la vigne aux sauces \u00e0 pizza onctueuses ou aux sauces d\u2019entr\u00e9e ! La saveur remarquablement fra\u00eeche de la pur\u00e9e rouge compl\u00e8te, sa couleur rouge\u00ae vif\u00a0 et sa consistance cr\u00e9meuse semblable \u00e0 celle d\u2019un gel en ont longtemps fait un favori.<\/span><\/p>","protected":false},"featured_media":474,"comment_status":"open","ping_status":"closed","template":"","meta":{"_joinchat":[]},"product_brand":[],"product_cat":[23],"product_tag":[93],"class_list":{"0":"post-499","1":"product","2":"type-product","3":"status-publish","4":"has-post-thumbnail","6":"product_cat-food","7":"product_tag-full-red-tomato","9":"first","10":"outofstock","11":"shipping-taxable","12":"purchasable","13":"product-type-simple"},"jetpack_sharing_enabled":true,"_links":{"self":[{"href":"https:\/\/olympiaboutique.com\/en\/wp-json\/wp\/v2\/product\/499","targetHints":{"allow":["GET"]}}],"collection":[{"href":"https:\/\/olympiaboutique.com\/en\/wp-json\/wp\/v2\/product"}],"about":[{"href":"https:\/\/olympiaboutique.com\/en\/wp-json\/wp\/v2\/types\/product"}],"replies":[{"embeddable":true,"href":"https:\/\/olympiaboutique.com\/en\/wp-json\/wp\/v2\/comments?post=499"}],"wp:featuredmedia":[{"embeddable":true,"href":"https:\/\/olympiaboutique.com\/en\/wp-json\/wp\/v2\/media\/474"}],"wp:attachment":[{"href":"https:\/\/olympiaboutique.com\/en\/wp-json\/wp\/v2\/media?parent=499"}],"wp:term":[{"taxonomy":"product_brand","embeddable":true,"href":"https:\/\/olympiaboutique.com\/en\/wp-json\/wp\/v2\/product_brand?post=499"},{"taxonomy":"product_cat","embeddable":true,"href":"https:\/\/olympiaboutique.com\/en\/wp-json\/wp\/v2\/product_cat?post=499"},{"taxonomy":"product_tag","embeddable":true,"href":"https:\/\/olympiaboutique.com\/en\/wp-json\/wp\/v2\/product_tag?post=499"}],"curies":[{"name":"wp","href":"https:\/\/api.w.org\/{rel}","templated":true}]}}