{"id":498,"date":"2023-10-09T12:28:33","date_gmt":"2023-10-09T12:28:33","guid":{"rendered":"https:\/\/olympiaboutique.com\/?post_type=product&#038;p=498"},"modified":"2025-12-01T04:17:38","modified_gmt":"2025-12-01T04:17:38","slug":"medix-hyaluronic","status":"publish","type":"product","link":"https:\/\/olympiaboutique.com\/en\/product\/medix-hyaluronic\/","title":{"rendered":"Medix 5.5 Acide Hyaluronique + Vitamine E Cr\u00e8me, 444 ml"},"content":{"rendered":"<p>Medix Hyaluronic favorise une peau d\u2019apparence lisse, ferme et saine en r\u00e9duisant l\u2019apparence des cicatrices et en soutenant une barri\u00e8re cutan\u00e9e solide qui retient l\u2019humidit\u00e9. La cr\u00e8me visage et le lait de corps \u00e0 l\u2019acide hyaluronique est la combinaison parfaite d\u2019ingr\u00e9dients anti-\u00e2ge et d\u2019antioxydants naturels.<\/p>","protected":false},"excerpt":{"rendered":"<p>Medix Hyaluronic favorise une peau d\u2019apparence lisse, ferme et saine en r\u00e9duisant l\u2019apparence des cicatrices et en soutenant une barri\u00e8re&#8230;<\/p>","protected":false},"featured_media":472,"comment_status":"open","ping_status":"closed","template":"","meta":{"_joinchat":[]},"product_brand":[],"product_cat":[22],"product_tag":[92],"class_list":{"0":"post-498","1":"product","2":"type-product","3":"status-publish","4":"has-post-thumbnail","6":"product_cat-skincare","7":"product_tag-medix-hyaluronic","9":"first","10":"outofstock","11":"shipping-taxable","12":"purchasable","13":"product-type-simple"},"jetpack_sharing_enabled":true,"_links":{"self":[{"href":"https:\/\/olympiaboutique.com\/en\/wp-json\/wp\/v2\/product\/498","targetHints":{"allow":["GET"]}}],"collection":[{"href":"https:\/\/olympiaboutique.com\/en\/wp-json\/wp\/v2\/product"}],"about":[{"href":"https:\/\/olympiaboutique.com\/en\/wp-json\/wp\/v2\/types\/product"}],"replies":[{"embeddable":true,"href":"https:\/\/olympiaboutique.com\/en\/wp-json\/wp\/v2\/comments?post=498"}],"wp:featuredmedia":[{"embeddable":true,"href":"https:\/\/olympiaboutique.com\/en\/wp-json\/wp\/v2\/media\/472"}],"wp:attachment":[{"href":"https:\/\/olympiaboutique.com\/en\/wp-json\/wp\/v2\/media?parent=498"}],"wp:term":[{"taxonomy":"product_brand","embeddable":true,"href":"https:\/\/olympiaboutique.com\/en\/wp-json\/wp\/v2\/product_brand?post=498"},{"taxonomy":"product_cat","embeddable":true,"href":"https:\/\/olympiaboutique.com\/en\/wp-json\/wp\/v2\/product_cat?post=498"},{"taxonomy":"product_tag","embeddable":true,"href":"https:\/\/olympiaboutique.com\/en\/wp-json\/wp\/v2\/product_tag?post=498"}],"curies":[{"name":"wp","href":"https:\/\/api.w.org\/{rel}","templated":true}]}}