{"id":497,"date":"2023-10-09T12:18:52","date_gmt":"2023-10-09T12:18:52","guid":{"rendered":"https:\/\/olympiaboutique.com\/?post_type=product&#038;p=497"},"modified":"2025-12-01T04:17:38","modified_gmt":"2025-12-01T04:17:38","slug":"garlic-powder","status":"publish","type":"product","link":"https:\/\/olympiaboutique.com\/en\/product\/garlic-powder\/","title":{"rendered":"Chef\u2019s Quality Poudre d\u2019ail fine, 595 g"},"content":{"rendered":"<p>La poudre d\u2019ail est simplement des gousses d\u2019ail pures d\u00e9shydrat\u00e9es sans sels, \u00e9pices ou ar\u00f4mes ajout\u00e9s. La poudre d\u2019ail conserve sa saveur et dure plus longtemps que l\u2019ail frais, et ne n\u00e9cessite aucune r\u00e9frig\u00e9ration ou traitement sp\u00e9cial. Parfois, la poudre d\u2019ail fine moulue est plus pratique que l\u2019ail frais.<\/p>","protected":false},"excerpt":{"rendered":"<p>\u00c9pice Ail en poudre<\/p>","protected":false},"featured_media":2269,"comment_status":"open","ping_status":"closed","template":"","meta":{"_joinchat":[]},"product_brand":[],"product_cat":[20],"product_tag":[91],"class_list":{"0":"post-497","1":"product","2":"type-product","3":"status-publish","4":"has-post-thumbnail","6":"product_cat-epice","7":"product_tag-garlic-powder","9":"first","10":"outofstock","11":"shipping-taxable","12":"purchasable","13":"product-type-simple"},"jetpack_sharing_enabled":true,"_links":{"self":[{"href":"https:\/\/olympiaboutique.com\/en\/wp-json\/wp\/v2\/product\/497","targetHints":{"allow":["GET"]}}],"collection":[{"href":"https:\/\/olympiaboutique.com\/en\/wp-json\/wp\/v2\/product"}],"about":[{"href":"https:\/\/olympiaboutique.com\/en\/wp-json\/wp\/v2\/types\/product"}],"replies":[{"embeddable":true,"href":"https:\/\/olympiaboutique.com\/en\/wp-json\/wp\/v2\/comments?post=497"}],"wp:featuredmedia":[{"embeddable":true,"href":"https:\/\/olympiaboutique.com\/en\/wp-json\/wp\/v2\/media\/2269"}],"wp:attachment":[{"href":"https:\/\/olympiaboutique.com\/en\/wp-json\/wp\/v2\/media?parent=497"}],"wp:term":[{"taxonomy":"product_brand","embeddable":true,"href":"https:\/\/olympiaboutique.com\/en\/wp-json\/wp\/v2\/product_brand?post=497"},{"taxonomy":"product_cat","embeddable":true,"href":"https:\/\/olympiaboutique.com\/en\/wp-json\/wp\/v2\/product_cat?post=497"},{"taxonomy":"product_tag","embeddable":true,"href":"https:\/\/olympiaboutique.com\/en\/wp-json\/wp\/v2\/product_tag?post=497"}],"curies":[{"name":"wp","href":"https:\/\/api.w.org\/{rel}","templated":true}]}}