{"id":494,"date":"2023-10-09T11:53:05","date_gmt":"2023-10-09T11:53:05","guid":{"rendered":"https:\/\/olympiaboutique.com\/?post_type=product&#038;p=494"},"modified":"2025-12-01T04:17:38","modified_gmt":"2025-12-01T04:17:38","slug":"curry-powder","status":"publish","type":"product","link":"https:\/\/olympiaboutique.com\/en\/product\/curry-powder\/","title":{"rendered":"Chef&#8217;s quality Curry en poudre, 454 g"},"content":{"rendered":"<p>La poudre de curry a une saveur unique en raison de la combinaison d\u2019\u00e9pices sal\u00e9es et sucr\u00e9es. Les \u00e9pices sal\u00e9es comme le cumin, le curcuma et la feuille de laurier donnent au curry une saveur profonde et terreuse tandis que les \u00e9pices douces, comme la cannelle et le clou de girofle, ajoutent de la luminosit\u00e9 et du peps. Le niveau de chaleur est d\u00e9termin\u00e9 par le type et la quantit\u00e9 de poivre utilis\u00e9.<\/p>","protected":false},"excerpt":{"rendered":"<p>La poudre de curry a une saveur unique en raison de la combinaison d\u2019\u00e9pices sal\u00e9es et sucr\u00e9es. Les \u00e9pices sal\u00e9es&#8230;<\/p>","protected":false},"featured_media":467,"comment_status":"open","ping_status":"closed","template":"","meta":{"_joinchat":[]},"product_brand":[],"product_cat":[20],"product_tag":[88],"class_list":{"0":"post-494","1":"product","2":"type-product","3":"status-publish","4":"has-post-thumbnail","6":"product_cat-epice","7":"product_tag-curry-powder","9":"first","10":"outofstock","11":"shipping-taxable","12":"purchasable","13":"product-type-simple"},"jetpack_sharing_enabled":true,"_links":{"self":[{"href":"https:\/\/olympiaboutique.com\/en\/wp-json\/wp\/v2\/product\/494","targetHints":{"allow":["GET"]}}],"collection":[{"href":"https:\/\/olympiaboutique.com\/en\/wp-json\/wp\/v2\/product"}],"about":[{"href":"https:\/\/olympiaboutique.com\/en\/wp-json\/wp\/v2\/types\/product"}],"replies":[{"embeddable":true,"href":"https:\/\/olympiaboutique.com\/en\/wp-json\/wp\/v2\/comments?post=494"}],"wp:featuredmedia":[{"embeddable":true,"href":"https:\/\/olympiaboutique.com\/en\/wp-json\/wp\/v2\/media\/467"}],"wp:attachment":[{"href":"https:\/\/olympiaboutique.com\/en\/wp-json\/wp\/v2\/media?parent=494"}],"wp:term":[{"taxonomy":"product_brand","embeddable":true,"href":"https:\/\/olympiaboutique.com\/en\/wp-json\/wp\/v2\/product_brand?post=494"},{"taxonomy":"product_cat","embeddable":true,"href":"https:\/\/olympiaboutique.com\/en\/wp-json\/wp\/v2\/product_cat?post=494"},{"taxonomy":"product_tag","embeddable":true,"href":"https:\/\/olympiaboutique.com\/en\/wp-json\/wp\/v2\/product_tag?post=494"}],"curies":[{"name":"wp","href":"https:\/\/api.w.org\/{rel}","templated":true}]}}