{"id":490,"date":"2023-10-09T10:54:36","date_gmt":"2023-10-09T10:54:36","guid":{"rendered":"https:\/\/olympiaboutique.com\/?post_type=product&#038;p=490"},"modified":"2025-12-01T04:17:38","modified_gmt":"2025-12-01T04:17:38","slug":"advanced-clinicals-aloe-vera","status":"publish","type":"product","link":"https:\/\/olympiaboutique.com\/en\/product\/advanced-clinicals-aloe-vera\/","title":{"rendered":"Advanced Clinicals, Cr\u00e8me d\u2019aloe vera, 454g"},"content":{"rendered":"<p><span class=\"a-list-item\">La cr\u00e8me apaisante et r\u00e9g\u00e9n\u00e9rante Advanced Clinicals Aloe Vera est faite d\u2019aloe vera nourrissant et infus\u00e9e de vitamine C et de vitamine E.<\/span><\/p>\n<p><span class=\"a-list-item\">Hydrate et r\u00e9pare instantan\u00e9ment la peau s\u00e8che et craquel\u00e9e.\u00a0Id\u00e9al pour les rougeurs sur le visage et le corps, les talons craquel\u00e9s, les coudes rugueux, les mains s\u00e8ches craquel\u00e9es et les cuticules.<\/span><\/p>\n<p><span class=\"a-list-item\">Id\u00e9al pour tous les types de peau.\u00a0Cette cr\u00e8me hydratante est id\u00e9ale pour les peaux s\u00e8ches, les peaux sensibles et les peaux grasses.\u00a0La cr\u00e8me non grasse n\u2019obstrue pas les pores.<\/span><\/p>","protected":false},"excerpt":{"rendered":"<p>La cr\u00e8me apaisante et r\u00e9g\u00e9n\u00e9rante Advanced Clinicals Aloe Vera est faite d\u2019aloe vera nourrissant et infus\u00e9e de vitamine C et&#8230;<\/p>","protected":false},"featured_media":491,"comment_status":"open","ping_status":"closed","template":"","meta":{"_joinchat":[]},"product_brand":[],"product_cat":[22],"product_tag":[86],"class_list":{"0":"post-490","1":"product","2":"type-product","3":"status-publish","4":"has-post-thumbnail","6":"product_cat-skincare","7":"product_tag-advanced-clinicals-aloe-vera","9":"first","10":"outofstock","11":"shipping-taxable","12":"purchasable","13":"product-type-simple"},"jetpack_sharing_enabled":true,"_links":{"self":[{"href":"https:\/\/olympiaboutique.com\/en\/wp-json\/wp\/v2\/product\/490","targetHints":{"allow":["GET"]}}],"collection":[{"href":"https:\/\/olympiaboutique.com\/en\/wp-json\/wp\/v2\/product"}],"about":[{"href":"https:\/\/olympiaboutique.com\/en\/wp-json\/wp\/v2\/types\/product"}],"replies":[{"embeddable":true,"href":"https:\/\/olympiaboutique.com\/en\/wp-json\/wp\/v2\/comments?post=490"}],"wp:featuredmedia":[{"embeddable":true,"href":"https:\/\/olympiaboutique.com\/en\/wp-json\/wp\/v2\/media\/491"}],"wp:attachment":[{"href":"https:\/\/olympiaboutique.com\/en\/wp-json\/wp\/v2\/media?parent=490"}],"wp:term":[{"taxonomy":"product_brand","embeddable":true,"href":"https:\/\/olympiaboutique.com\/en\/wp-json\/wp\/v2\/product_brand?post=490"},{"taxonomy":"product_cat","embeddable":true,"href":"https:\/\/olympiaboutique.com\/en\/wp-json\/wp\/v2\/product_cat?post=490"},{"taxonomy":"product_tag","embeddable":true,"href":"https:\/\/olympiaboutique.com\/en\/wp-json\/wp\/v2\/product_tag?post=490"}],"curies":[{"name":"wp","href":"https:\/\/api.w.org\/{rel}","templated":true}]}}