{"id":489,"date":"2023-10-09T09:57:49","date_gmt":"2023-10-09T09:57:49","guid":{"rendered":"https:\/\/olympiaboutique.com\/?post_type=product&#038;p=489"},"modified":"2025-12-01T04:17:38","modified_gmt":"2025-12-01T04:17:38","slug":"kirkland-mature-multi","status":"publish","type":"product","link":"https:\/\/olympiaboutique.com\/en\/product\/kirkland-mature-multi\/","title":{"rendered":"Kirkland Signature Adulte 50+ Multivitamines et min\u00e9raux, 400 comprim\u00e9s"},"content":{"rendered":"<p>Kirkland Signature Mature Multivitamin est scientifiquement formul\u00e9 pour fournir des nutriments essentiels pour un soutien nutritionnel quotidien \u00e0 mesure que vous vieillissez.<\/p>\n<p><b><span style=\"\">Conseil d\u2019utilisation : Prendre 2 capsules par jour avec de l\u2019eau<\/span><\/b><\/p>","protected":false},"excerpt":{"rendered":"<p><strong>Bienfaits<\/strong><\/p>\n<p>Kirkland Signature Multivitamines arrive \u00e0 maturit\u00e9 c\u2019est-\u00e0-dire aide \u00e0 soutenir les os et les dents, la sant\u00e9 oculaire, le syst\u00e8me immunitaire et l\u2019activit\u00e9 antioxydante.<\/p>\n<ul>\n<li>Adulte 50+<\/li>\n<li>Multivitamine sp\u00e9cialement formul\u00e9e<\/li>\n<li>Du calcium pour aider \u00e0 construire et \u00e0 maintenir des os et des dents solides<\/li>\n<\/ul>","protected":false},"featured_media":488,"comment_status":"open","ping_status":"closed","template":"","meta":{"_joinchat":[]},"product_brand":[],"product_cat":[17],"product_tag":[85],"class_list":{"0":"post-489","1":"product","2":"type-product","3":"status-publish","4":"has-post-thumbnail","6":"product_cat-vitamines","7":"product_tag-kirkland-mature-multi","9":"first","10":"outofstock","11":"shipping-taxable","12":"purchasable","13":"product-type-simple"},"jetpack_sharing_enabled":true,"_links":{"self":[{"href":"https:\/\/olympiaboutique.com\/en\/wp-json\/wp\/v2\/product\/489","targetHints":{"allow":["GET"]}}],"collection":[{"href":"https:\/\/olympiaboutique.com\/en\/wp-json\/wp\/v2\/product"}],"about":[{"href":"https:\/\/olympiaboutique.com\/en\/wp-json\/wp\/v2\/types\/product"}],"replies":[{"embeddable":true,"href":"https:\/\/olympiaboutique.com\/en\/wp-json\/wp\/v2\/comments?post=489"}],"wp:featuredmedia":[{"embeddable":true,"href":"https:\/\/olympiaboutique.com\/en\/wp-json\/wp\/v2\/media\/488"}],"wp:attachment":[{"href":"https:\/\/olympiaboutique.com\/en\/wp-json\/wp\/v2\/media?parent=489"}],"wp:term":[{"taxonomy":"product_brand","embeddable":true,"href":"https:\/\/olympiaboutique.com\/en\/wp-json\/wp\/v2\/product_brand?post=489"},{"taxonomy":"product_cat","embeddable":true,"href":"https:\/\/olympiaboutique.com\/en\/wp-json\/wp\/v2\/product_cat?post=489"},{"taxonomy":"product_tag","embeddable":true,"href":"https:\/\/olympiaboutique.com\/en\/wp-json\/wp\/v2\/product_tag?post=489"}],"curies":[{"name":"wp","href":"https:\/\/api.w.org\/{rel}","templated":true}]}}