{"id":483,"date":"2023-10-09T09:36:20","date_gmt":"2023-10-09T09:36:20","guid":{"rendered":"https:\/\/olympiaboutique.com\/?post_type=product&#038;p=483"},"modified":"2025-12-01T04:17:38","modified_gmt":"2025-12-01T04:17:38","slug":"collagen-hyaluronic","status":"publish","type":"product","link":"https:\/\/olympiaboutique.com\/en\/product\/collagen-hyaluronic\/","title":{"rendered":"AZURE CR\u00c8ME DE JOUR ANTI-\u00c2GE COLLAG\u00c8NE ET HYALURONIQUE 50 ml"},"content":{"rendered":"<p>Avec une utilisation r\u00e9guli\u00e8re, notre cr\u00e8me de jour laissera votre peau hydrat\u00e9e, souple et plus \u00e9clatante.<\/p>\n<ul>\n<li>Formul\u00e9 \u00e0 partir d\u2019ingr\u00e9dients de premi\u00e8re qualit\u00e9, notamment du collag\u00e8ne, de l\u2019acide hyaluronique, du b\u00eata-glucane, de l\u2019huile d\u2019argan, de l\u2019aloe vera, du squalane, de l\u2019huile d\u2019olive, de l\u2019huile de p\u00e9pins de pamplemousse, de la vitamine E et de la vitamine B5.<\/li>\n<li>Hydrate et renouvelle la peau en r\u00e9duisant l\u2019apparence des rides, ridules et plis.<\/li>\n<\/ul>","protected":false},"excerpt":{"rendered":"<p>Notre soin du visage anti-\u00e2ge est infus\u00e9 de collag\u00e8ne qui r\u00e9duit l\u2019apparence des rides et ridules et ajoute de la vitalit\u00e9 \u00e0 la peau. L\u2019acide hyaluronique reconstitue et retient l\u2019humidit\u00e9 tout en revitalisant la surface de votre peau.<\/p>","protected":false},"featured_media":484,"comment_status":"open","ping_status":"closed","template":"","meta":{"_joinchat":[]},"product_brand":[],"product_cat":[22],"product_tag":[83],"class_list":{"0":"post-483","1":"product","2":"type-product","3":"status-publish","4":"has-post-thumbnail","6":"product_cat-skincare","7":"product_tag-creme-de-jour-hydratante-azure","9":"first","10":"outofstock","11":"shipping-taxable","12":"purchasable","13":"product-type-simple"},"jetpack_sharing_enabled":true,"_links":{"self":[{"href":"https:\/\/olympiaboutique.com\/en\/wp-json\/wp\/v2\/product\/483","targetHints":{"allow":["GET"]}}],"collection":[{"href":"https:\/\/olympiaboutique.com\/en\/wp-json\/wp\/v2\/product"}],"about":[{"href":"https:\/\/olympiaboutique.com\/en\/wp-json\/wp\/v2\/types\/product"}],"replies":[{"embeddable":true,"href":"https:\/\/olympiaboutique.com\/en\/wp-json\/wp\/v2\/comments?post=483"}],"wp:featuredmedia":[{"embeddable":true,"href":"https:\/\/olympiaboutique.com\/en\/wp-json\/wp\/v2\/media\/484"}],"wp:attachment":[{"href":"https:\/\/olympiaboutique.com\/en\/wp-json\/wp\/v2\/media?parent=483"}],"wp:term":[{"taxonomy":"product_brand","embeddable":true,"href":"https:\/\/olympiaboutique.com\/en\/wp-json\/wp\/v2\/product_brand?post=483"},{"taxonomy":"product_cat","embeddable":true,"href":"https:\/\/olympiaboutique.com\/en\/wp-json\/wp\/v2\/product_cat?post=483"},{"taxonomy":"product_tag","embeddable":true,"href":"https:\/\/olympiaboutique.com\/en\/wp-json\/wp\/v2\/product_tag?post=483"}],"curies":[{"name":"wp","href":"https:\/\/api.w.org\/{rel}","templated":true}]}}