{"id":481,"date":"2023-10-09T09:23:48","date_gmt":"2023-10-09T09:23:48","guid":{"rendered":"https:\/\/olympiaboutique.com\/?post_type=product&#038;p=481"},"modified":"2025-12-04T15:25:17","modified_gmt":"2025-12-04T15:25:17","slug":"savons-multi-usage-d-bronners","status":"publish","type":"product","link":"https:\/\/olympiaboutique.com\/en\/product\/savons-multi-usage-d-bronners\/","title":{"rendered":"Dr. BRONNER\u2019S Pure Savon de Castille Liquide Bio (946 ml)"},"content":{"rendered":"<p>La combinaison d\u2019huiles extra vierges biologiques de noix de coco, d\u2019olive, de jojoba et de chanvre, cr\u00e9e un savon unique pour nettoyer la peau efficacement sans l\u2019agresser et tout en produisant une mousse velout\u00e9e, rendant la peau douce, soyeuse et rafra\u00eechie.<br \/>\nLes savons bio du Dr Bronner sont diff\u00e9rents de tous ceux que vous avez utilis\u00e9s jusqu\u2019ici parce qu\u2019ils ne contiennent aucun agent synth\u00e9tique moussant, \u00e9paississant ou conservateur. Une sensation oubli\u00e9e de propret\u00e9 offre \u00e0 votre peau une base optimale pour r\u00e9g\u00e9n\u00e9rer directement son film protecteur naturel.<\/p>","protected":false},"excerpt":{"rendered":"<p>Un savon comme vous n\u2019en avez jamais utilis\u00e9 !<br \/>\nLes savons bio du Dr Bronner sont multi-usages (18 en 1). Ils sont fabriqu\u00e9s \u00e0 partir d\u2019huiles bio et certifi\u00e9es.<\/p>","protected":false},"featured_media":482,"comment_status":"open","ping_status":"closed","template":"","meta":{"_joinchat":[]},"product_brand":[],"product_cat":[22],"product_tag":[82],"class_list":{"0":"post-481","1":"product","2":"type-product","3":"status-publish","4":"has-post-thumbnail","6":"product_cat-skincare","7":"product_tag-savon-multi-usage-dr-bronners","8":"pa_drbronners-almond","9":"pa_drbronners-baby-unscented","10":"pa_drbronners-citron","11":"pa_drbronners-eucalyptus","12":"pa_drbronners-lavende","13":"pa_drbronners-peppermint","14":"pa_drbronners-tea-tree","16":"first","17":"instock","18":"shipping-taxable","19":"purchasable","20":"product-type-variable"},"jetpack_sharing_enabled":true,"_links":{"self":[{"href":"https:\/\/olympiaboutique.com\/en\/wp-json\/wp\/v2\/product\/481","targetHints":{"allow":["GET"]}}],"collection":[{"href":"https:\/\/olympiaboutique.com\/en\/wp-json\/wp\/v2\/product"}],"about":[{"href":"https:\/\/olympiaboutique.com\/en\/wp-json\/wp\/v2\/types\/product"}],"replies":[{"embeddable":true,"href":"https:\/\/olympiaboutique.com\/en\/wp-json\/wp\/v2\/comments?post=481"}],"wp:featuredmedia":[{"embeddable":true,"href":"https:\/\/olympiaboutique.com\/en\/wp-json\/wp\/v2\/media\/482"}],"wp:attachment":[{"href":"https:\/\/olympiaboutique.com\/en\/wp-json\/wp\/v2\/media?parent=481"}],"wp:term":[{"taxonomy":"product_brand","embeddable":true,"href":"https:\/\/olympiaboutique.com\/en\/wp-json\/wp\/v2\/product_brand?post=481"},{"taxonomy":"product_cat","embeddable":true,"href":"https:\/\/olympiaboutique.com\/en\/wp-json\/wp\/v2\/product_cat?post=481"},{"taxonomy":"product_tag","embeddable":true,"href":"https:\/\/olympiaboutique.com\/en\/wp-json\/wp\/v2\/product_tag?post=481"}],"curies":[{"name":"wp","href":"https:\/\/api.w.org\/{rel}","templated":true}]}}