{"id":479,"date":"2023-10-09T09:16:27","date_gmt":"2023-10-09T09:16:27","guid":{"rendered":"https:\/\/olympiaboutique.com\/?post_type=product&#038;p=479"},"modified":"2025-12-01T04:17:38","modified_gmt":"2025-12-01T04:17:38","slug":"naturemade-magnesium","status":"publish","type":"product","link":"https:\/\/olympiaboutique.com\/en\/product\/naturemade-magnesium\/","title":{"rendered":"Nature Made Extra Fort Oxyde de Magn\u00e9sium 400 mg, Compl\u00e9ment alimentaire pour le soutien musculaire, 110 Count"},"content":{"rendered":"<ul>\n<li>Sans colorants synth\u00e9tiques &#8211; Colorants d\u00e9riv\u00e9s de sources naturelles<\/li>\n<li>Sans ar\u00f4mes artificiels<\/li>\n<li>Sans gluten<\/li>\n<\/ul>","protected":false},"excerpt":{"rendered":"<ul>\n<li><strong>Bienfaits<\/strong><\/li>\n<li>Marque n\u00b01 de vitamine &amp; de compl\u00e9ment recommand\u00e9e par les pharmaciens<\/li>\n<li>Favorise la relaxation musculaire<\/li>\n<li>Renforce la sant\u00e9 nerveuse, cardiaque et osseuse<\/li>\n<li>Compl\u00e9ment alimentaire<\/li>\n<\/ul>\n<p><span><b><span style=\"\">Conseil d\u2019utilisation<\/span><span style=\"\">\u00a0:Chez l\u2019adulte, prenez 1 comprim\u00e9 par jour avec de l\u2019eau au cours d\u2019un repas<\/span><\/b><\/span>.<\/p>","protected":false},"featured_media":480,"comment_status":"open","ping_status":"closed","template":"","meta":{"_joinchat":[]},"product_brand":[],"product_cat":[53,17],"product_tag":[81],"class_list":{"0":"post-479","1":"product","2":"type-product","3":"status-publish","4":"has-post-thumbnail","6":"product_cat-pharmaceutiques","7":"product_cat-vitamines","8":"product_tag-naturemade-magnesium","10":"first","11":"outofstock","12":"shipping-taxable","13":"purchasable","14":"product-type-simple"},"jetpack_sharing_enabled":true,"_links":{"self":[{"href":"https:\/\/olympiaboutique.com\/en\/wp-json\/wp\/v2\/product\/479","targetHints":{"allow":["GET"]}}],"collection":[{"href":"https:\/\/olympiaboutique.com\/en\/wp-json\/wp\/v2\/product"}],"about":[{"href":"https:\/\/olympiaboutique.com\/en\/wp-json\/wp\/v2\/types\/product"}],"replies":[{"embeddable":true,"href":"https:\/\/olympiaboutique.com\/en\/wp-json\/wp\/v2\/comments?post=479"}],"wp:featuredmedia":[{"embeddable":true,"href":"https:\/\/olympiaboutique.com\/en\/wp-json\/wp\/v2\/media\/480"}],"wp:attachment":[{"href":"https:\/\/olympiaboutique.com\/en\/wp-json\/wp\/v2\/media?parent=479"}],"wp:term":[{"taxonomy":"product_brand","embeddable":true,"href":"https:\/\/olympiaboutique.com\/en\/wp-json\/wp\/v2\/product_brand?post=479"},{"taxonomy":"product_cat","embeddable":true,"href":"https:\/\/olympiaboutique.com\/en\/wp-json\/wp\/v2\/product_cat?post=479"},{"taxonomy":"product_tag","embeddable":true,"href":"https:\/\/olympiaboutique.com\/en\/wp-json\/wp\/v2\/product_tag?post=479"}],"curies":[{"name":"wp","href":"https:\/\/api.w.org\/{rel}","templated":true}]}}