{"id":461,"date":"2023-10-08T18:37:40","date_gmt":"2023-10-08T18:37:40","guid":{"rendered":"https:\/\/olympiaboutique.com\/?post_type=product&#038;p=461"},"modified":"2025-12-01T04:17:38","modified_gmt":"2025-12-01T04:17:38","slug":"mens-daily-multivitamin","status":"publish","type":"product","link":"https:\/\/olympiaboutique.com\/en\/product\/mens-daily-multivitamin\/","title":{"rendered":"One a day, Men&#8217;s Daily Multivitamin, 275 tablets"},"content":{"rendered":"<p>Cette combinaison de vitamines et de min\u00e9raux s\u00e9lectionn\u00e9s est utilis\u00e9e pour pr\u00e9venir ou traiter les carences en vitamines dues \u00e0 de mauvaises habitudes alimentaires, \u00e0 des probl\u00e8mes qui affectent la capacit\u00e9 du corps \u00e0 absorber la nutrition des aliments ou \u00e0 un besoin accru de vitamines et de min\u00e9raux en raison du stress ou de la maladie. Les vitamines sont n\u00e9cessaires au bon fonctionnement du corps. Cette combinaison de vitamines min\u00e9raux contient des niveaux \u00e9lev\u00e9s de vitamines B.<\/p>","protected":false},"excerpt":{"rendered":"<p><strong>Bienfaits<\/strong><\/p>\n<ul class=\"a-unordered-list a-vertical a-spacing-mini\">\n<li class=\"a-spacing-mini\"><span class=\"a-list-item\">Peut favoriser la sant\u00e9 cardiaque et immunitaire<\/span><\/li>\n<li class=\"a-spacing-mini\"><span class=\"a-list-item\">Peut soutenir le m\u00e9tabolisme \u00e9nerg\u00e9tique<\/span><\/li>\n<li class=\"a-spacing-mini\"><span class=\"a-list-item\">Contient 20 vitamines et min\u00e9raux et 300 mcg de lycop\u00e8ne<\/span><\/li>\n<\/ul>\n<p><span><b><span style=\"\">Conseil d\u2019utilisation<\/span><span style=\"\"> :Prenez ce m\u00e9dicament par voie orale avec ou sans nourriture, habituellement une ou deux fois par jour<\/span><\/b><\/span>. Si des maux d estomac se produisent, il peut \u00eatre utile de prendre ce produit avec de la nourriture.<\/p>","protected":false},"featured_media":446,"comment_status":"open","ping_status":"closed","template":"","meta":{"_joinchat":[]},"product_brand":[],"product_cat":[53,17],"product_tag":[78],"class_list":{"0":"post-461","1":"product","2":"type-product","3":"status-publish","4":"has-post-thumbnail","6":"product_cat-pharmaceutiques","7":"product_cat-vitamines","8":"product_tag-mens-daily-multivitamin","10":"first","11":"outofstock","12":"shipping-taxable","13":"purchasable","14":"product-type-simple"},"jetpack_sharing_enabled":true,"_links":{"self":[{"href":"https:\/\/olympiaboutique.com\/en\/wp-json\/wp\/v2\/product\/461","targetHints":{"allow":["GET"]}}],"collection":[{"href":"https:\/\/olympiaboutique.com\/en\/wp-json\/wp\/v2\/product"}],"about":[{"href":"https:\/\/olympiaboutique.com\/en\/wp-json\/wp\/v2\/types\/product"}],"replies":[{"embeddable":true,"href":"https:\/\/olympiaboutique.com\/en\/wp-json\/wp\/v2\/comments?post=461"}],"wp:featuredmedia":[{"embeddable":true,"href":"https:\/\/olympiaboutique.com\/en\/wp-json\/wp\/v2\/media\/446"}],"wp:attachment":[{"href":"https:\/\/olympiaboutique.com\/en\/wp-json\/wp\/v2\/media?parent=461"}],"wp:term":[{"taxonomy":"product_brand","embeddable":true,"href":"https:\/\/olympiaboutique.com\/en\/wp-json\/wp\/v2\/product_brand?post=461"},{"taxonomy":"product_cat","embeddable":true,"href":"https:\/\/olympiaboutique.com\/en\/wp-json\/wp\/v2\/product_cat?post=461"},{"taxonomy":"product_tag","embeddable":true,"href":"https:\/\/olympiaboutique.com\/en\/wp-json\/wp\/v2\/product_tag?post=461"}],"curies":[{"name":"wp","href":"https:\/\/api.w.org\/{rel}","templated":true}]}}