{"id":460,"date":"2023-10-08T18:22:42","date_gmt":"2023-10-08T18:22:42","guid":{"rendered":"https:\/\/olympiaboutique.com\/?post_type=product&#038;p=460"},"modified":"2025-12-01T04:17:38","modified_gmt":"2025-12-01T04:17:38","slug":"chili-powder","status":"publish","type":"product","link":"https:\/\/olympiaboutique.com\/en\/product\/chili-powder\/","title":{"rendered":"Member&#8217;s Mark Dark Chili Powder, 567 g"},"content":{"rendered":"<p>La poudre de chili est un m\u00e9lange d\u2019\u00e9pices qui comprend g\u00e9n\u00e9ralement des piments chili moulus, de l\u2019origan, du cumin et de la poudre d\u2019ail. Il est m\u00e9lang\u00e9e aux \u00c9tats-Unis.<\/p>\n<p>La poudre de chili est utilis\u00e9e dans la cuisine du sud-ouest et de type mexicain. C\u2019est un ingr\u00e9dient important du chili con carne, et est \u00e9galement utilis\u00e9 pour assaisonner les \u0153ufs, les crustac\u00e9s, les plats de fromage et les rago\u00fbts.<\/p>","protected":false},"excerpt":{"rendered":"<p>Les m\u00e9langes de poudre de chili peuvent varier consid\u00e9rablement en saveur. Pour assurer le niveau appropri\u00e9 de chaleur ou de piquant, ajoutez-le lentement aux aliments, en go\u00fbtant au fur et \u00e0 mesure. Les poudres de chili peuvent souvent \u00eatre utilis\u00e9es dans la cuisine sans sodium, car beaucoup sont faites sans sel.<\/p>","protected":false},"featured_media":445,"comment_status":"open","ping_status":"closed","template":"","meta":{"_joinchat":[]},"product_brand":[],"product_cat":[20],"product_tag":[77],"class_list":{"0":"post-460","1":"product","2":"type-product","3":"status-publish","4":"has-post-thumbnail","6":"product_cat-epice","7":"product_tag-chili-powder","9":"first","10":"outofstock","11":"shipping-taxable","12":"purchasable","13":"product-type-simple"},"jetpack_sharing_enabled":true,"_links":{"self":[{"href":"https:\/\/olympiaboutique.com\/en\/wp-json\/wp\/v2\/product\/460","targetHints":{"allow":["GET"]}}],"collection":[{"href":"https:\/\/olympiaboutique.com\/en\/wp-json\/wp\/v2\/product"}],"about":[{"href":"https:\/\/olympiaboutique.com\/en\/wp-json\/wp\/v2\/types\/product"}],"replies":[{"embeddable":true,"href":"https:\/\/olympiaboutique.com\/en\/wp-json\/wp\/v2\/comments?post=460"}],"wp:featuredmedia":[{"embeddable":true,"href":"https:\/\/olympiaboutique.com\/en\/wp-json\/wp\/v2\/media\/445"}],"wp:attachment":[{"href":"https:\/\/olympiaboutique.com\/en\/wp-json\/wp\/v2\/media?parent=460"}],"wp:term":[{"taxonomy":"product_brand","embeddable":true,"href":"https:\/\/olympiaboutique.com\/en\/wp-json\/wp\/v2\/product_brand?post=460"},{"taxonomy":"product_cat","embeddable":true,"href":"https:\/\/olympiaboutique.com\/en\/wp-json\/wp\/v2\/product_cat?post=460"},{"taxonomy":"product_tag","embeddable":true,"href":"https:\/\/olympiaboutique.com\/en\/wp-json\/wp\/v2\/product_tag?post=460"}],"curies":[{"name":"wp","href":"https:\/\/api.w.org\/{rel}","templated":true}]}}