{"id":440,"date":"2023-10-07T22:16:59","date_gmt":"2023-10-07T22:16:59","guid":{"rendered":"https:\/\/olympiaboutique.com\/?post_type=product&#038;p=440"},"modified":"2025-12-01T04:17:39","modified_gmt":"2025-12-01T04:17:39","slug":"apple-cider-vinegar","status":"publish","type":"product","link":"https:\/\/olympiaboutique.com\/en\/product\/apple-cider-vinegar\/","title":{"rendered":"Nature&#8217;s Truth Apple Cider Vinegar Extra Strengh 1200 mg &#8211; 180 Gelules"},"content":{"rendered":"<div class=\"wag-list-show ml15 mb20\" data-reactid=\"7\">\n<p>Obtenez un soutien triplement puissant pour atteindre vos objectifs de bien-\u00eatre avec le vinaigre de cidre de pomme Nature&#8217;s Truth&nbsp;!<\/p>\n<p>Cr\u00e9\u00e9 en fermentant le sucre des pommes, le vinaigre de cidre de pomme Nature&#8217;s Truth est obtenu avec le plus grand soin et savamment con\u00e7u pour pr\u00e9server sa qualit\u00e9 sup\u00e9rieure.&nbsp;Ces capsules de vinaigre de cidre de pomme faciles \u00e0 prendre contiennent 1&nbsp;200 mg de vinaigre de cidre de pomme par portion.<\/p>\n<p>Le vinaigre de cidre de pomme Nature&#8217;s Truth est certifi\u00e9 authentique TRU-ID.&nbsp;Nous utilisons les tests ADN TRU-ID pour valider la qualit\u00e9 et la puret\u00e9 de nos ingr\u00e9dients \u00e0 base de plantes, en remontant les ingr\u00e9dients actifs jusqu&#8217;\u00e0 leurs origines vivantes sp\u00e9cifiques et en v\u00e9rifiant leur authenticit\u00e9.&nbsp;Recherchez le logo TRU-ID sur notre \u00e9tiquette&nbsp;!<\/p>\n<p>Les capsules de vinaigre de cidre de pomme Nature&#8217;s Truth sont fabriqu\u00e9es uniquement avec les meilleurs ingr\u00e9dients et sont fabriqu\u00e9es aux \u00c9tats-Unis.&nbsp;Ils sont sans OGM, sans gluten, sans bl\u00e9, sans levure, sans lait, sans lactose et sans soja.&nbsp;Ils ont \u00e9t\u00e9 cr\u00e9\u00e9s sans colorants artificiels, ar\u00f4mes artificiels, \u00e9dulcorants artificiels ou conservateurs.<\/p>\n<p>Fabriqu\u00e9 aux \u00c9tats-Unis.<\/p>\n<p><strong>Conseil d&#8217;utilisation<\/strong><\/p>\n<p>Pour les adultes, prendre deux (2) g\u00e9lules \u00e0 lib\u00e9ration rapide une \u00e0 deux fois par jour, de pr\u00e9f\u00e9rence avec les repas.<\/p>\n<\/div>","protected":false},"excerpt":{"rendered":"<ul>\n<li><strong>Bienfaits<\/strong><\/li>\n<li>Aide \u00e0 perdre du poids<br \/>\nR\u00e9duit le cholest\u00e9rol<br \/>\nAbaisse le taux de sucre dans le sang<br \/>\nAm\u00e9liore les sympt\u00f4mes du diab\u00e8te<\/li>\n<\/ul>\n<p><span><strong>Conseil d\u2019utilisation<\/strong> :Pour les adultes, prendre deux (2) capsules \u00e0 lib\u00e9ration rapide une \u00e0 deux fois par jour, de pr\u00e9f\u00e9rence avec les repas et beaucoup d\u2019eau. Pour \u00e9valuer la tol\u00e9rance, commencez par une (1) capsule par jour.<\/span><\/p>","protected":false},"featured_media":412,"comment_status":"open","ping_status":"closed","template":"","meta":{"_joinchat":[]},"product_brand":[],"product_cat":[17],"product_tag":[74],"class_list":{"0":"post-440","1":"product","2":"type-product","3":"status-publish","4":"has-post-thumbnail","6":"product_cat-vitamines","7":"product_tag-apple-cider-vinegar","9":"first","10":"outofstock","11":"shipping-taxable","12":"purchasable","13":"product-type-simple"},"jetpack_sharing_enabled":true,"_links":{"self":[{"href":"https:\/\/olympiaboutique.com\/en\/wp-json\/wp\/v2\/product\/440","targetHints":{"allow":["GET"]}}],"collection":[{"href":"https:\/\/olympiaboutique.com\/en\/wp-json\/wp\/v2\/product"}],"about":[{"href":"https:\/\/olympiaboutique.com\/en\/wp-json\/wp\/v2\/types\/product"}],"replies":[{"embeddable":true,"href":"https:\/\/olympiaboutique.com\/en\/wp-json\/wp\/v2\/comments?post=440"}],"wp:featuredmedia":[{"embeddable":true,"href":"https:\/\/olympiaboutique.com\/en\/wp-json\/wp\/v2\/media\/412"}],"wp:attachment":[{"href":"https:\/\/olympiaboutique.com\/en\/wp-json\/wp\/v2\/media?parent=440"}],"wp:term":[{"taxonomy":"product_brand","embeddable":true,"href":"https:\/\/olympiaboutique.com\/en\/wp-json\/wp\/v2\/product_brand?post=440"},{"taxonomy":"product_cat","embeddable":true,"href":"https:\/\/olympiaboutique.com\/en\/wp-json\/wp\/v2\/product_cat?post=440"},{"taxonomy":"product_tag","embeddable":true,"href":"https:\/\/olympiaboutique.com\/en\/wp-json\/wp\/v2\/product_tag?post=440"}],"curies":[{"name":"wp","href":"https:\/\/api.w.org\/{rel}","templated":true}]}}