{"id":439,"date":"2023-10-07T21:34:07","date_gmt":"2023-10-07T21:34:07","guid":{"rendered":"https:\/\/olympiaboutique.com\/?post_type=product&#038;p=439"},"modified":"2025-12-01T04:17:39","modified_gmt":"2025-12-01T04:17:39","slug":"advanced-clinicals-hyaluronic-serum","status":"publish","type":"product","link":"https:\/\/olympiaboutique.com\/en\/product\/advanced-clinicals-hyaluronic-serum\/","title":{"rendered":"Advanced Clinicals, S\u00e9rum hydratant \u00e0 l\u2019acide hyaluronique, 52 ml"},"content":{"rendered":"<p>L\u2019acide hyaluronique est un humectant, un ingr\u00e9dient qui aide \u00e0 emprisonner l\u2019humidit\u00e9. Le r\u00e9sultat ? L\u2019acide hyaluronique renouvelle tellement la jeunesse de votre peau.<\/p>\n<p>Enrichis d\u2019alo\u00e8s, d\u2019extrait de pomme, de glyc\u00e9rine et d\u2019algues rouges, ces ingr\u00e9dients riches en nutriments contiennent des propri\u00e9t\u00e9s r\u00e9paratrices qui transforment v\u00e9ritablement votre teint.<\/p>\n<p>Bonus : chaque type de peau sera gagnant car ce s\u00e9rum pour le visage contient des bienfaits rajeunissants pour la peau gr\u00e2ce \u00e0 un m\u00e9lange d\u2019ingr\u00e9dients magistral et sophistiqu\u00e9 \u00e0 haute puissance.<\/p>","protected":false},"excerpt":{"rendered":"<p>Conseils d\u2019utilisation :<br \/>\nNettoyer le visage comme d\u2019habitude. S\u00e9chez. Mettez quelques gouttes de s\u00e9rum dans vos mains. Frottez-les ensemble et tapotez doucement ou massez l\u00e9g\u00e8rement sur le visage, le cou et le d\u00e9collet\u00e9.<\/p>","protected":false},"featured_media":410,"comment_status":"open","ping_status":"closed","template":"","meta":{"_joinchat":[]},"product_brand":[],"product_cat":[22],"product_tag":[73],"class_list":{"0":"post-439","1":"product","2":"type-product","3":"status-publish","4":"has-post-thumbnail","6":"product_cat-skincare","7":"product_tag-advanced-clinicals-hyaluronic-serum","9":"first","10":"outofstock","11":"shipping-taxable","12":"purchasable","13":"product-type-simple"},"jetpack_sharing_enabled":true,"_links":{"self":[{"href":"https:\/\/olympiaboutique.com\/en\/wp-json\/wp\/v2\/product\/439","targetHints":{"allow":["GET"]}}],"collection":[{"href":"https:\/\/olympiaboutique.com\/en\/wp-json\/wp\/v2\/product"}],"about":[{"href":"https:\/\/olympiaboutique.com\/en\/wp-json\/wp\/v2\/types\/product"}],"replies":[{"embeddable":true,"href":"https:\/\/olympiaboutique.com\/en\/wp-json\/wp\/v2\/comments?post=439"}],"wp:featuredmedia":[{"embeddable":true,"href":"https:\/\/olympiaboutique.com\/en\/wp-json\/wp\/v2\/media\/410"}],"wp:attachment":[{"href":"https:\/\/olympiaboutique.com\/en\/wp-json\/wp\/v2\/media?parent=439"}],"wp:term":[{"taxonomy":"product_brand","embeddable":true,"href":"https:\/\/olympiaboutique.com\/en\/wp-json\/wp\/v2\/product_brand?post=439"},{"taxonomy":"product_cat","embeddable":true,"href":"https:\/\/olympiaboutique.com\/en\/wp-json\/wp\/v2\/product_cat?post=439"},{"taxonomy":"product_tag","embeddable":true,"href":"https:\/\/olympiaboutique.com\/en\/wp-json\/wp\/v2\/product_tag?post=439"}],"curies":[{"name":"wp","href":"https:\/\/api.w.org\/{rel}","templated":true}]}}