{"id":438,"date":"2023-10-07T19:24:25","date_gmt":"2023-10-07T19:24:25","guid":{"rendered":"https:\/\/olympiaboutique.com\/?post_type=product&#038;p=438"},"modified":"2025-12-01T04:17:39","modified_gmt":"2025-12-01T04:17:39","slug":"listerine","status":"publish","type":"product","link":"https:\/\/olympiaboutique.com\/en\/product\/listerine\/","title":{"rendered":"Listerine, Bain de bouche antiseptique Cool Minthe, mauvaise haleine, plaque et gingivite, menthe, 1 L"},"content":{"rendered":"<p>LISTERINE<sup>\u00ae<\/sup>\u00a0Coolmint est un bain de bouche \u00e0 usage quotidien dont l\u2019efficacit\u00e9 a \u00e9t\u00e9 cliniquement prouv\u00e9e. Utilisez LISTERINE<sup>\u00ae<\/sup>\u00a0en compl\u00e9ment du brossage\u00a0pour aider \u00e0 \u00e9liminer\u00a0jusqu\u2019\u00e0 99\u00a0% des bact\u00e9ries dans les endroits que la brosse \u00e0 dents ne peut pas atteindre. R\u00e9sultat\u00a0? Une\u00a0r\u00e9duction\u00a0de\u00a070\u00a0% de la plaque dentaire\u00a0et de\u00a036\u00a0% des probl\u00e8mes de gencive\u00a0par rapport au brossage seul.<\/p>\n<p>LISTERINE<sup>\u00ae<\/sup> ne perturbe pas l\u2019\u00e9quilibre de la flore buccale.<\/p>\n<p>LISTERINE<sup>\u00ae<\/sup>\u00a0Coolmint est un bain de bouche \u00e0 base d\u2019huiles essentielles\u00a0: thymol, eucalyptol, menthol et salicylate de m\u00e9thyle.<\/p>","protected":false},"excerpt":{"rendered":"<p class=\"p1\">Utilisez LISTERINE<sup>\u00ae<\/sup> 2 fois par jour en compl\u00e9ment du brossage.<\/p>\n<p class=\"p1\">LISTERINE<sup>\u00ae<\/sup>\u00a0Coolmint favorise l\u2019\u00e9limination des bact\u00e9ries, assurant ainsi :<\/p>\n<ul>\n<li>Une haleine fra\u00eeche<\/li>\n<li>Moins de plaque dentaire<\/li>\n<li>Des gencives saines<\/li>\n<\/ul>\n<p>LISTERINE<sup>\u00ae<\/sup>\u00a0Coolmint a une saveur de menthe fra\u00eeche.<\/p>","protected":false},"featured_media":409,"comment_status":"open","ping_status":"closed","template":"","meta":{"_joinchat":[]},"product_brand":[],"product_cat":[53],"product_tag":[72],"class_list":{"0":"post-438","1":"product","2":"type-product","3":"status-publish","4":"has-post-thumbnail","6":"product_cat-pharmaceutiques","7":"product_tag-listerine","9":"first","10":"outofstock","11":"shipping-taxable","12":"purchasable","13":"product-type-simple"},"jetpack_sharing_enabled":true,"_links":{"self":[{"href":"https:\/\/olympiaboutique.com\/en\/wp-json\/wp\/v2\/product\/438","targetHints":{"allow":["GET"]}}],"collection":[{"href":"https:\/\/olympiaboutique.com\/en\/wp-json\/wp\/v2\/product"}],"about":[{"href":"https:\/\/olympiaboutique.com\/en\/wp-json\/wp\/v2\/types\/product"}],"replies":[{"embeddable":true,"href":"https:\/\/olympiaboutique.com\/en\/wp-json\/wp\/v2\/comments?post=438"}],"wp:featuredmedia":[{"embeddable":true,"href":"https:\/\/olympiaboutique.com\/en\/wp-json\/wp\/v2\/media\/409"}],"wp:attachment":[{"href":"https:\/\/olympiaboutique.com\/en\/wp-json\/wp\/v2\/media?parent=438"}],"wp:term":[{"taxonomy":"product_brand","embeddable":true,"href":"https:\/\/olympiaboutique.com\/en\/wp-json\/wp\/v2\/product_brand?post=438"},{"taxonomy":"product_cat","embeddable":true,"href":"https:\/\/olympiaboutique.com\/en\/wp-json\/wp\/v2\/product_cat?post=438"},{"taxonomy":"product_tag","embeddable":true,"href":"https:\/\/olympiaboutique.com\/en\/wp-json\/wp\/v2\/product_tag?post=438"}],"curies":[{"name":"wp","href":"https:\/\/api.w.org\/{rel}","templated":true}]}}