{"id":437,"date":"2023-10-07T19:07:51","date_gmt":"2023-10-07T19:07:51","guid":{"rendered":"https:\/\/olympiaboutique.com\/?post_type=product&#038;p=437"},"modified":"2025-12-01T04:17:39","modified_gmt":"2025-12-01T04:17:39","slug":"elastalift-tea-tree","status":"publish","type":"product","link":"https:\/\/olympiaboutique.com\/en\/product\/elastalift-tea-tree\/","title":{"rendered":"Elastalift Tea Tree Oil Facial Spot Treatment\/ Witch Hazel Clariifying Tea Tree Oil For Face 53 ml"},"content":{"rendered":"<p>L\u2019huile Elastalift Miracle contient de l\u2019arbre \u00e0 th\u00e9, de l\u2019hamam\u00e9lis et de la vitamine E pour calmer l\u2019apparence de la peau irrit\u00e9e, des rougeurs, des taches, de la rosac\u00e9e et des bosses. Peut \u00eatre combin\u00e9 avec votre cr\u00e8me pour le visage ou votre cr\u00e8me hydratante pour aider \u00e0 augmenter l\u2019hydratation de la peau. L\u2019huile d\u2019arbre \u00e0 th\u00e9 agit comme un nettoyant naturel pour votre visage.<\/p>","protected":false},"excerpt":{"rendered":"<p>L\u2019huile Elastalift Miracle contient de l\u2019arbre \u00e0 th\u00e9, de l\u2019hamam\u00e9lis et de la vitamine E pour calmer l\u2019apparence de la&#8230;<\/p>","protected":false},"featured_media":408,"comment_status":"open","ping_status":"closed","template":"","meta":{"_joinchat":[]},"product_brand":[],"product_cat":[22],"product_tag":[71],"class_list":{"0":"post-437","1":"product","2":"type-product","3":"status-publish","4":"has-post-thumbnail","6":"product_cat-skincare","7":"product_tag-elastalift-tea-tree","9":"first","10":"outofstock","11":"shipping-taxable","12":"purchasable","13":"product-type-simple"},"jetpack_sharing_enabled":true,"_links":{"self":[{"href":"https:\/\/olympiaboutique.com\/en\/wp-json\/wp\/v2\/product\/437","targetHints":{"allow":["GET"]}}],"collection":[{"href":"https:\/\/olympiaboutique.com\/en\/wp-json\/wp\/v2\/product"}],"about":[{"href":"https:\/\/olympiaboutique.com\/en\/wp-json\/wp\/v2\/types\/product"}],"replies":[{"embeddable":true,"href":"https:\/\/olympiaboutique.com\/en\/wp-json\/wp\/v2\/comments?post=437"}],"wp:featuredmedia":[{"embeddable":true,"href":"https:\/\/olympiaboutique.com\/en\/wp-json\/wp\/v2\/media\/408"}],"wp:attachment":[{"href":"https:\/\/olympiaboutique.com\/en\/wp-json\/wp\/v2\/media?parent=437"}],"wp:term":[{"taxonomy":"product_brand","embeddable":true,"href":"https:\/\/olympiaboutique.com\/en\/wp-json\/wp\/v2\/product_brand?post=437"},{"taxonomy":"product_cat","embeddable":true,"href":"https:\/\/olympiaboutique.com\/en\/wp-json\/wp\/v2\/product_cat?post=437"},{"taxonomy":"product_tag","embeddable":true,"href":"https:\/\/olympiaboutique.com\/en\/wp-json\/wp\/v2\/product_tag?post=437"}],"curies":[{"name":"wp","href":"https:\/\/api.w.org\/{rel}","templated":true}]}}