{"id":436,"date":"2023-10-07T18:51:21","date_gmt":"2023-10-07T18:51:21","guid":{"rendered":"https:\/\/olympiaboutique.com\/?post_type=product&#038;p=436"},"modified":"2025-12-01T04:17:39","modified_gmt":"2025-12-01T04:17:39","slug":"jergens-ultra-healing","status":"publish","type":"product","link":"https:\/\/olympiaboutique.com\/en\/product\/jergens-ultra-healing\/","title":{"rendered":"Jergens Ultra Healing, cr\u00e8me hydratante pour peaux tr\u00e8s s\u00e8ches, pack, 1,33L"},"content":{"rendered":"<p>Caract\u00e9ristiques du produit\u00a0: R\u00e9pare, cicatrise et nourrit en profondeur la peau tr\u00e8s s\u00e8che, R\u00e9v\u00e8le une peau visiblement lumineuse et plus saine. Contient un m\u00e9lange HydraLucence \u00e9clairant unique et des vitamines C, E et B5. Gu\u00e9rit la s\u00e9cheresse \u00e0 la source en p\u00e9n\u00e9trant \u00e0 travers 5 couches de la surface de la peau. Absorbe rapidement et retient l\u2019humidit\u00e9 jusqu\u2019\u00e0 48 heures.<\/p>","protected":false},"excerpt":{"rendered":"<p>La lotion Jergens Ultra Healing gu\u00e9rit la s\u00e9cheresse \u00e0 la source pour une peau visiblement plus saine. Fabriqu\u00e9e avec un m\u00e9lange de vitamines C, E et B5, cette lotion pour le corps \u00e0 absorption rapide p\u00e9n\u00e8tre en profondeur sous la surface de la peau pour retenir l\u2019humidit\u00e9 jusqu\u2019\u00e0 48 heures.<\/p>","protected":false},"featured_media":407,"comment_status":"open","ping_status":"closed","template":"","meta":{"_joinchat":[]},"product_brand":[],"product_cat":[22],"product_tag":[70],"class_list":{"0":"post-436","1":"product","2":"type-product","3":"status-publish","4":"has-post-thumbnail","6":"product_cat-skincare","7":"product_tag-jergens-ultra-healing","9":"first","10":"outofstock","11":"shipping-taxable","12":"purchasable","13":"product-type-simple"},"jetpack_sharing_enabled":true,"_links":{"self":[{"href":"https:\/\/olympiaboutique.com\/en\/wp-json\/wp\/v2\/product\/436","targetHints":{"allow":["GET"]}}],"collection":[{"href":"https:\/\/olympiaboutique.com\/en\/wp-json\/wp\/v2\/product"}],"about":[{"href":"https:\/\/olympiaboutique.com\/en\/wp-json\/wp\/v2\/types\/product"}],"replies":[{"embeddable":true,"href":"https:\/\/olympiaboutique.com\/en\/wp-json\/wp\/v2\/comments?post=436"}],"wp:featuredmedia":[{"embeddable":true,"href":"https:\/\/olympiaboutique.com\/en\/wp-json\/wp\/v2\/media\/407"}],"wp:attachment":[{"href":"https:\/\/olympiaboutique.com\/en\/wp-json\/wp\/v2\/media?parent=436"}],"wp:term":[{"taxonomy":"product_brand","embeddable":true,"href":"https:\/\/olympiaboutique.com\/en\/wp-json\/wp\/v2\/product_brand?post=436"},{"taxonomy":"product_cat","embeddable":true,"href":"https:\/\/olympiaboutique.com\/en\/wp-json\/wp\/v2\/product_cat?post=436"},{"taxonomy":"product_tag","embeddable":true,"href":"https:\/\/olympiaboutique.com\/en\/wp-json\/wp\/v2\/product_tag?post=436"}],"curies":[{"name":"wp","href":"https:\/\/api.w.org\/{rel}","templated":true}]}}