{"id":433,"date":"2023-10-07T18:29:46","date_gmt":"2023-10-07T18:29:46","guid":{"rendered":"https:\/\/olympiaboutique.com\/?post_type=product&#038;p=433"},"modified":"2025-12-01T04:17:39","modified_gmt":"2025-12-01T04:17:39","slug":"naturemade-iron","status":"publish","type":"product","link":"https:\/\/olympiaboutique.com\/en\/product\/naturemade-iron\/","title":{"rendered":"Nature Made Iron 65 mg (325 mg de sulfate ferreux), compl\u00e9ment alimentaire pour le soutien des globules rouges, 365 comprim\u00e9s"},"content":{"rendered":"<p>Les comprim\u00e9s sont destin\u00e9s aux personnes souffrant de carence en fer et sont essentiels \u00e0 la formation de globules rouges. Provenant d\u2019ingr\u00e9dients de haute qualit\u00e9, ce suppl\u00e9ment de fer sans gluten de 65 mg ne contient aucun colorant synth\u00e9tique ni ar\u00f4me artificiel.<\/p>\n<p><strong>Usage sugg\u00e9r\u00e9 :\u00a0<\/strong><span>Chez l\u2019adulte, en cas de carence en fer, prendre 1 comprim\u00e9 par jour avec de l\u2019eau et un repas<\/span><\/p>","protected":false},"excerpt":{"rendered":"<ul>\n<li><strong>Bienfaits<\/strong><\/li>\n<li>Le fer soutient une fonction cognitive saine<br \/>\nVital pour la formation des globules rouges<br \/>\n65 mg de fer (325 mg de sulfate ferreux) par portion<br \/>\n1 comprim\u00e9 quotidien<br \/>\n# 1 Marque de vitamines et de suppl\u00e9ments recommand\u00e9s par le pharmacien<\/li>\n<\/ul>","protected":false},"featured_media":405,"comment_status":"open","ping_status":"closed","template":"","meta":{"_joinchat":[]},"product_brand":[],"product_cat":[53,17],"product_tag":[68],"class_list":{"0":"post-433","1":"product","2":"type-product","3":"status-publish","4":"has-post-thumbnail","6":"product_cat-pharmaceutiques","7":"product_cat-vitamines","8":"product_tag-naturemade-iron","10":"first","11":"instock","12":"shipping-taxable","13":"purchasable","14":"product-type-simple"},"jetpack_sharing_enabled":true,"_links":{"self":[{"href":"https:\/\/olympiaboutique.com\/en\/wp-json\/wp\/v2\/product\/433","targetHints":{"allow":["GET"]}}],"collection":[{"href":"https:\/\/olympiaboutique.com\/en\/wp-json\/wp\/v2\/product"}],"about":[{"href":"https:\/\/olympiaboutique.com\/en\/wp-json\/wp\/v2\/types\/product"}],"replies":[{"embeddable":true,"href":"https:\/\/olympiaboutique.com\/en\/wp-json\/wp\/v2\/comments?post=433"}],"wp:featuredmedia":[{"embeddable":true,"href":"https:\/\/olympiaboutique.com\/en\/wp-json\/wp\/v2\/media\/405"}],"wp:attachment":[{"href":"https:\/\/olympiaboutique.com\/en\/wp-json\/wp\/v2\/media?parent=433"}],"wp:term":[{"taxonomy":"product_brand","embeddable":true,"href":"https:\/\/olympiaboutique.com\/en\/wp-json\/wp\/v2\/product_brand?post=433"},{"taxonomy":"product_cat","embeddable":true,"href":"https:\/\/olympiaboutique.com\/en\/wp-json\/wp\/v2\/product_cat?post=433"},{"taxonomy":"product_tag","embeddable":true,"href":"https:\/\/olympiaboutique.com\/en\/wp-json\/wp\/v2\/product_tag?post=433"}],"curies":[{"name":"wp","href":"https:\/\/api.w.org\/{rel}","templated":true}]}}