{"id":431,"date":"2023-10-07T18:14:15","date_gmt":"2023-10-07T18:14:15","guid":{"rendered":"https:\/\/olympiaboutique.com\/?post_type=product&#038;p=431"},"modified":"2025-12-01T04:17:39","modified_gmt":"2025-12-01T04:17:39","slug":"kirkland-vitamine-e","status":"publish","type":"product","link":"https:\/\/olympiaboutique.com\/en\/product\/kirkland-vitamine-e\/","title":{"rendered":"Kirkland Signature Vitamine E 180mg, 500 g\u00e9lules"},"content":{"rendered":"","protected":false},"excerpt":{"rendered":"<p><strong>Bienfaits<\/strong><\/p>\n<p>La Vitamine E de Kirkland Signature est un antioxydant et un nutriment essentiel pour de nombreuses cellules, y compris les cellules du muscle cardiaque. Elle aide au fonctionnement du syst\u00e8me immunitaire et l\u2019activit\u00e9 antioxydante.<\/p>\n<ul>\n<li>Produit\u00a0: Vitamine E<\/li>\n<li>Donne de l\u2019\u00e9clat \u00e0 la peau<\/li>\n<li>Aide au bon fonctionnement du syst\u00e8me immunitaire<\/li>\n<\/ul>\n<p><strong>Mode d\u2019emploi\u00a0:<\/strong> Prendre 1 g\u00e9lule par jour, pr\u00e9f\u00e9rablement pendant le repas.<\/p>","protected":false},"featured_media":403,"comment_status":"open","ping_status":"closed","template":"","meta":{"_joinchat":[]},"product_brand":[],"product_cat":[17],"product_tag":[66],"class_list":{"0":"post-431","1":"product","2":"type-product","3":"status-publish","4":"has-post-thumbnail","6":"product_cat-vitamines","7":"product_tag-kirkland-vitamine-e","9":"first","10":"outofstock","11":"shipping-taxable","12":"purchasable","13":"product-type-simple"},"jetpack_sharing_enabled":true,"_links":{"self":[{"href":"https:\/\/olympiaboutique.com\/en\/wp-json\/wp\/v2\/product\/431","targetHints":{"allow":["GET"]}}],"collection":[{"href":"https:\/\/olympiaboutique.com\/en\/wp-json\/wp\/v2\/product"}],"about":[{"href":"https:\/\/olympiaboutique.com\/en\/wp-json\/wp\/v2\/types\/product"}],"replies":[{"embeddable":true,"href":"https:\/\/olympiaboutique.com\/en\/wp-json\/wp\/v2\/comments?post=431"}],"wp:featuredmedia":[{"embeddable":true,"href":"https:\/\/olympiaboutique.com\/en\/wp-json\/wp\/v2\/media\/403"}],"wp:attachment":[{"href":"https:\/\/olympiaboutique.com\/en\/wp-json\/wp\/v2\/media?parent=431"}],"wp:term":[{"taxonomy":"product_brand","embeddable":true,"href":"https:\/\/olympiaboutique.com\/en\/wp-json\/wp\/v2\/product_brand?post=431"},{"taxonomy":"product_cat","embeddable":true,"href":"https:\/\/olympiaboutique.com\/en\/wp-json\/wp\/v2\/product_cat?post=431"},{"taxonomy":"product_tag","embeddable":true,"href":"https:\/\/olympiaboutique.com\/en\/wp-json\/wp\/v2\/product_tag?post=431"}],"curies":[{"name":"wp","href":"https:\/\/api.w.org\/{rel}","templated":true}]}}