{"id":428,"date":"2023-10-07T17:54:45","date_gmt":"2023-10-07T17:54:45","guid":{"rendered":"https:\/\/olympiaboutique.com\/?post_type=product&#038;p=428"},"modified":"2026-02-24T20:26:25","modified_gmt":"2026-02-24T20:26:25","slug":"advanced-clinicals-vitamine-c","status":"publish","type":"product","link":"https:\/\/olympiaboutique.com\/en\/product\/advanced-clinicals-vitamine-c\/","title":{"rendered":"ADVANCED CLINICALS Vitamin C Cr\u00e8me, 454g"},"content":{"rendered":"<p>Cette cr\u00e8me pour le corps enrichie en vitamine C, en acide f\u00e9rulique et vitamine E, contribue \u00e0 illuminer et unifier visiblement le teint, r\u00e9duisant ainsi l\u2019apparence de la peau terne et irr\u00e9guli\u00e8re. Elle hydrate en profondeur tout en sublimant l\u2019\u00e9clat naturel de la peau, la laissant visiblement plus lisse et plus fra\u00eeche. Sa formule onctueuse et velout\u00e9e p\u00e9n\u00e8tre facilement, r\u00e9v\u00e9lant un teint plus lumineux. Elle est \u00e9galement id\u00e9ale pour att\u00e9nuer les cicatrices, les t\u00e2ches et les zones affaiss\u00e9es.<\/p>\n<p>Facile \u00e0 utiliser, cette cr\u00e8me se pr\u00e9sente dans un pot avec pompe pour pr\u00e9lever juste assez de mati\u00e8re pour une application parfaite. Permet une utilisation plus simple et soigneuse.<\/p>\n<p>&nbsp;<\/p>","protected":false},"excerpt":{"rendered":"<ul>\n<li>HYDRATANT et NOURRISSANT , Advanced Clinicals\u00a0 est infus\u00e9e d\u2019aloe vera, de camomille, de glyc\u00e9rine et de th\u00e9 vert, qui travaillent tous ensemble pour raffermir efficacement la peau + r\u00e9duire l\u2019apparence de la peau endommag\u00e9e par le soleil, des rides, des ridules et de la peau cr\u00eap\u00e9e.<\/li>\n<li>ADVANCED CLINICAL \u2013 VITAMIN C CREME puissant qui cible l\u2019hyperpigmentation, l\u2019\u00e9clat du teint et les signes du vieillissement cutan\u00e9. Associ\u00e9 avec de l\u2019acide f\u00e9rulique, la vitamine C ravive l\u2019\u00e9clat de la peau et vous redonne un teint revitalis\u00e9.<\/li>\n<li>Elle att\u00e9nue visiblement l\u2019apparence des taches (taches de vieillesse, taches d\u00fb au soleil, taches brunes, cicatrices et plus encore !) en seulement quelques semaines.<\/li>\n<\/ul>","protected":false},"featured_media":3521,"comment_status":"open","ping_status":"closed","template":"","meta":{"_joinchat":[]},"product_brand":[],"product_cat":[22],"product_tag":[63],"class_list":{"0":"post-428","1":"product","2":"type-product","3":"status-publish","4":"has-post-thumbnail","6":"product_cat-skincare","7":"product_tag-advanced-clinicals-vitamine-c","9":"first","10":"instock","11":"shipping-taxable","12":"purchasable","13":"product-type-simple"},"jetpack_sharing_enabled":true,"_links":{"self":[{"href":"https:\/\/olympiaboutique.com\/en\/wp-json\/wp\/v2\/product\/428","targetHints":{"allow":["GET"]}}],"collection":[{"href":"https:\/\/olympiaboutique.com\/en\/wp-json\/wp\/v2\/product"}],"about":[{"href":"https:\/\/olympiaboutique.com\/en\/wp-json\/wp\/v2\/types\/product"}],"replies":[{"embeddable":true,"href":"https:\/\/olympiaboutique.com\/en\/wp-json\/wp\/v2\/comments?post=428"}],"wp:featuredmedia":[{"embeddable":true,"href":"https:\/\/olympiaboutique.com\/en\/wp-json\/wp\/v2\/media\/3521"}],"wp:attachment":[{"href":"https:\/\/olympiaboutique.com\/en\/wp-json\/wp\/v2\/media?parent=428"}],"wp:term":[{"taxonomy":"product_brand","embeddable":true,"href":"https:\/\/olympiaboutique.com\/en\/wp-json\/wp\/v2\/product_brand?post=428"},{"taxonomy":"product_cat","embeddable":true,"href":"https:\/\/olympiaboutique.com\/en\/wp-json\/wp\/v2\/product_cat?post=428"},{"taxonomy":"product_tag","embeddable":true,"href":"https:\/\/olympiaboutique.com\/en\/wp-json\/wp\/v2\/product_tag?post=428"}],"curies":[{"name":"wp","href":"https:\/\/api.w.org\/{rel}","templated":true}]}}