{"id":425,"date":"2023-10-07T17:06:47","date_gmt":"2023-10-07T17:06:47","guid":{"rendered":"https:\/\/olympiaboutique.com\/?post_type=product&#038;p=425"},"modified":"2025-12-01T04:17:39","modified_gmt":"2025-12-01T04:17:39","slug":"trunature-prostate-plus-health-complex","status":"publish","type":"product","link":"https:\/\/olympiaboutique.com\/en\/product\/trunature-prostate-plus-health-complex\/","title":{"rendered":"TruNature Prostate Plus Health Complex &#8211; Saw Palmetto avec zinc, lycop\u00e8ne, graines de citrouille &#8211; 250 g\u00e9lules"},"content":{"rendered":"<p>TruNature Prostate Health Complex contient du lycop\u00e8ne, des graines de citrouille et du palmier nain, des nutriments qui contiennent des phytonutriments et des acides gras qui peuvent aider \u00e0 maintenir une prostate saine. La canneberge Cran-Max fournit un soutien suppl\u00e9mentaire des voies urinaires inf\u00e9rieures.<\/p>\n<p><strong><span style=\"\">Utilisation: TruNature Prostate Plus Health Complex est sugg\u00e9r\u00e9 d\u2019en utiliser un par jour.<\/span><\/strong><\/p>","protected":false},"excerpt":{"rendered":"<p><strong>Bienfaits<\/strong><\/p>\n<p>La sant\u00e9 de la prostate favorise :<\/p>\n<ul>\n<li>Le bon fonctionnement de la prostate<\/li>\n<li>Un flux urinaire sain<\/li>\n<li>Un fonctionnement des voies urinaires en sant\u00e9<\/li>\n<li>Compl\u00e9ments alimentaires pour la prostate.<\/li>\n<\/ul>","protected":false},"featured_media":395,"comment_status":"open","ping_status":"closed","template":"","meta":{"_joinchat":[]},"product_brand":[],"product_cat":[53,17],"product_tag":[59],"class_list":{"0":"post-425","1":"product","2":"type-product","3":"status-publish","4":"has-post-thumbnail","6":"product_cat-pharmaceutiques","7":"product_cat-vitamines","8":"product_tag-trunature-prostate-plus-health-complex","10":"first","11":"outofstock","12":"shipping-taxable","13":"purchasable","14":"product-type-simple"},"jetpack_sharing_enabled":true,"_links":{"self":[{"href":"https:\/\/olympiaboutique.com\/en\/wp-json\/wp\/v2\/product\/425","targetHints":{"allow":["GET"]}}],"collection":[{"href":"https:\/\/olympiaboutique.com\/en\/wp-json\/wp\/v2\/product"}],"about":[{"href":"https:\/\/olympiaboutique.com\/en\/wp-json\/wp\/v2\/types\/product"}],"replies":[{"embeddable":true,"href":"https:\/\/olympiaboutique.com\/en\/wp-json\/wp\/v2\/comments?post=425"}],"wp:featuredmedia":[{"embeddable":true,"href":"https:\/\/olympiaboutique.com\/en\/wp-json\/wp\/v2\/media\/395"}],"wp:attachment":[{"href":"https:\/\/olympiaboutique.com\/en\/wp-json\/wp\/v2\/media?parent=425"}],"wp:term":[{"taxonomy":"product_brand","embeddable":true,"href":"https:\/\/olympiaboutique.com\/en\/wp-json\/wp\/v2\/product_brand?post=425"},{"taxonomy":"product_cat","embeddable":true,"href":"https:\/\/olympiaboutique.com\/en\/wp-json\/wp\/v2\/product_cat?post=425"},{"taxonomy":"product_tag","embeddable":true,"href":"https:\/\/olympiaboutique.com\/en\/wp-json\/wp\/v2\/product_tag?post=425"}],"curies":[{"name":"wp","href":"https:\/\/api.w.org\/{rel}","templated":true}]}}