{"id":423,"date":"2023-10-07T16:26:24","date_gmt":"2023-10-07T16:26:24","guid":{"rendered":"https:\/\/olympiaboutique.com\/?post_type=product&#038;p=423"},"modified":"2025-12-01T04:17:40","modified_gmt":"2025-12-01T04:17:40","slug":"rosewater-toner","status":"publish","type":"product","link":"https:\/\/olympiaboutique.com\/en\/product\/rosewater-toner\/","title":{"rendered":"Advanced Clinicals Rosewater Toner 237 ml"},"content":{"rendered":"<p>Lotion tonique Advanced Clinicals. La formule d\u00e9licate \u00e0 l\u2019eau de rose adoucit la peau s\u00e8che et rugueuse tout en resserrant et tonifiant pour un teint rafra\u00eechi. Infus\u00e9 d\u2019acide phytique anti-s\u00e9bum, de glyc\u00e9rine, d\u2019extrait de th\u00e9 vert et d\u2019AMS Botanimoist \u00e0 base de plantes pour augmenter l\u2019hydratation jusqu\u2019\u00e0 88%.<\/p>","protected":false},"excerpt":{"rendered":"<p>Lotion tonique \u00e0 l\u2019eau de rose.<\/p>\n<p>Convient \u00e0 tous les types de peau, le toner Advanced Clinicals Hydro-Boost offre une formule douce et hydratante pour aider \u00e0 lisser et \u00e0 raffermir la peau de votre visage.<\/p>","protected":false},"featured_media":392,"comment_status":"open","ping_status":"closed","template":"","meta":{"_joinchat":[]},"product_brand":[],"product_cat":[22],"product_tag":[57],"class_list":{"0":"post-423","1":"product","2":"type-product","3":"status-publish","4":"has-post-thumbnail","6":"product_cat-skincare","7":"product_tag-rosewater-toner","9":"first","10":"outofstock","11":"shipping-taxable","12":"purchasable","13":"product-type-simple"},"jetpack_sharing_enabled":true,"_links":{"self":[{"href":"https:\/\/olympiaboutique.com\/en\/wp-json\/wp\/v2\/product\/423","targetHints":{"allow":["GET"]}}],"collection":[{"href":"https:\/\/olympiaboutique.com\/en\/wp-json\/wp\/v2\/product"}],"about":[{"href":"https:\/\/olympiaboutique.com\/en\/wp-json\/wp\/v2\/types\/product"}],"replies":[{"embeddable":true,"href":"https:\/\/olympiaboutique.com\/en\/wp-json\/wp\/v2\/comments?post=423"}],"wp:featuredmedia":[{"embeddable":true,"href":"https:\/\/olympiaboutique.com\/en\/wp-json\/wp\/v2\/media\/392"}],"wp:attachment":[{"href":"https:\/\/olympiaboutique.com\/en\/wp-json\/wp\/v2\/media?parent=423"}],"wp:term":[{"taxonomy":"product_brand","embeddable":true,"href":"https:\/\/olympiaboutique.com\/en\/wp-json\/wp\/v2\/product_brand?post=423"},{"taxonomy":"product_cat","embeddable":true,"href":"https:\/\/olympiaboutique.com\/en\/wp-json\/wp\/v2\/product_cat?post=423"},{"taxonomy":"product_tag","embeddable":true,"href":"https:\/\/olympiaboutique.com\/en\/wp-json\/wp\/v2\/product_tag?post=423"}],"curies":[{"name":"wp","href":"https:\/\/api.w.org\/{rel}","templated":true}]}}