{"id":422,"date":"2023-10-07T16:16:19","date_gmt":"2023-10-07T16:16:19","guid":{"rendered":"https:\/\/olympiaboutique.com\/?post_type=product&#038;p=422"},"modified":"2025-12-01T04:17:40","modified_gmt":"2025-12-01T04:17:40","slug":"cayenne-pepper","status":"publish","type":"product","link":"https:\/\/olympiaboutique.com\/en\/product\/cayenne-pepper\/","title":{"rendered":"Member&#8217;s Mark, \u00c9pices et assaisonnements au piment de Cayenne, 454 g"},"content":{"rendered":"<p>Le piment de Cayenne est r\u00e9put\u00e9 pour sa chaleur et son piquant. On l\u2019utilise dans toutes les cuisines du monde. Il permettra de relever de nombreux plats\u00a0: Viandes, poissons, l\u00e9gumes, tartes, potages, riz, p\u00e2tes et \u0153ufs. C\u2019est le piment \u00e0 utiliser pour les recettes relev\u00e9es.<\/p>","protected":false},"excerpt":{"rendered":"<p>La poudre de piment Cayenne est une poudre \u00ab\u00a0single origin\u00a0\u00bb et se compose uniquement de piments rouges s\u00e9ch\u00e9s et moulus. Elle ne contient pas de colorants ni d\u2019autres additifs.<\/p>","protected":false},"featured_media":391,"comment_status":"open","ping_status":"closed","template":"","meta":{"_joinchat":[]},"product_brand":[],"product_cat":[20],"product_tag":[56],"class_list":{"0":"post-422","1":"product","2":"type-product","3":"status-publish","4":"has-post-thumbnail","6":"product_cat-epice","7":"product_tag-cayenne-pepper","9":"first","10":"outofstock","11":"shipping-taxable","12":"purchasable","13":"product-type-simple"},"jetpack_sharing_enabled":true,"_links":{"self":[{"href":"https:\/\/olympiaboutique.com\/en\/wp-json\/wp\/v2\/product\/422","targetHints":{"allow":["GET"]}}],"collection":[{"href":"https:\/\/olympiaboutique.com\/en\/wp-json\/wp\/v2\/product"}],"about":[{"href":"https:\/\/olympiaboutique.com\/en\/wp-json\/wp\/v2\/types\/product"}],"replies":[{"embeddable":true,"href":"https:\/\/olympiaboutique.com\/en\/wp-json\/wp\/v2\/comments?post=422"}],"wp:featuredmedia":[{"embeddable":true,"href":"https:\/\/olympiaboutique.com\/en\/wp-json\/wp\/v2\/media\/391"}],"wp:attachment":[{"href":"https:\/\/olympiaboutique.com\/en\/wp-json\/wp\/v2\/media?parent=422"}],"wp:term":[{"taxonomy":"product_brand","embeddable":true,"href":"https:\/\/olympiaboutique.com\/en\/wp-json\/wp\/v2\/product_brand?post=422"},{"taxonomy":"product_cat","embeddable":true,"href":"https:\/\/olympiaboutique.com\/en\/wp-json\/wp\/v2\/product_cat?post=422"},{"taxonomy":"product_tag","embeddable":true,"href":"https:\/\/olympiaboutique.com\/en\/wp-json\/wp\/v2\/product_tag?post=422"}],"curies":[{"name":"wp","href":"https:\/\/api.w.org\/{rel}","templated":true}]}}