{"id":421,"date":"2023-10-07T15:57:22","date_gmt":"2023-10-07T15:57:22","guid":{"rendered":"https:\/\/olympiaboutique.com\/?post_type=product&#038;p=421"},"modified":"2025-12-01T04:17:40","modified_gmt":"2025-12-01T04:17:40","slug":"nature-made-fish-oil","status":"publish","type":"product","link":"https:\/\/olympiaboutique.com\/en\/product\/nature-made-fish-oil\/","title":{"rendered":"Nature Made, Huile de poisson 1200 mg (360 mg om\u00e9ga-3) 200 g\u00e9lules liquides"},"content":{"rendered":"<p>Provenant d\u2019ingr\u00e9dients de haute qualit\u00e9, ces suppl\u00e9ments d\u2019om\u00e9ga-3 sans gluten d\u2019huile de poisson Nature Made 1000mg n\u2019ont pas de colorant ajout\u00e9, pas d\u2019ar\u00f4mes artificiels, et sont purifi\u00e9s pour \u00e9liminer le mercure\u00a0 des poissons de mer captur\u00e9s dans la nature, et pas des poissons d\u2019\u00e9levage.<\/p>\n<ul>\n<li>Aide \u00e0 soutenir un c\u0153ur en bonne sant\u00e9<br \/>\n2400 mg (720 mg d\u2019acides gras om\u00e9ga-3) par portion<br \/>\nPurification pour \u00e9liminer le mercure et les autres contaminants 2 g\u00e9lules par jour<br \/>\nSans colorant ajout\u00e9, sans ar\u00f4mes artificiels, sans gluten<br \/>\n#1 Marque de vitamines et de suppl\u00e9ments recommand\u00e9s<br \/>\npar le pharmacien<\/li>\n<li><strong>Conseil\u00a0<\/strong><b>d\u2019utilisation<\/b><\/li>\n<li><span style=\"\">Chez l\u2019adulte, <\/span><b>prendre 2 capsules \u00e0 enveloppe molle par jour avec de l\u2019eau et un repas<\/b><span style=\"\">. Conserver herm\u00e9tiquement ferm\u00e9, dans un endroit frais et sec, hors de port\u00e9e des enfants. Ne pas utiliser si le sceau imprim\u00e9 sous le bouchon est rompu ou manquant.<\/span><\/li>\n<\/ul>","protected":false},"excerpt":{"rendered":"<ul>\n<li><strong>Bienfaits<\/strong><\/li>\n<li>Contribue au bon fonctionnement du syst\u00e8me cardiaque<\/li>\n<li>Riche en\u00a0<a href=\"https:\/\/www.naturaforce.com\/bienfaits-complements\/huile-de-poisson\/vitamine-d-dans-lhuile-de-poisson\/\">vitamine D<\/a><\/li>\n<li>Soulage les sympt\u00f4mes de l\u2019arthrite rhumato\u00efde<\/li>\n<li>Utile en p\u00e9riode de d\u00e9pression<\/li>\n<li>Contribue au fonctionnement normal du cerveau<\/li>\n<li>Contribue \u00e0 un bon taux de triglyc\u00e9rides<\/li>\n<li>Aide au maintien d\u2019une pression sanguine normale<\/li>\n<\/ul>","protected":false},"featured_media":390,"comment_status":"open","ping_status":"closed","template":"","meta":{"_joinchat":[]},"product_brand":[],"product_cat":[17],"product_tag":[55],"class_list":{"0":"post-421","1":"product","2":"type-product","3":"status-publish","4":"has-post-thumbnail","6":"product_cat-vitamines","7":"product_tag-naturemade-fish-oil","9":"first","10":"outofstock","11":"shipping-taxable","12":"purchasable","13":"product-type-simple"},"jetpack_sharing_enabled":true,"_links":{"self":[{"href":"https:\/\/olympiaboutique.com\/en\/wp-json\/wp\/v2\/product\/421","targetHints":{"allow":["GET"]}}],"collection":[{"href":"https:\/\/olympiaboutique.com\/en\/wp-json\/wp\/v2\/product"}],"about":[{"href":"https:\/\/olympiaboutique.com\/en\/wp-json\/wp\/v2\/types\/product"}],"replies":[{"embeddable":true,"href":"https:\/\/olympiaboutique.com\/en\/wp-json\/wp\/v2\/comments?post=421"}],"wp:featuredmedia":[{"embeddable":true,"href":"https:\/\/olympiaboutique.com\/en\/wp-json\/wp\/v2\/media\/390"}],"wp:attachment":[{"href":"https:\/\/olympiaboutique.com\/en\/wp-json\/wp\/v2\/media?parent=421"}],"wp:term":[{"taxonomy":"product_brand","embeddable":true,"href":"https:\/\/olympiaboutique.com\/en\/wp-json\/wp\/v2\/product_brand?post=421"},{"taxonomy":"product_cat","embeddable":true,"href":"https:\/\/olympiaboutique.com\/en\/wp-json\/wp\/v2\/product_cat?post=421"},{"taxonomy":"product_tag","embeddable":true,"href":"https:\/\/olympiaboutique.com\/en\/wp-json\/wp\/v2\/product_tag?post=421"}],"curies":[{"name":"wp","href":"https:\/\/api.w.org\/{rel}","templated":true}]}}