{"id":420,"date":"2023-10-07T15:47:45","date_gmt":"2023-10-07T15:47:45","guid":{"rendered":"https:\/\/olympiaboutique.com\/?post_type=product&#038;p=420"},"modified":"2025-12-01T04:17:40","modified_gmt":"2025-12-01T04:17:40","slug":"vicks-vaporrub","status":"publish","type":"product","link":"https:\/\/olympiaboutique.com\/en\/product\/vicks-vaporrub\/","title":{"rendered":"Vicks\u00ae VapoRub\u2122 29 ml"},"content":{"rendered":"<p>Vicks Vaporub est un m\u00e9dicament sous forme de pommade qui vise \u00e0 d\u00e9congestionner les voies respiratoires en cas de toux, de rhume ou de bronchite simple. Il contient des terp\u00e8nes \u00e0 vis\u00e9e <strong>antiseptique des voies respiratoires<\/strong>. Ces terp\u00e8nes ont un effet r\u00e9vulsif d\u00e9congestionnant, afin de faciliter la respiration au cours des affections respiratoires.<\/p>\n<p>Il s\u2019utilise par voie cutan\u00e9e, en massage, pour soulager la <strong>toux<\/strong>, les <strong>rhumes <\/strong>ou <strong>rhinopharyngites<\/strong>, ou encore les <strong>bronchites<\/strong><\/p>","protected":false},"excerpt":{"rendered":"<p>Vicks Vaporub est un m\u00e9dicament sous forme de pommade qui vise \u00e0 d\u00e9congestionner les voies respiratoires en cas de toux,&#8230;<\/p>","protected":false},"featured_media":389,"comment_status":"open","ping_status":"closed","template":"","meta":{"_joinchat":[]},"product_brand":[],"product_cat":[53],"product_tag":[54],"class_list":{"0":"post-420","1":"product","2":"type-product","3":"status-publish","4":"has-post-thumbnail","6":"product_cat-pharmaceutiques","7":"product_tag-vicks-vaporrub","9":"first","10":"outofstock","11":"shipping-taxable","12":"purchasable","13":"product-type-simple"},"jetpack_sharing_enabled":true,"_links":{"self":[{"href":"https:\/\/olympiaboutique.com\/en\/wp-json\/wp\/v2\/product\/420","targetHints":{"allow":["GET"]}}],"collection":[{"href":"https:\/\/olympiaboutique.com\/en\/wp-json\/wp\/v2\/product"}],"about":[{"href":"https:\/\/olympiaboutique.com\/en\/wp-json\/wp\/v2\/types\/product"}],"replies":[{"embeddable":true,"href":"https:\/\/olympiaboutique.com\/en\/wp-json\/wp\/v2\/comments?post=420"}],"wp:featuredmedia":[{"embeddable":true,"href":"https:\/\/olympiaboutique.com\/en\/wp-json\/wp\/v2\/media\/389"}],"wp:attachment":[{"href":"https:\/\/olympiaboutique.com\/en\/wp-json\/wp\/v2\/media?parent=420"}],"wp:term":[{"taxonomy":"product_brand","embeddable":true,"href":"https:\/\/olympiaboutique.com\/en\/wp-json\/wp\/v2\/product_brand?post=420"},{"taxonomy":"product_cat","embeddable":true,"href":"https:\/\/olympiaboutique.com\/en\/wp-json\/wp\/v2\/product_cat?post=420"},{"taxonomy":"product_tag","embeddable":true,"href":"https:\/\/olympiaboutique.com\/en\/wp-json\/wp\/v2\/product_tag?post=420"}],"curies":[{"name":"wp","href":"https:\/\/api.w.org\/{rel}","templated":true}]}}