{"id":419,"date":"2023-10-07T15:22:24","date_gmt":"2023-10-07T15:22:24","guid":{"rendered":"https:\/\/olympiaboutique.com\/?post_type=product&#038;p=419"},"modified":"2025-12-01T04:17:40","modified_gmt":"2025-12-01T04:17:40","slug":"neocell-super-collagen-2","status":"publish","type":"product","link":"https:\/\/olympiaboutique.com\/en\/product\/neocell-super-collagen-2\/","title":{"rendered":"NEOCELL Super Collagen+Vitamin C &#038; Biotin Compl\u00e9ment Alimentaire, 360 comprim\u00e9s"},"content":{"rendered":"<p>Le collag\u00e8ne de type 1 et 3 fournit des acides amin\u00e9s sp\u00e9cifiques n\u00e9cessaires pour reconstituer l\u2019approvisionnement en collag\u00e8ne du corps. Aide \u00e0 minimiser les rides et ridules et am\u00e9liore l\u2019\u00e9lasticit\u00e9 de la peau. Soutient la matrice osseuse. Corrige les ongles faibles et endommag\u00e9s. \u00c9paissit les cheveux fins. R\u00e9pare les tissus conjonctifs pour une meilleure \u00e9lasticit\u00e9. Am\u00e9liore la circulation, favorise la cicatrisation des plaies. La glycine renforce la masse musculaire maigre pour aider \u00e0 br\u00fbler les graisses pendant le sommeil. Soutient les ligaments et les tendons.<\/p>\n<p>Mode d\u2019utilisation\u00a0: Il suffit de prendre trois comprim\u00e9s deux fois par jour<\/p>","protected":false},"excerpt":{"rendered":"<ul>\n<li><strong>Bienfaits<\/strong><\/li>\n<li>Nombres de G\u00e9lules : 360 g\u00e9lules<\/li>\n<li>Formule anti-\u00e2ge<\/li>\n<li>Favorise des cheveux brillants.<\/li>\n<li>Une peau jeune<\/li>\n<li>Sans gluten<\/li>\n<li>Am\u00e9liore l\u2019\u00e9lasticit\u00e9 de la peau<\/li>\n<li>Soutient la matrice osseuse<\/li>\n<li>Corrige les ongles faibles et endommag\u00e9s<\/li>\n<li>\u00c9paissit les cheveux fins<\/li>\n<li>R\u00e9pare les tissus conjonctifs pour une meilleure \u00e9lasticit\u00e9<\/li>\n<li>fournit des acides amin\u00e9s<\/li>\n<\/ul>","protected":false},"featured_media":388,"comment_status":"open","ping_status":"closed","template":"","meta":{"_joinchat":[]},"product_brand":[],"product_cat":[17],"product_tag":[52],"class_list":{"0":"post-419","1":"product","2":"type-product","3":"status-publish","4":"has-post-thumbnail","6":"product_cat-vitamines","7":"product_tag-super-collagene-biotine","9":"first","10":"outofstock","11":"shipping-taxable","12":"purchasable","13":"product-type-simple"},"jetpack_sharing_enabled":true,"_links":{"self":[{"href":"https:\/\/olympiaboutique.com\/en\/wp-json\/wp\/v2\/product\/419","targetHints":{"allow":["GET"]}}],"collection":[{"href":"https:\/\/olympiaboutique.com\/en\/wp-json\/wp\/v2\/product"}],"about":[{"href":"https:\/\/olympiaboutique.com\/en\/wp-json\/wp\/v2\/types\/product"}],"replies":[{"embeddable":true,"href":"https:\/\/olympiaboutique.com\/en\/wp-json\/wp\/v2\/comments?post=419"}],"wp:featuredmedia":[{"embeddable":true,"href":"https:\/\/olympiaboutique.com\/en\/wp-json\/wp\/v2\/media\/388"}],"wp:attachment":[{"href":"https:\/\/olympiaboutique.com\/en\/wp-json\/wp\/v2\/media?parent=419"}],"wp:term":[{"taxonomy":"product_brand","embeddable":true,"href":"https:\/\/olympiaboutique.com\/en\/wp-json\/wp\/v2\/product_brand?post=419"},{"taxonomy":"product_cat","embeddable":true,"href":"https:\/\/olympiaboutique.com\/en\/wp-json\/wp\/v2\/product_cat?post=419"},{"taxonomy":"product_tag","embeddable":true,"href":"https:\/\/olympiaboutique.com\/en\/wp-json\/wp\/v2\/product_tag?post=419"}],"curies":[{"name":"wp","href":"https:\/\/api.w.org\/{rel}","templated":true}]}}