{"id":418,"date":"2023-10-07T15:15:05","date_gmt":"2023-10-07T15:15:05","guid":{"rendered":"https:\/\/olympiaboutique.com\/?post_type=product&#038;p=418"},"modified":"2025-12-01T04:17:40","modified_gmt":"2025-12-01T04:17:40","slug":"neocell-super-collagen","status":"publish","type":"product","link":"https:\/\/olympiaboutique.com\/en\/product\/neocell-super-collagen\/","title":{"rendered":"Neocell Super Collagen Peptides en Poudre &#8211; 150g"},"content":{"rendered":"<ul>\n<li><strong>Mode d\u2019utilisation : Il suffit de prendre trois comprim\u00e9s deux fois par jour<\/strong><\/li>\n<\/ul>\n<p>&nbsp;<\/p>","protected":false},"excerpt":{"rendered":"<p><strong>Bienfaits : <\/strong>Nourrissez votre peau de l\u2019int\u00e9rieur gr\u00e2ce au suppl\u00e9ment poudre de peptides de Super Collag\u00e8ne<\/p>\n<ul>\n<li>Aide \u00e0 la formation de collag\u00e8ne pour des cheveux, une peau et des ongles d\u2019apparence saine.<\/li>\n<li>Contribue \u00e0 la formation et au maintien des os et des dents.<\/li>\n<li>Ne contient pas\u00a0: Soja, bl\u00e9, lactose, amidon, levure et ar\u00f4mes artificiels. Ne contient pas de gluten ni d\u2019OGM<\/li>\n<\/ul>","protected":false},"featured_media":387,"comment_status":"open","ping_status":"closed","template":"","meta":{"_joinchat":[]},"product_brand":[],"product_cat":[17],"product_tag":[51],"class_list":{"0":"post-418","1":"product","2":"type-product","3":"status-publish","4":"has-post-thumbnail","6":"product_cat-vitamines","7":"product_tag-neocell-super-collagen","9":"first","10":"outofstock","11":"shipping-taxable","12":"purchasable","13":"product-type-simple"},"jetpack_sharing_enabled":true,"_links":{"self":[{"href":"https:\/\/olympiaboutique.com\/en\/wp-json\/wp\/v2\/product\/418","targetHints":{"allow":["GET"]}}],"collection":[{"href":"https:\/\/olympiaboutique.com\/en\/wp-json\/wp\/v2\/product"}],"about":[{"href":"https:\/\/olympiaboutique.com\/en\/wp-json\/wp\/v2\/types\/product"}],"replies":[{"embeddable":true,"href":"https:\/\/olympiaboutique.com\/en\/wp-json\/wp\/v2\/comments?post=418"}],"wp:featuredmedia":[{"embeddable":true,"href":"https:\/\/olympiaboutique.com\/en\/wp-json\/wp\/v2\/media\/387"}],"wp:attachment":[{"href":"https:\/\/olympiaboutique.com\/en\/wp-json\/wp\/v2\/media?parent=418"}],"wp:term":[{"taxonomy":"product_brand","embeddable":true,"href":"https:\/\/olympiaboutique.com\/en\/wp-json\/wp\/v2\/product_brand?post=418"},{"taxonomy":"product_cat","embeddable":true,"href":"https:\/\/olympiaboutique.com\/en\/wp-json\/wp\/v2\/product_cat?post=418"},{"taxonomy":"product_tag","embeddable":true,"href":"https:\/\/olympiaboutique.com\/en\/wp-json\/wp\/v2\/product_tag?post=418"}],"curies":[{"name":"wp","href":"https:\/\/api.w.org\/{rel}","templated":true}]}}