{"id":417,"date":"2023-10-07T15:06:29","date_gmt":"2023-10-07T15:06:29","guid":{"rendered":"https:\/\/olympiaboutique.com\/?post_type=product&#038;p=417"},"modified":"2025-12-01T04:17:40","modified_gmt":"2025-12-01T04:17:40","slug":"green-tea","status":"publish","type":"product","link":"https:\/\/olympiaboutique.com\/en\/product\/green-tea\/","title":{"rendered":"Green tea, Br\u00fbleur de graisse au th\u00e9 vert, 200 g\u00e9lules liquides"},"content":{"rendered":"<p>Ce produit a \u00e9t\u00e9 formul\u00e9 pour fournir une forme hautement concentr\u00e9e d\u2019extrait de th\u00e9 vert combin\u00e9 avec de la caf\u00e9ine qui, tout en ne faisant pas litt\u00e9ralement \u00ab fondre \u00bb les graisses du corps, a \u00e9t\u00e9 montr\u00e9 pour\u00a0: Augmenter la combustion des calories (thermogen\u00e8se).<\/p>\n<p><b><span style=\"\"> Conseil d\u2019utilisation : 1 g\u00e9lule matin et midi, au milieu du repas, avec un grand verre d\u2019eau.<\/span><\/b><\/p>","protected":false},"excerpt":{"rendered":"<p><strong>Bienfaits<\/strong><\/p>\n<ul>\n<li>Augmenter la combustion des calories (thermogen\u00e8se)<\/li>\n<li>Boostez votre capacit\u00e9 \u00e0 br\u00fbler les graisses (oxydation des graisses)<\/li>\n<li>Fournit une protection antioxydante puissante<br \/>\nLorsqu\u2019il est utilis\u00e9 en conjonction avec un r\u00e9gime hypocalorique et de l\u2019exercice, ce produit peut vous aider \u00e0 atteindre vos objectifs de perte de poids.<br \/>\nExtrait de th\u00e9 vert, il fournit un large \u00e9ventail de nutriments b\u00e9n\u00e9fiques pour la sant\u00e9, y compris des niveaux sup\u00e9rieurs d\u2019EGCG.<\/li>\n<\/ul>","protected":false},"featured_media":1295,"comment_status":"open","ping_status":"closed","template":"","meta":{"_joinchat":[]},"product_brand":[],"product_cat":[17],"product_tag":[50],"class_list":{"0":"post-417","1":"product","2":"type-product","3":"status-publish","4":"has-post-thumbnail","6":"product_cat-vitamines","7":"product_tag-green-tea","9":"first","10":"outofstock","11":"shipping-taxable","12":"purchasable","13":"product-type-simple"},"jetpack_sharing_enabled":true,"_links":{"self":[{"href":"https:\/\/olympiaboutique.com\/en\/wp-json\/wp\/v2\/product\/417","targetHints":{"allow":["GET"]}}],"collection":[{"href":"https:\/\/olympiaboutique.com\/en\/wp-json\/wp\/v2\/product"}],"about":[{"href":"https:\/\/olympiaboutique.com\/en\/wp-json\/wp\/v2\/types\/product"}],"replies":[{"embeddable":true,"href":"https:\/\/olympiaboutique.com\/en\/wp-json\/wp\/v2\/comments?post=417"}],"wp:featuredmedia":[{"embeddable":true,"href":"https:\/\/olympiaboutique.com\/en\/wp-json\/wp\/v2\/media\/1295"}],"wp:attachment":[{"href":"https:\/\/olympiaboutique.com\/en\/wp-json\/wp\/v2\/media?parent=417"}],"wp:term":[{"taxonomy":"product_brand","embeddable":true,"href":"https:\/\/olympiaboutique.com\/en\/wp-json\/wp\/v2\/product_brand?post=417"},{"taxonomy":"product_cat","embeddable":true,"href":"https:\/\/olympiaboutique.com\/en\/wp-json\/wp\/v2\/product_cat?post=417"},{"taxonomy":"product_tag","embeddable":true,"href":"https:\/\/olympiaboutique.com\/en\/wp-json\/wp\/v2\/product_tag?post=417"}],"curies":[{"name":"wp","href":"https:\/\/api.w.org\/{rel}","templated":true}]}}