{"id":415,"date":"2023-10-07T14:53:36","date_gmt":"2023-10-07T14:53:36","guid":{"rendered":"https:\/\/olympiaboutique.com\/?post_type=product&#038;p=415"},"modified":"2026-02-20T22:40:50","modified_gmt":"2026-02-20T22:40:50","slug":"one-a-day","status":"publish","type":"product","link":"https:\/\/olympiaboutique.com\/en\/product\/one-a-day\/","title":{"rendered":"One A Day Multivitamines pour hommes 50 ans+ | 300 comprimes"},"content":{"rendered":"<p>One-a-day, n\u2019est pas une simple multi-vitamine. C\u2019est un compl\u00e9ment alimentaire polyvalent contenant des vitamines et min\u00e9raux essentiels. Il contribue au bon fonctionnement du syst\u00e8me immunitaire par les vitamines qu\u2019il contient.<\/p>\n<p><strong>Mode d\u2019emploi pour les adultes<\/strong> : Prendre un comprim\u00e9 par jour avec de la nourriture, quelques heures avant ou apr\u00e8s d\u2019autres m\u00e9dicaments ou produits de sant\u00e9 naturels.<\/p>","protected":false},"excerpt":{"rendered":"<p><strong>Bienfaits<\/strong><\/p>\n<p>Les multivitamines en comprim\u00e9s compl\u00e8tes\u00a0<strong>One A Day<sup>\u00ae<\/sup>\u00a0pour hommes<\/strong>\u00a0sont con\u00e7ues sp\u00e9cialement pour soutenir la sant\u00e9 du c\u0153ur, du syst\u00e8me immunitaire, des os, des yeux et de la fonction musculaire, et le m\u00e9tabolisme \u00e9nerg\u00e9tique.<\/p>\n<ul>\n<li>Soutien nutritionnel pour 6\u00a0fonctions vitales cl\u00e9s<\/li>\n<li>Compl\u00e9ment multivitamin\u00e9\/multimin\u00e9ral<\/li>\n<li>Un m\u00e9tabolisme \u00e9nerg\u00e9tique sain avec des vitamines B<\/li>\n<li>La sant\u00e9 cardiaque\u2020 avec de l\u2019acide folique, des vitamines B6 et B12<\/li>\n<li>La sant\u00e9 immunitaire gr\u00e2ce aux vitamines\u00a0A, C, D, E, au s\u00e9l\u00e9nium et au zinc<\/li>\n<li>Une fonction musculaire saine gr\u00e2ce \u00e0 la vitamine\u00a0D<\/li>\n<li>La sant\u00e9 cellulaire gr\u00e2ce aux vitamines\u00a0A, C et E<\/li>\n<li>Une tension art\u00e9rielle saine\u2020\u2020 gr\u00e2ce \u00e0 la vitamine\u00a0D et au magn\u00e9sium<\/li>\n<\/ul>","protected":false},"featured_media":2870,"comment_status":"open","ping_status":"closed","template":"","meta":{"_joinchat":[]},"product_brand":[],"product_cat":[17],"product_tag":[49],"class_list":{"0":"post-415","1":"product","2":"type-product","3":"status-publish","4":"has-post-thumbnail","6":"product_cat-vitamines","7":"product_tag-one-a-day","9":"first","10":"outofstock","11":"shipping-taxable","12":"purchasable","13":"product-type-simple"},"jetpack_sharing_enabled":true,"_links":{"self":[{"href":"https:\/\/olympiaboutique.com\/en\/wp-json\/wp\/v2\/product\/415","targetHints":{"allow":["GET"]}}],"collection":[{"href":"https:\/\/olympiaboutique.com\/en\/wp-json\/wp\/v2\/product"}],"about":[{"href":"https:\/\/olympiaboutique.com\/en\/wp-json\/wp\/v2\/types\/product"}],"replies":[{"embeddable":true,"href":"https:\/\/olympiaboutique.com\/en\/wp-json\/wp\/v2\/comments?post=415"}],"wp:featuredmedia":[{"embeddable":true,"href":"https:\/\/olympiaboutique.com\/en\/wp-json\/wp\/v2\/media\/2870"}],"wp:attachment":[{"href":"https:\/\/olympiaboutique.com\/en\/wp-json\/wp\/v2\/media?parent=415"}],"wp:term":[{"taxonomy":"product_brand","embeddable":true,"href":"https:\/\/olympiaboutique.com\/en\/wp-json\/wp\/v2\/product_brand?post=415"},{"taxonomy":"product_cat","embeddable":true,"href":"https:\/\/olympiaboutique.com\/en\/wp-json\/wp\/v2\/product_cat?post=415"},{"taxonomy":"product_tag","embeddable":true,"href":"https:\/\/olympiaboutique.com\/en\/wp-json\/wp\/v2\/product_tag?post=415"}],"curies":[{"name":"wp","href":"https:\/\/api.w.org\/{rel}","templated":true}]}}