{"id":381,"date":"2023-10-07T13:05:48","date_gmt":"2023-10-07T13:05:48","guid":{"rendered":"https:\/\/olympiaboutique.com\/?post_type=product&#038;p=381"},"modified":"2026-04-09T19:48:53","modified_gmt":"2026-04-09T19:48:53","slug":"ashwagandha","status":"publish","type":"product","link":"https:\/\/olympiaboutique.com\/en\/product\/ashwagandha\/","title":{"rendered":"Youtheory Ashwagandha Capsules V\u00e9g\u00e9tariennes Net Wt 150 Count"},"content":{"rendered":"<p>L\u2019Ashwagandha, Withania somnifera, \u00e9galement connu sous le nom de Ginseng indien, est une plante originaire d\u2019Inde, traditionnellement utilis\u00e9e en m\u00e9decine Ayurv\u00e9dique depuis plus de 3000 ans. C\u2019est une plante adaptog\u00e8ne en raison de ses multiples vertus. Elle contribue \u00e0 l\u2019\u00e9quilibre \u00e9motionnel et au bien-\u00eatre g\u00e9n\u00e9ral.<\/p>\n<p><b><span style=\"\">Conseil d\u2019utilisation :La posologie quotidienne recommand\u00e9e est de deux capsules par jour<\/span><\/b><span style=\"\">. Mais pour des r\u00e9sultats plus personnalis\u00e9s, commencer avec une capsule par jour et augmenter lentement (en ajoutant une capsule suppl\u00e9mentaire par jour selon vos besoins) jusqu\u2019\u00e0 ce que vous sentiez que les effets vous conviennent.<\/span><\/p>","protected":false},"excerpt":{"rendered":"<p><strong>Bienfaits<\/strong><\/p>\n<ul>\n<li>150 comprim\u00e9s<\/li>\n<li>R\u00e9duit le stress et am\u00e9liore votre humeur<\/li>\n<li>Compl\u00e9ment alimentaire<\/li>\n<li>Aide \u00e0 maintenir des taux de cortisol sains<\/li>\n<li>Augmente les performances mentales et physiques<\/li>\n<\/ul>\n<p>L\u2019ashwagandha est l\u2019antidote de la nature pour lutter contre le stress moderne. Cette plante adaptog\u00e8ne \u00e9prouv\u00e9e am\u00e9liore consid\u00e9rablement la r\u00e9action de l\u2019organisme face aux facteurs de stress physique et mental, tout en stimulant l\u2019endurance, la sant\u00e9 cognitive et le bien-\u00eatre g\u00e9n\u00e9ral.<\/p>","protected":false},"featured_media":370,"comment_status":"open","ping_status":"closed","template":"","meta":{"_joinchat":[]},"product_brand":[],"product_cat":[17],"product_tag":[46],"class_list":{"0":"post-381","1":"product","2":"type-product","3":"status-publish","4":"has-post-thumbnail","6":"product_cat-vitamines","7":"product_tag-ashwagandha","9":"first","10":"outofstock","11":"shipping-taxable","12":"purchasable","13":"product-type-simple"},"jetpack_sharing_enabled":true,"_links":{"self":[{"href":"https:\/\/olympiaboutique.com\/en\/wp-json\/wp\/v2\/product\/381","targetHints":{"allow":["GET"]}}],"collection":[{"href":"https:\/\/olympiaboutique.com\/en\/wp-json\/wp\/v2\/product"}],"about":[{"href":"https:\/\/olympiaboutique.com\/en\/wp-json\/wp\/v2\/types\/product"}],"replies":[{"embeddable":true,"href":"https:\/\/olympiaboutique.com\/en\/wp-json\/wp\/v2\/comments?post=381"}],"wp:featuredmedia":[{"embeddable":true,"href":"https:\/\/olympiaboutique.com\/en\/wp-json\/wp\/v2\/media\/370"}],"wp:attachment":[{"href":"https:\/\/olympiaboutique.com\/en\/wp-json\/wp\/v2\/media?parent=381"}],"wp:term":[{"taxonomy":"product_brand","embeddable":true,"href":"https:\/\/olympiaboutique.com\/en\/wp-json\/wp\/v2\/product_brand?post=381"},{"taxonomy":"product_cat","embeddable":true,"href":"https:\/\/olympiaboutique.com\/en\/wp-json\/wp\/v2\/product_cat?post=381"},{"taxonomy":"product_tag","embeddable":true,"href":"https:\/\/olympiaboutique.com\/en\/wp-json\/wp\/v2\/product_tag?post=381"}],"curies":[{"name":"wp","href":"https:\/\/api.w.org\/{rel}","templated":true}]}}