{"id":380,"date":"2023-10-07T12:48:57","date_gmt":"2023-10-07T12:48:57","guid":{"rendered":"https:\/\/olympiaboutique.com\/?post_type=product&#038;p=380"},"modified":"2026-04-09T19:49:29","modified_gmt":"2026-04-09T19:49:29","slug":"gummies-hairskin-nails","status":"publish","type":"product","link":"https:\/\/olympiaboutique.com\/en\/product\/gummies-hairskin-nails\/","title":{"rendered":"Nature\u2019s Bounty Hair, Skin &#038; Nails, Vitamin C, 80 gummies"},"content":{"rendered":"<p>Cheveux, Peau et Ongles<br \/>\nLes Gummies de Nature\u2019s Bounty\u00ae vous fournissent les nutriments essentiels dont votre corps a besoin pour soutenir votre beaut\u00e9 naturelle de l\u2019int\u00e9rieur.<br \/>\nLa vitamine E et la vitamine C sont des antioxydants<br \/>\nLa vitamine E contribue \u00e0 la sant\u00e9 de la peau et la vitamine C participe \u00e0 la production et \u00e0 la formation du collag\u00e8ne, qui forme la base d\u2019une peau \u00e9clatante.<br \/>\nD\u00e9licieuces gommes \u00e0 la fraise<br \/>\nNutriments pour la peau et les cheveux avec antioxydants Vitamine C et E<br \/>\nFabriqu\u00e9 avec des couleurs et des ar\u00f4mes naturels<br \/>\nSans ar\u00f4me artificiel, sans lait, sans lactose, sans soja, sans gluten, sans bl\u00e9, sans levure, sans poisson. Sans sodium.<br \/>\nLa variation de couleur naturelle est normale et n\u2019affecte pas la qualit\u00e9 du produit.<\/p>","protected":false},"excerpt":{"rendered":"<p><strong>Bienfaits<\/strong><\/p>\n<p>Les Gummies de Nature\u2019s Bounty\u00ae vous fournissent les nutriments essentiels dont votre corps a besoin pour soutenir votre beaut\u00e9 naturelle de l\u2019int\u00e9rieur. La vitamine E contribue \u00e0 la sant\u00e9 de la peau et la vitamine C participe \u00e0 la production et \u00e0 la formation du collag\u00e8ne, qui forme la base d\u2019une peau \u00e9clatante.<\/p>","protected":false},"featured_media":3518,"comment_status":"open","ping_status":"closed","template":"","meta":{"_joinchat":[]},"product_brand":[],"product_cat":[17],"product_tag":[45],"class_list":{"0":"post-380","1":"product","2":"type-product","3":"status-publish","4":"has-post-thumbnail","6":"product_cat-vitamines","7":"product_tag-gummies","9":"first","10":"outofstock","11":"sale","12":"shipping-taxable","13":"purchasable","14":"product-type-simple"},"jetpack_sharing_enabled":true,"_links":{"self":[{"href":"https:\/\/olympiaboutique.com\/en\/wp-json\/wp\/v2\/product\/380","targetHints":{"allow":["GET"]}}],"collection":[{"href":"https:\/\/olympiaboutique.com\/en\/wp-json\/wp\/v2\/product"}],"about":[{"href":"https:\/\/olympiaboutique.com\/en\/wp-json\/wp\/v2\/types\/product"}],"replies":[{"embeddable":true,"href":"https:\/\/olympiaboutique.com\/en\/wp-json\/wp\/v2\/comments?post=380"}],"wp:featuredmedia":[{"embeddable":true,"href":"https:\/\/olympiaboutique.com\/en\/wp-json\/wp\/v2\/media\/3518"}],"wp:attachment":[{"href":"https:\/\/olympiaboutique.com\/en\/wp-json\/wp\/v2\/media?parent=380"}],"wp:term":[{"taxonomy":"product_brand","embeddable":true,"href":"https:\/\/olympiaboutique.com\/en\/wp-json\/wp\/v2\/product_brand?post=380"},{"taxonomy":"product_cat","embeddable":true,"href":"https:\/\/olympiaboutique.com\/en\/wp-json\/wp\/v2\/product_cat?post=380"},{"taxonomy":"product_tag","embeddable":true,"href":"https:\/\/olympiaboutique.com\/en\/wp-json\/wp\/v2\/product_tag?post=380"}],"curies":[{"name":"wp","href":"https:\/\/api.w.org\/{rel}","templated":true}]}}