{"id":378,"date":"2023-10-07T12:18:21","date_gmt":"2023-10-07T12:18:21","guid":{"rendered":"https:\/\/olympiaboutique.com\/?post_type=product&#038;p=378"},"modified":"2025-12-01T04:17:40","modified_gmt":"2025-12-01T04:17:40","slug":"cerave","status":"publish","type":"product","link":"https:\/\/olympiaboutique.com\/en\/product\/cerave\/","title":{"rendered":"CeraVe Nettoyant hydratant pour le visage aux c\u00e9ramides et \u00e0 l\u2019acide hyaluronique, 355 ml"},"content":{"rendered":"<p>Le nettoyant hydratant CeraVe a \u00e9t\u00e9 con\u00e7u pour nettoyer et rafra\u00eechir la peau sans trop la d\u00e9caper ou la laisser tendue et s\u00e8che. Contenant de l\u2019acide hyaluronique pour hydrater la peau et 3 c\u00e9ramides essentiels qui travaillent ensemble pour retenir l\u2019hydratation de la peau et aider \u00e0 restaurer la barri\u00e8re protectrice de votre peau.<\/p>\n<p>Une lotion nettoyante hydratante et apaisante pour le visage pour les peaux normales \u00e0 s\u00e8ches du visage et du corps. Cette lotion sans savon et non moussante \u00e9limine en douceur la salet\u00e9 et l\u2019huile tout en augmentant l\u2019hydratation de la peau apr\u00e8s une seule utilisation.<\/p>\n<p>&nbsp;<\/p>","protected":false},"excerpt":{"rendered":"<p>Convient aux peaux normales \u00e0 s\u00e8ches.<br \/>\nNettoie et hydrate.<br \/>\nSans parfum, sans savon et hypoallerg\u00e9nique.<br \/>\nAvec 3 c\u00e9ramides essentiels pour prot\u00e9ger la barri\u00e8re naturelle de la peau<br \/>\nUtilisation recommand\u00e9e en conjonction avec la cr\u00e8me hydratante CeraVe<\/p>","protected":false},"featured_media":365,"comment_status":"open","ping_status":"closed","template":"","meta":{"_joinchat":[]},"product_brand":[],"product_cat":[22],"product_tag":[43],"class_list":{"0":"post-378","1":"product","2":"type-product","3":"status-publish","4":"has-post-thumbnail","6":"product_cat-skincare","7":"product_tag-cerave-hydrating-facial","9":"first","10":"outofstock","11":"shipping-taxable","12":"purchasable","13":"product-type-simple"},"jetpack_sharing_enabled":true,"_links":{"self":[{"href":"https:\/\/olympiaboutique.com\/en\/wp-json\/wp\/v2\/product\/378","targetHints":{"allow":["GET"]}}],"collection":[{"href":"https:\/\/olympiaboutique.com\/en\/wp-json\/wp\/v2\/product"}],"about":[{"href":"https:\/\/olympiaboutique.com\/en\/wp-json\/wp\/v2\/types\/product"}],"replies":[{"embeddable":true,"href":"https:\/\/olympiaboutique.com\/en\/wp-json\/wp\/v2\/comments?post=378"}],"wp:featuredmedia":[{"embeddable":true,"href":"https:\/\/olympiaboutique.com\/en\/wp-json\/wp\/v2\/media\/365"}],"wp:attachment":[{"href":"https:\/\/olympiaboutique.com\/en\/wp-json\/wp\/v2\/media?parent=378"}],"wp:term":[{"taxonomy":"product_brand","embeddable":true,"href":"https:\/\/olympiaboutique.com\/en\/wp-json\/wp\/v2\/product_brand?post=378"},{"taxonomy":"product_cat","embeddable":true,"href":"https:\/\/olympiaboutique.com\/en\/wp-json\/wp\/v2\/product_cat?post=378"},{"taxonomy":"product_tag","embeddable":true,"href":"https:\/\/olympiaboutique.com\/en\/wp-json\/wp\/v2\/product_tag?post=378"}],"curies":[{"name":"wp","href":"https:\/\/api.w.org\/{rel}","templated":true}]}}