{"id":376,"date":"2023-10-07T12:04:54","date_gmt":"2023-10-07T12:04:54","guid":{"rendered":"https:\/\/olympiaboutique.com\/?post_type=product&#038;p=376"},"modified":"2025-12-03T15:48:33","modified_gmt":"2025-12-03T15:48:33","slug":"maca","status":"publish","type":"product","link":"https:\/\/olympiaboutique.com\/en\/product\/maca\/","title":{"rendered":"Racine de Maca Bio Noir, Rouge, Jaune 1900 MG par portion &#8211; 150 Capsules 100% pure"},"content":{"rendered":"<p>100% pure maca biologique p\u00e9ruvienne de haute qualit\u00e9 avec le m\u00e9lange parfait de maca biologique noire, maca biologique rouge et maca biologique jaune. G\u00e9latinis\u00e9 pour faciliter la digestion et la biodisponibilit\u00e9, trait\u00e9 sous pression afin d\u2019\u00e9liminer tout contenu starcthth. Ce m\u00e9lange fournit 1900 mg par portion, ce qui est le plus \u00e9lev\u00e9 disponible sur le march\u00e9. Les 150 capsules v\u00e9g\u00e9taliennes se dissolvent rapidement, ne contiennent pas de g\u00e9latine et sont nettement mieux absorb\u00e9es.<\/p>\n<p>D\u2019abord utilis\u00e9 pour sa valeur nutritionnelle, Maca est \u00e9galement r\u00e9put\u00e9 en m\u00e9decine traditionnelle p\u00e9ruvienne pour avoir de nombreuses vertus\u00a0: soulager les troubles de la sexualit\u00e9 et de la procr\u00e9ation, l\u2019an\u00e9mie, les douleurs articulaires ou encore la d\u00e9pression<\/p>","protected":false},"excerpt":{"rendered":"<h4>Bienfaits<\/h4>\n<ul>\n<li class=\"title h1 mb-2\">\u00a0Prend en charge la sant\u00e9 g\u00e9n\u00e9sique, \u00e9nergiseur naturel<\/li>\n<li>Elle est traditionnellement utilis\u00e9e pour favoriser la libido et la fertilit\u00e9 (augmentation de la production de spermatozo\u00efdes et de leur motilit\u00e9).<\/li>\n<li>Elle est recommand\u00e9e au moment de la m\u00e9nopause, pour en limiter les d\u00e9sagr\u00e9ments (ex : bouff\u00e9es de chaleur).<\/li>\n<li>Elle favorise la bonne humeur.<\/li>\n<li>Elle poss\u00e8de des propri\u00e9t\u00e9s stimulantes et \u00e9nergisantes, aussi bien au niveau physique (performances sportives) qu\u2019intellectuel (apprentissage facilit\u00e9 et entretien de la m\u00e9moire), gr\u00e2ce \u00e0 sa richesse en prot\u00e9ines, en vitamine C, en fer et en compos\u00e9s bioactifs uniques.<\/li>\n<li>Elle peut \u00eatre qualifi\u00e9e de plante adaptog\u00e8ne, car elle permet de mieux r\u00e9sister au stress.<\/li>\n<li>Elle r\u00e9duirait le taux de glucose.<\/li>\n<\/ul>\n<p><b><span>Conseil d\u2019utilisation :Prendre 4 \u00e0 5 g\u00e9lules par jour au moment des repas, avec un verre d\u2019eau<\/span><\/b>. On peut utiliser la maca en cure de 3 semaines. Compl\u00e9ment alimentaire, ne peut \u00eatre substitu\u00e9 \u00e0 un r\u00e9gime alimentaire vari\u00e9 et \u00e9quilibr\u00e9.<\/p>","protected":false},"featured_media":362,"comment_status":"open","ping_status":"closed","template":"","meta":{"_joinchat":[]},"product_brand":[],"product_cat":[17],"product_tag":[41],"class_list":{"0":"post-376","1":"product","2":"type-product","3":"status-publish","4":"has-post-thumbnail","6":"product_cat-vitamines","7":"product_tag-maca","9":"first","10":"instock","11":"shipping-taxable","12":"purchasable","13":"product-type-simple"},"jetpack_sharing_enabled":true,"_links":{"self":[{"href":"https:\/\/olympiaboutique.com\/en\/wp-json\/wp\/v2\/product\/376","targetHints":{"allow":["GET"]}}],"collection":[{"href":"https:\/\/olympiaboutique.com\/en\/wp-json\/wp\/v2\/product"}],"about":[{"href":"https:\/\/olympiaboutique.com\/en\/wp-json\/wp\/v2\/types\/product"}],"replies":[{"embeddable":true,"href":"https:\/\/olympiaboutique.com\/en\/wp-json\/wp\/v2\/comments?post=376"}],"wp:featuredmedia":[{"embeddable":true,"href":"https:\/\/olympiaboutique.com\/en\/wp-json\/wp\/v2\/media\/362"}],"wp:attachment":[{"href":"https:\/\/olympiaboutique.com\/en\/wp-json\/wp\/v2\/media?parent=376"}],"wp:term":[{"taxonomy":"product_brand","embeddable":true,"href":"https:\/\/olympiaboutique.com\/en\/wp-json\/wp\/v2\/product_brand?post=376"},{"taxonomy":"product_cat","embeddable":true,"href":"https:\/\/olympiaboutique.com\/en\/wp-json\/wp\/v2\/product_cat?post=376"},{"taxonomy":"product_tag","embeddable":true,"href":"https:\/\/olympiaboutique.com\/en\/wp-json\/wp\/v2\/product_tag?post=376"}],"curies":[{"name":"wp","href":"https:\/\/api.w.org\/{rel}","templated":true}]}}