{"id":375,"date":"2023-10-07T11:48:14","date_gmt":"2023-10-07T11:48:14","guid":{"rendered":"https:\/\/olympiaboutique.com\/?post_type=product&#038;p=375"},"modified":"2026-02-24T20:34:18","modified_gmt":"2026-02-24T20:34:18","slug":"nutricost-fenugreek","status":"publish","type":"product","link":"https:\/\/olympiaboutique.com\/en\/product\/nutricost-fenugreek\/","title":{"rendered":"Nutricost Fenugreek 1350mg &#8211; 240 G\u00e9lules"},"content":{"rendered":"<p>Le fenugrec est une plante annuelle de la famille des Fabaceae, avec des feuilles compos\u00e9es de trois petites folioles obovales \u00e0 oblongues. Il est cultiv\u00e9 dans le monde entier comme une culture semi-aride, et ses graines sont un ingr\u00e9dient commun dans les plats du sous-continent indien. Il est couramment utilis\u00e9 pour une vari\u00e9t\u00e9 d\u2019avantages pour la sant\u00e9.<\/p>\n<p>Sans gluten, sans OGM, 675mg par g\u00e9lule<\/p>\n<p><strong>Mode d\u2019utilisation<\/strong> : <strong>Comme compl\u00e9ment alimentaire, prendre 2 capsules par jour avec 8 \u00e0 12 oz d\u2019eau ou selon les directives de votre m\u00e9decin.<\/strong><\/p>\n<p>&nbsp;<\/p>","protected":false},"excerpt":{"rendered":"<p><strong>Bienfaits<\/strong><\/p>\n<ul>\n<li>Am\u00e9liore la\u00a0digestion, prot\u00e8ge\u00a0l\u2019estomac<\/li>\n<li>Plante ap\u00e9ritive, stimule l\u2019app\u00e9tit\u00a0et favorise la\u00a0prise de poids saine<\/li>\n<li>Contribue \u00e0 la\u00a0r\u00e9gulation\u00a0de la\u00a0glyc\u00e9mie\u00a0et du\u00a0cholest\u00e9rol<\/li>\n<li>R\u00e9gulateur hormonal, aide \u00e0 la\u00a0production de lait\u00a0et \u00e0 la\u00a0r\u00e9cup\u00e9ration\u00a0apr\u00e8s l\u2019accouchement<\/li>\n<li>1350 mg de fenugrec par portion (120 portions)<br \/>\n240 g\u00e9lules de fenugrec par bouteille<\/li>\n<\/ul>","protected":false},"featured_media":361,"comment_status":"open","ping_status":"closed","template":"","meta":{"_joinchat":[]},"product_brand":[],"product_cat":[17],"product_tag":[40],"class_list":{"0":"post-375","1":"product","2":"type-product","3":"status-publish","4":"has-post-thumbnail","6":"product_cat-vitamines","7":"product_tag-fenugrec","9":"first","10":"instock","11":"shipping-taxable","12":"purchasable","13":"product-type-simple"},"jetpack_sharing_enabled":true,"_links":{"self":[{"href":"https:\/\/olympiaboutique.com\/en\/wp-json\/wp\/v2\/product\/375","targetHints":{"allow":["GET"]}}],"collection":[{"href":"https:\/\/olympiaboutique.com\/en\/wp-json\/wp\/v2\/product"}],"about":[{"href":"https:\/\/olympiaboutique.com\/en\/wp-json\/wp\/v2\/types\/product"}],"replies":[{"embeddable":true,"href":"https:\/\/olympiaboutique.com\/en\/wp-json\/wp\/v2\/comments?post=375"}],"wp:featuredmedia":[{"embeddable":true,"href":"https:\/\/olympiaboutique.com\/en\/wp-json\/wp\/v2\/media\/361"}],"wp:attachment":[{"href":"https:\/\/olympiaboutique.com\/en\/wp-json\/wp\/v2\/media?parent=375"}],"wp:term":[{"taxonomy":"product_brand","embeddable":true,"href":"https:\/\/olympiaboutique.com\/en\/wp-json\/wp\/v2\/product_brand?post=375"},{"taxonomy":"product_cat","embeddable":true,"href":"https:\/\/olympiaboutique.com\/en\/wp-json\/wp\/v2\/product_cat?post=375"},{"taxonomy":"product_tag","embeddable":true,"href":"https:\/\/olympiaboutique.com\/en\/wp-json\/wp\/v2\/product_tag?post=375"}],"curies":[{"name":"wp","href":"https:\/\/api.w.org\/{rel}","templated":true}]}}