{"id":374,"date":"2023-10-07T11:33:12","date_gmt":"2023-10-07T11:33:12","guid":{"rendered":"https:\/\/olympiaboutique.com\/?post_type=product&#038;p=374"},"modified":"2025-12-01T04:17:40","modified_gmt":"2025-12-01T04:17:40","slug":"rosemary-leaves","status":"publish","type":"product","link":"https:\/\/olympiaboutique.com\/en\/product\/rosemary-leaves\/","title":{"rendered":"Member&#8217;s Mark, Feuilles de romarin, 241g"},"content":{"rendered":"<p>Le romarin est un arbuste parfum\u00e9 \u00e0 feuilles persistantes avec des feuilles en forme d\u2019aiguilles et des fleurs \u00e0 deux l\u00e8vres, bleu violac\u00e9 et blanches.<\/p>\n<p>Le romarin est l\u2019une des herbes les plus pris\u00e9es utilis\u00e9es en cuisine. Il est utilis\u00e9 pour aromatiser divers plats, sucr\u00e9s et sal\u00e9s, mais est le plus populaire dans les vinaigrettes pour les viandes. Les feuilles ont un go\u00fbt amer qui compl\u00e8te les aliments gras comme l\u2019agneau et les poissons gras.<\/p>","protected":false},"excerpt":{"rendered":"<p>Le romarin est un arbuste parfum\u00e9 \u00e0 feuilles persistantes avec des feuilles en forme d\u2019aiguilles et des fleurs \u00e0 deux&#8230;<\/p>","protected":false},"featured_media":358,"comment_status":"open","ping_status":"closed","template":"","meta":{"_joinchat":[]},"product_brand":[],"product_cat":[20],"product_tag":[39],"class_list":{"0":"post-374","1":"product","2":"type-product","3":"status-publish","4":"has-post-thumbnail","6":"product_cat-epice","7":"product_tag-romarin","9":"first","10":"instock","11":"shipping-taxable","12":"purchasable","13":"product-type-simple"},"jetpack_sharing_enabled":true,"_links":{"self":[{"href":"https:\/\/olympiaboutique.com\/en\/wp-json\/wp\/v2\/product\/374","targetHints":{"allow":["GET"]}}],"collection":[{"href":"https:\/\/olympiaboutique.com\/en\/wp-json\/wp\/v2\/product"}],"about":[{"href":"https:\/\/olympiaboutique.com\/en\/wp-json\/wp\/v2\/types\/product"}],"replies":[{"embeddable":true,"href":"https:\/\/olympiaboutique.com\/en\/wp-json\/wp\/v2\/comments?post=374"}],"wp:featuredmedia":[{"embeddable":true,"href":"https:\/\/olympiaboutique.com\/en\/wp-json\/wp\/v2\/media\/358"}],"wp:attachment":[{"href":"https:\/\/olympiaboutique.com\/en\/wp-json\/wp\/v2\/media?parent=374"}],"wp:term":[{"taxonomy":"product_brand","embeddable":true,"href":"https:\/\/olympiaboutique.com\/en\/wp-json\/wp\/v2\/product_brand?post=374"},{"taxonomy":"product_cat","embeddable":true,"href":"https:\/\/olympiaboutique.com\/en\/wp-json\/wp\/v2\/product_cat?post=374"},{"taxonomy":"product_tag","embeddable":true,"href":"https:\/\/olympiaboutique.com\/en\/wp-json\/wp\/v2\/product_tag?post=374"}],"curies":[{"name":"wp","href":"https:\/\/api.w.org\/{rel}","templated":true}]}}