{"id":372,"date":"2023-10-07T11:10:29","date_gmt":"2023-10-07T11:10:29","guid":{"rendered":"https:\/\/olympiaboutique.com\/?post_type=product&#038;p=372"},"modified":"2025-12-01T04:17:41","modified_gmt":"2025-12-01T04:17:41","slug":"ground-cumin","status":"publish","type":"product","link":"https:\/\/olympiaboutique.com\/en\/product\/ground-cumin\/","title":{"rendered":"Chef\u2019s quality, Cumin moulu, 454g"},"content":{"rendered":"<p>Le cumin a la r\u00e9putation s\u00e9culaire de poss\u00e9der des pouvoirs m\u00e9dicinaux. Les familles qui connaissent ses effets th\u00e9rapeutiques l\u2019utilisent pour r\u00e9gler les probl\u00e8mes digestifs, l\u2019enflure, la fi\u00e8vre et les maladies cardiaques. Les graines de cumin ajoutent des fibres \u00e0 votre repas et poss\u00e8dent des antioxydants et des vitamines qui sont essentiels \u00e0 une bonne sant\u00e9.<\/p>\n<p>&nbsp;<\/p>","protected":false},"excerpt":{"rendered":"<p>Le cumin est connu non seulement pour sa grande saveur culinaire, mais aussi pour ses propri\u00e9t\u00e9s m\u00e9dicinales et est souvent utilis\u00e9 comme une aide digestive efficace.<\/p>","protected":false},"featured_media":356,"comment_status":"open","ping_status":"closed","template":"","meta":{"_joinchat":[]},"product_brand":[],"product_cat":[20],"product_tag":[37],"class_list":{"0":"post-372","1":"product","2":"type-product","3":"status-publish","4":"has-post-thumbnail","6":"product_cat-epice","7":"product_tag-ground-cumin","9":"first","10":"outofstock","11":"shipping-taxable","12":"purchasable","13":"product-type-simple"},"jetpack_sharing_enabled":true,"_links":{"self":[{"href":"https:\/\/olympiaboutique.com\/en\/wp-json\/wp\/v2\/product\/372","targetHints":{"allow":["GET"]}}],"collection":[{"href":"https:\/\/olympiaboutique.com\/en\/wp-json\/wp\/v2\/product"}],"about":[{"href":"https:\/\/olympiaboutique.com\/en\/wp-json\/wp\/v2\/types\/product"}],"replies":[{"embeddable":true,"href":"https:\/\/olympiaboutique.com\/en\/wp-json\/wp\/v2\/comments?post=372"}],"wp:featuredmedia":[{"embeddable":true,"href":"https:\/\/olympiaboutique.com\/en\/wp-json\/wp\/v2\/media\/356"}],"wp:attachment":[{"href":"https:\/\/olympiaboutique.com\/en\/wp-json\/wp\/v2\/media?parent=372"}],"wp:term":[{"taxonomy":"product_brand","embeddable":true,"href":"https:\/\/olympiaboutique.com\/en\/wp-json\/wp\/v2\/product_brand?post=372"},{"taxonomy":"product_cat","embeddable":true,"href":"https:\/\/olympiaboutique.com\/en\/wp-json\/wp\/v2\/product_cat?post=372"},{"taxonomy":"product_tag","embeddable":true,"href":"https:\/\/olympiaboutique.com\/en\/wp-json\/wp\/v2\/product_tag?post=372"}],"curies":[{"name":"wp","href":"https:\/\/api.w.org\/{rel}","templated":true}]}}