{"id":3637,"date":"2026-01-21T22:49:51","date_gmt":"2026-01-21T22:49:51","guid":{"rendered":"https:\/\/olympiaboutique.com\/?post_type=product&#038;p=3637"},"modified":"2026-01-21T22:49:51","modified_gmt":"2026-01-21T22:49:51","slug":"provence-essentials-coil-boost-hair-strengthening-serum-118-ml","status":"publish","type":"product","link":"https:\/\/olympiaboutique.com\/en\/product\/provence-essentials-coil-boost-hair-strengthening-serum-118-ml\/","title":{"rendered":"Provence Essentials, Coil Boost Hair Strengthening Serum-118 ml"},"content":{"rendered":"<ul>\n<li data-start=\"289\" data-end=\"356\">Aide \u00e0 <strong data-start=\"296\" data-end=\"316\">r\u00e9duire la casse<\/strong> et la fragilit\u00e9 des fibres capillaires.<\/li>\n<li data-start=\"357\" data-end=\"419\">\n<p data-start=\"359\" data-end=\"419\">Contribue \u00e0 am\u00e9liorer la r\u00e9sistance des boucles \/ coils.<\/p>\n<\/li>\n<li data-start=\"447\" data-end=\"498\">\n<p data-start=\"449\" data-end=\"498\">Apporte une hydratation l\u00e9g\u00e8re sans alourdir.<\/p>\n<\/li>\n<li data-start=\"499\" data-end=\"541\">\n<p data-start=\"501\" data-end=\"541\">Peut adoucir les cheveux secs ou r\u00eaches.<\/p>\n<\/li>\n<li data-start=\"566\" data-end=\"637\">\n<p data-start=\"568\" data-end=\"637\">Aide \u00e0 d\u00e9finir les boucles\/coils tout en r\u00e9duisant les frisottis.<\/p>\n<\/li>\n<li data-start=\"638\" data-end=\"684\">\n<p data-start=\"640\" data-end=\"684\">Donne un aspect plus brillant et soign\u00e9.<\/p>\n<\/li>\n<\/ul>\n<p data-start=\"686\" data-end=\"713\">\u00a0Ingr\u00e9dients naturels<\/p>\n<ul data-start=\"714\" data-end=\"864\">\n<li data-start=\"714\" data-end=\"793\">\n<p data-start=\"716\" data-end=\"793\">Sans parab\u00e8nes ni sulfates \u2192 g\u00e9n\u00e9ralement plus doux pour le cuir chevelu.<\/p>\n<\/li>\n<li data-start=\"794\" data-end=\"864\">\n<p data-start=\"796\" data-end=\"864\">Souvent vegan et cruelty-free \u2192 bon pour les cheveux et \u00e9thique.<\/p>\n<\/li>\n<\/ul>\n<p data-start=\"866\" data-end=\"919\">\u00a0Convient particuli\u00e8rement aux cheveux textur\u00e9s<\/p>\n<ul data-start=\"920\" data-end=\"1041\">\n<li data-start=\"920\" data-end=\"987\">\n<p data-start=\"922\" data-end=\"987\">Formul\u00e9 pour cheveux boucl\u00e9s, fris\u00e9s ou tr\u00e8s boucl\u00e9s (coily).<\/p>\n<\/li>\n<li data-start=\"988\" data-end=\"1041\">\n<p data-start=\"990\" data-end=\"1041\">Aide \u00e0 maintenir une structure de boucle saine.<\/p>\n<\/li>\n<\/ul>","protected":false},"excerpt":{"rendered":"<p>S\u00e9rum con\u00e7u pour <strong data-start=\"1093\" data-end=\"1157\">fortifier, hydrater l\u00e9g\u00e8rement et sublimer les boucles\/coils<\/strong>, tout en am\u00e9liorant la sant\u00e9 g\u00e9n\u00e9rale des cheveux au fil des utilisations.<\/p>\n<ul>\n<li>Renforce les cheveux<\/li>\n<li>Hydrate et nourrit<\/li>\n<li>\u00a0D\u00e9finit et lisse<\/li>\n<\/ul>","protected":false},"featured_media":3636,"comment_status":"open","ping_status":"closed","template":"","meta":{"_joinchat":[]},"product_brand":[],"product_cat":[109],"product_tag":[406],"class_list":{"0":"post-3637","1":"product","2":"type-product","3":"status-publish","4":"has-post-thumbnail","6":"product_cat-cheveux","7":"product_tag-provence-essentials","9":"first","10":"instock","11":"shipping-taxable","12":"purchasable","13":"product-type-simple"},"jetpack_sharing_enabled":true,"_links":{"self":[{"href":"https:\/\/olympiaboutique.com\/en\/wp-json\/wp\/v2\/product\/3637","targetHints":{"allow":["GET"]}}],"collection":[{"href":"https:\/\/olympiaboutique.com\/en\/wp-json\/wp\/v2\/product"}],"about":[{"href":"https:\/\/olympiaboutique.com\/en\/wp-json\/wp\/v2\/types\/product"}],"replies":[{"embeddable":true,"href":"https:\/\/olympiaboutique.com\/en\/wp-json\/wp\/v2\/comments?post=3637"}],"wp:featuredmedia":[{"embeddable":true,"href":"https:\/\/olympiaboutique.com\/en\/wp-json\/wp\/v2\/media\/3636"}],"wp:attachment":[{"href":"https:\/\/olympiaboutique.com\/en\/wp-json\/wp\/v2\/media?parent=3637"}],"wp:term":[{"taxonomy":"product_brand","embeddable":true,"href":"https:\/\/olympiaboutique.com\/en\/wp-json\/wp\/v2\/product_brand?post=3637"},{"taxonomy":"product_cat","embeddable":true,"href":"https:\/\/olympiaboutique.com\/en\/wp-json\/wp\/v2\/product_cat?post=3637"},{"taxonomy":"product_tag","embeddable":true,"href":"https:\/\/olympiaboutique.com\/en\/wp-json\/wp\/v2\/product_tag?post=3637"}],"curies":[{"name":"wp","href":"https:\/\/api.w.org\/{rel}","templated":true}]}}