{"id":3631,"date":"2026-01-21T22:36:12","date_gmt":"2026-01-21T22:36:12","guid":{"rendered":"https:\/\/olympiaboutique.com\/?post_type=product&#038;p=3631"},"modified":"2026-01-21T22:36:12","modified_gmt":"2026-01-21T22:36:12","slug":"difeel-99-natural-cbd-premium-hair-oil-75-ml","status":"publish","type":"product","link":"https:\/\/olympiaboutique.com\/en\/product\/difeel-99-natural-cbd-premium-hair-oil-75-ml\/","title":{"rendered":"Difeel 99% Natural CBD Premium Hair Oil &#8211; 75 ml"},"content":{"rendered":"<p>Les produits Difeel au CBD (cannabidiol) et au chanvre offrent des bienfaits pour les cheveux en\u00a0<strong class=\"Yjhzub\" data-processed=\"true\">stimulant la pousse<\/strong>, en\u00a0<strong class=\"Yjhzub\" data-processed=\"true\">renfor\u00e7ant la fibre capillaire<\/strong>\u00a0et en\u00a0<strong class=\"Yjhzub\" data-processed=\"true\">nourrissant le cuir chevelu<\/strong>\u00a0gr\u00e2ce aux propri\u00e9t\u00e9s anti-inflammatoires et riches en acides gras du CBD et de l&#8217;huile de chanvre, ce qui r\u00e9duit la chute, apaise les irritations et apporte volume et brillance, id\u00e9al pour cheveux clairsem\u00e9s ou faibles.<span class=\"uJ19be notranslate\" data-wiz-uids=\"B0MAof_e\" data-processed=\"true\"><span class=\"vKEkVd\" data-animation-atomic=\"\" data-wiz-attrbind=\"class=B0MAof_d\/TKHnVd\" data-processed=\"true\">\u00a0<\/span><\/span><\/p>","protected":false},"excerpt":{"rendered":"<ul class=\"KsbFXc U6u95\" data-processed=\"true\">\n<li data-hveid=\"CAMQAA\" data-processed=\"true\"><span class=\"T286Pc\" data-sfc-cp=\"\" data-processed=\"true\"><strong class=\"Yjhzub\" data-processed=\"true\"><a class=\"GI370e\" href=\"https:\/\/www.google.com\/search?q=Croissance+et+%C3%A9paisseur&amp;sca_esv=20541e4f21a9d7f7&amp;biw=1272&amp;bih=588&amp;aic=0&amp;sxsrf=ANbL-n4PkQ2KibX006E-JgrtD0ZlTIjoIw%3A1769034691680&amp;ei=w1NxabGhKaOIxc8PqfG7mAM&amp;ved=2ahUKEwje8IuZ2J2SAxVqOfsDHdTwImIQgK4QegQIAxAB&amp;uact=5&amp;oq=difeel+cbd+bienfaits+cheveux&amp;gs_lp=Egxnd3Mtd2l6LXNlcnAiHGRpZmVlbCBjYmQgYmllbmZhaXRzIGNoZXZldXgyBRAhGKABMgUQIRigATIFECEYoAEyBRAhGKABMgUQIRifBUifFVDTA1iyEnABeAGQAQCYAbUBoAGaCaoBAzAuOLgBA8gBAPgBAZgCCaAC1AnCAgoQABiwAxjWBBhHwgIHECEYoAEYCpgDAIgGAZAGCJIHAzEuOKAH6SWyBwMwLji4B88JwgcFMC4zLjbIByGACAA&amp;sclient=gws-wiz-serp\" data-ved=\"2ahUKEwje8IuZ2J2SAxVqOfsDHdTwImIQgK4QegQIAxAB\" data-hveid=\"CAMQAQ\" data-processed=\"true\">Croissance et \u00e9paisseur<\/a>\u00a0:<\/strong>\u00a0Le CBD et les ingr\u00e9dients comme la biotine (pr\u00e9sents dans la gamme Difeel) nourrissent les follicules pileux, stimulant ainsi une croissance plus dense et plus forte.<\/span><\/li>\n<li data-hveid=\"CAMQAg\" data-processed=\"true\"><span class=\"T286Pc\" data-sfc-cp=\"\" data-processed=\"true\"><strong class=\"Yjhzub\" data-processed=\"true\"><a class=\"GI370e\" href=\"https:\/\/www.google.com\/search?q=Anti-chute&amp;sca_esv=20541e4f21a9d7f7&amp;biw=1272&amp;bih=588&amp;aic=0&amp;sxsrf=ANbL-n4PkQ2KibX006E-JgrtD0ZlTIjoIw%3A1769034691680&amp;ei=w1NxabGhKaOIxc8PqfG7mAM&amp;ved=2ahUKEwje8IuZ2J2SAxVqOfsDHdTwImIQgK4QegQIAxAD&amp;uact=5&amp;oq=difeel+cbd+bienfaits+cheveux&amp;gs_lp=Egxnd3Mtd2l6LXNlcnAiHGRpZmVlbCBjYmQgYmllbmZhaXRzIGNoZXZldXgyBRAhGKABMgUQIRigATIFECEYoAEyBRAhGKABMgUQIRifBUifFVDTA1iyEnABeAGQAQCYAbUBoAGaCaoBAzAuOLgBA8gBAPgBAZgCCaAC1AnCAgoQABiwAxjWBBhHwgIHECEYoAEYCpgDAIgGAZAGCJIHAzEuOKAH6SWyBwMwLji4B88JwgcFMC4zLjbIByGACAA&amp;sclient=gws-wiz-serp\" data-ved=\"2ahUKEwje8IuZ2J2SAxVqOfsDHdTwImIQgK4QegQIAxAD\" data-hveid=\"CAMQAw\" data-processed=\"true\">Anti-chute<\/a>\u00a0:<\/strong>\u00a0En renfor\u00e7ant les racines et en am\u00e9liorant la circulation du cuir chevelu, ils aident \u00e0 pr\u00e9venir la perte de cheveux.<\/span><\/li>\n<li data-hveid=\"CAMQBA\" data-processed=\"true\"><span class=\"T286Pc\" data-sfc-cp=\"\" data-processed=\"true\"><strong class=\"Yjhzub\" data-processed=\"true\"><a class=\"GI370e\" href=\"https:\/\/www.google.com\/search?q=Hydratation+et+nutrition&amp;sca_esv=20541e4f21a9d7f7&amp;biw=1272&amp;bih=588&amp;aic=0&amp;sxsrf=ANbL-n4PkQ2KibX006E-JgrtD0ZlTIjoIw%3A1769034691680&amp;ei=w1NxabGhKaOIxc8PqfG7mAM&amp;ved=2ahUKEwje8IuZ2J2SAxVqOfsDHdTwImIQgK4QegQIAxAF&amp;uact=5&amp;oq=difeel+cbd+bienfaits+cheveux&amp;gs_lp=Egxnd3Mtd2l6LXNlcnAiHGRpZmVlbCBjYmQgYmllbmZhaXRzIGNoZXZldXgyBRAhGKABMgUQIRigATIFECEYoAEyBRAhGKABMgUQIRifBUifFVDTA1iyEnABeAGQAQCYAbUBoAGaCaoBAzAuOLgBA8gBAPgBAZgCCaAC1AnCAgoQABiwAxjWBBhHwgIHECEYoAEYCpgDAIgGAZAGCJIHAzEuOKAH6SWyBwMwLji4B88JwgcFMC4zLjbIByGACAA&amp;sclient=gws-wiz-serp\" data-ved=\"2ahUKEwje8IuZ2J2SAxVqOfsDHdTwImIQgK4QegQIAxAF\" data-hveid=\"CAMQBQ\" data-processed=\"true\">Hydratation et nutrition<\/a>\u00a0:<\/strong>\u00a0Ils apportent hydratation et nutriments essentiels sans alourdir, rendant les cheveux plus souples.<\/span><\/li>\n<li data-hveid=\"CAMQBg\" data-processed=\"true\"><span class=\"T286Pc\" data-sfc-cp=\"\" data-processed=\"true\"><strong class=\"Yjhzub\" data-processed=\"true\"><a class=\"GI370e\" href=\"https:\/\/www.google.com\/search?q=Apaisement+du+cuir+chevelu&amp;sca_esv=20541e4f21a9d7f7&amp;biw=1272&amp;bih=588&amp;aic=0&amp;sxsrf=ANbL-n4PkQ2KibX006E-JgrtD0ZlTIjoIw%3A1769034691680&amp;ei=w1NxabGhKaOIxc8PqfG7mAM&amp;ved=2ahUKEwje8IuZ2J2SAxVqOfsDHdTwImIQgK4QegQIAxAH&amp;uact=5&amp;oq=difeel+cbd+bienfaits+cheveux&amp;gs_lp=Egxnd3Mtd2l6LXNlcnAiHGRpZmVlbCBjYmQgYmllbmZhaXRzIGNoZXZldXgyBRAhGKABMgUQIRigATIFECEYoAEyBRAhGKABMgUQIRifBUifFVDTA1iyEnABeAGQAQCYAbUBoAGaCaoBAzAuOLgBA8gBAPgBAZgCCaAC1AnCAgoQABiwAxjWBBhHwgIHECEYoAEYCpgDAIgGAZAGCJIHAzEuOKAH6SWyBwMwLji4B88JwgcFMC4zLjbIByGACAA&amp;sclient=gws-wiz-serp\" data-ved=\"2ahUKEwje8IuZ2J2SAxVqOfsDHdTwImIQgK4QegQIAxAH\" data-hveid=\"CAMQBw\" data-processed=\"true\">Apaisement du cuir chevelu<\/a>\u00a0:<\/strong>\u00a0Les propri\u00e9t\u00e9s anti-inflammatoires du CBD calment les d\u00e9mangeaisons et les irritations, cr\u00e9ant un environnement sain pour les cheveux.<\/span><\/li>\n<li data-hveid=\"CAMQCA\" data-processed=\"true\"><span class=\"T286Pc\" data-sfc-cp=\"\" data-processed=\"true\"><strong class=\"Yjhzub\" data-processed=\"true\"><a class=\"GI370e\" href=\"https:\/\/www.google.com\/search?q=Brillance+et+volume&amp;sca_esv=20541e4f21a9d7f7&amp;biw=1272&amp;bih=588&amp;aic=0&amp;sxsrf=ANbL-n4PkQ2KibX006E-JgrtD0ZlTIjoIw%3A1769034691680&amp;ei=w1NxabGhKaOIxc8PqfG7mAM&amp;ved=2ahUKEwje8IuZ2J2SAxVqOfsDHdTwImIQgK4QegQIAxAJ&amp;uact=5&amp;oq=difeel+cbd+bienfaits+cheveux&amp;gs_lp=Egxnd3Mtd2l6LXNlcnAiHGRpZmVlbCBjYmQgYmllbmZhaXRzIGNoZXZldXgyBRAhGKABMgUQIRigATIFECEYoAEyBRAhGKABMgUQIRifBUifFVDTA1iyEnABeAGQAQCYAbUBoAGaCaoBAzAuOLgBA8gBAPgBAZgCCaAC1AnCAgoQABiwAxjWBBhHwgIHECEYoAEYCpgDAIgGAZAGCJIHAzEuOKAH6SWyBwMwLji4B88JwgcFMC4zLjbIByGACAA&amp;sclient=gws-wiz-serp\" data-ved=\"2ahUKEwje8IuZ2J2SAxVqOfsDHdTwImIQgK4QegQIAxAJ\" data-hveid=\"CAMQCQ\" data-processed=\"true\">Brillance et volume<\/a>\u00a0:<\/strong>\u00a0Ils revitalisent les cheveux ternes pour leur donner plus de volume et de \u00e9clat.<\/span><\/li>\n<\/ul>","protected":false},"featured_media":3632,"comment_status":"open","ping_status":"closed","template":"","meta":{"_joinchat":[]},"product_brand":[],"product_cat":[109],"product_tag":[246],"class_list":{"0":"post-3631","1":"product","2":"type-product","3":"status-publish","4":"has-post-thumbnail","6":"product_cat-cheveux","7":"product_tag-difeel","9":"first","10":"instock","11":"shipping-taxable","12":"purchasable","13":"product-type-simple"},"jetpack_sharing_enabled":true,"_links":{"self":[{"href":"https:\/\/olympiaboutique.com\/en\/wp-json\/wp\/v2\/product\/3631","targetHints":{"allow":["GET"]}}],"collection":[{"href":"https:\/\/olympiaboutique.com\/en\/wp-json\/wp\/v2\/product"}],"about":[{"href":"https:\/\/olympiaboutique.com\/en\/wp-json\/wp\/v2\/types\/product"}],"replies":[{"embeddable":true,"href":"https:\/\/olympiaboutique.com\/en\/wp-json\/wp\/v2\/comments?post=3631"}],"wp:featuredmedia":[{"embeddable":true,"href":"https:\/\/olympiaboutique.com\/en\/wp-json\/wp\/v2\/media\/3632"}],"wp:attachment":[{"href":"https:\/\/olympiaboutique.com\/en\/wp-json\/wp\/v2\/media?parent=3631"}],"wp:term":[{"taxonomy":"product_brand","embeddable":true,"href":"https:\/\/olympiaboutique.com\/en\/wp-json\/wp\/v2\/product_brand?post=3631"},{"taxonomy":"product_cat","embeddable":true,"href":"https:\/\/olympiaboutique.com\/en\/wp-json\/wp\/v2\/product_cat?post=3631"},{"taxonomy":"product_tag","embeddable":true,"href":"https:\/\/olympiaboutique.com\/en\/wp-json\/wp\/v2\/product_tag?post=3631"}],"curies":[{"name":"wp","href":"https:\/\/api.w.org\/{rel}","templated":true}]}}