{"id":3627,"date":"2026-01-21T22:08:05","date_gmt":"2026-01-21T22:08:05","guid":{"rendered":"https:\/\/olympiaboutique.com\/?post_type=product&#038;p=3627"},"modified":"2026-01-21T22:08:05","modified_gmt":"2026-01-21T22:08:05","slug":"tropic-isle-living-huile-de-ricin-noire-jamaicaine-au-piment-rouge-118-ml","status":"publish","type":"product","link":"https:\/\/olympiaboutique.com\/en\/product\/tropic-isle-living-huile-de-ricin-noire-jamaicaine-au-piment-rouge-118-ml\/","title":{"rendered":"Tropic Isle Living &#8211; Huile de ricin noire jama\u00efcaine au piment rouge -118 ml"},"content":{"rendered":"<p>L\u2019huile de croissance Tropic Isle Living Strong Roots Red Pimento Hair Growth, parfaite pour les traitements \u00e0 l\u2019huile chaude, les pr\u00e9-poos et les massages du cuir chevelu, est riche en antioxydants. Il r\u00e9chauffe le cuir chevelu pour am\u00e9liorer la circulation, stimuler l\u2019absorption des nutriments, soutenir la croissance des cheveux, r\u00e9duire les huiles et toxines inutiles.<\/p>\n<div>\n<ul>\n<li>Parfait pour<\/li>\n<li>Traitement \u00e0 l\u2019huile chaude<\/li>\n<li>Massage du cuir chevelu<\/li>\n<li>Am\u00e9liore la circulation<\/li>\n<li>Stimule les nutriments<\/li>\n<li>Favorise la pousse des cheveux<\/li>\n<li>Multi-usages<\/li>\n<\/ul>\n<\/div>","protected":false},"excerpt":{"rendered":"<ul class=\"a-unordered-list a-vertical a-spacing-mini\">\n<li class=\"a-spacing-mini\"><span class=\"a-list-item\">Renforce, nourrisse et fait pousser rapidement vos cheveux<\/span><\/li>\n<li class=\"a-spacing-mini\"><span class=\"a-list-item\">Fournit des nutriments pr\u00e9cieux aux racines et \u00e0 la tige des cheveux<\/span><\/li>\n<li class=\"a-spacing-mini\"><span class=\"a-list-item\">Stimule les follicules pour une meilleure croissance des cheveux<\/span><\/li>\n<\/ul>","protected":false},"featured_media":3628,"comment_status":"open","ping_status":"closed","template":"","meta":{"_joinchat":[]},"product_brand":[],"product_cat":[109],"product_tag":[405],"class_list":{"0":"post-3627","1":"product","2":"type-product","3":"status-publish","4":"has-post-thumbnail","6":"product_cat-cheveux","7":"product_tag-tropic-isle-living","9":"first","10":"instock","11":"shipping-taxable","12":"purchasable","13":"product-type-simple"},"jetpack_sharing_enabled":true,"_links":{"self":[{"href":"https:\/\/olympiaboutique.com\/en\/wp-json\/wp\/v2\/product\/3627","targetHints":{"allow":["GET"]}}],"collection":[{"href":"https:\/\/olympiaboutique.com\/en\/wp-json\/wp\/v2\/product"}],"about":[{"href":"https:\/\/olympiaboutique.com\/en\/wp-json\/wp\/v2\/types\/product"}],"replies":[{"embeddable":true,"href":"https:\/\/olympiaboutique.com\/en\/wp-json\/wp\/v2\/comments?post=3627"}],"wp:featuredmedia":[{"embeddable":true,"href":"https:\/\/olympiaboutique.com\/en\/wp-json\/wp\/v2\/media\/3628"}],"wp:attachment":[{"href":"https:\/\/olympiaboutique.com\/en\/wp-json\/wp\/v2\/media?parent=3627"}],"wp:term":[{"taxonomy":"product_brand","embeddable":true,"href":"https:\/\/olympiaboutique.com\/en\/wp-json\/wp\/v2\/product_brand?post=3627"},{"taxonomy":"product_cat","embeddable":true,"href":"https:\/\/olympiaboutique.com\/en\/wp-json\/wp\/v2\/product_cat?post=3627"},{"taxonomy":"product_tag","embeddable":true,"href":"https:\/\/olympiaboutique.com\/en\/wp-json\/wp\/v2\/product_tag?post=3627"}],"curies":[{"name":"wp","href":"https:\/\/api.w.org\/{rel}","templated":true}]}}