{"id":3622,"date":"2026-01-21T21:43:47","date_gmt":"2026-01-21T21:43:47","guid":{"rendered":"https:\/\/olympiaboutique.com\/?post_type=product&#038;p=3622"},"modified":"2026-04-22T22:23:55","modified_gmt":"2026-04-22T22:23:55","slug":"pieres-apothecary-rosemary-mint-strengthening-scalp-oil-120-ml","status":"publish","type":"product","link":"https:\/\/olympiaboutique.com\/en\/product\/pieres-apothecary-rosemary-mint-strengthening-scalp-oil-120-ml\/","title":{"rendered":"Piere&#8217;s Apothecary Rosemary &#038; Mint Strengthening Scalp Oil-120 ml"},"content":{"rendered":"<p>Le traitement capillaire Rosemary+menthe de Pierre 120 Ml est un produit de haute qualit\u00e9 con\u00e7u pour le soin de vos cheveux. Enrichi en huile de romarin, ce traitement a la capacit\u00e9 de nourrir et de r\u00e9parer \u00e0 la fois les cheveux et la peau du cuir chevelu, renfor\u00e7ant les follicules et favorisant des cheveux sains et brillants. Ce produit offre une hydratation intensive, id\u00e9al pour ceux qui recherchent des soins sp\u00e9cialis\u00e9s. Son format \u00e0 l\u2019huile facilite son application, et sa pr\u00e9sentation avec un distributeur permet une utilisation pratique et efficace. De plus, il a \u00e9t\u00e9 test\u00e9 dermatologiquement, garantissant sa s\u00e9curit\u00e9 et son efficacit\u00e9. Il est hypoallerg\u00e9nique, donc adapt\u00e9 aux personnes \u00e0 peau sensible.<\/p>","protected":false},"excerpt":{"rendered":"<p>Renforce les cheveux et am\u00e9liore la sant\u00e9 du cuir chevelu avec la menthe poivr\u00e9e au romarin.<\/p>\n<div id=\"importantInformation_feature_div\" class=\"celwidget\" data-feature-name=\"importantInformation\" data-csa-c-type=\"widget\" data-csa-c-content-id=\"importantInformation\" data-csa-c-slot-id=\"importantInformation_feature_div\" data-csa-c-asin=\"\" data-csa-c-is-in-initial-active-row=\"false\" data-csa-c-id=\"mag73-lpferd-k70irz-p98ys8\" data-cel-widget=\"importantInformation_feature_div\">\n<div id=\"important-information\" class=\"a-section a-spacing-extra-large bucket\">\n<div class=\"a-section content\">\n<p>Appliquez une petite quantit\u00e9 d\u2019huile sur le cuir chevelu. Massez doucement le cuir chevelu pendant quelques minutes. Laissez allumer au moins une heure, ou mieux encore, toute la nuit. Shampoinez vos cheveux et rincez-les soigneusement.<\/p>\n<p>&nbsp;<\/p>\n<\/div>\n<\/div>\n<\/div>\n<div id=\"productDescription_feature_div\" class=\"celwidget\" data-feature-name=\"productDescription\" data-csa-c-type=\"widget\" data-csa-c-content-id=\"productDescription\" data-csa-c-slot-id=\"productDescription_feature_div\" data-csa-c-asin=\"\" data-csa-c-is-in-initial-active-row=\"false\" data-csa-c-id=\"yp43au-imdtqb-crf9yp-y2due9\" data-cel-widget=\"productDescription_feature_div\">\n<div>\n<div id=\"productDescription_feature_div\" class=\"a-row feature\" data-feature-name=\"productDescription\" data-template-name=\"productDescription\" data-cel-widget=\"productDescription_feature_div\">\n<div class=\"a-divider a-divider-section\"><\/div>\n<\/div>\n<\/div>\n<\/div>","protected":false},"featured_media":3623,"comment_status":"open","ping_status":"closed","template":"","meta":{"_joinchat":[]},"product_brand":[],"product_cat":[109],"product_tag":[404],"class_list":{"0":"post-3622","1":"product","2":"type-product","3":"status-publish","4":"has-post-thumbnail","6":"product_cat-cheveux","7":"product_tag-pieres-apothecary","9":"first","10":"outofstock","11":"shipping-taxable","12":"purchasable","13":"product-type-simple"},"jetpack_sharing_enabled":true,"_links":{"self":[{"href":"https:\/\/olympiaboutique.com\/en\/wp-json\/wp\/v2\/product\/3622","targetHints":{"allow":["GET"]}}],"collection":[{"href":"https:\/\/olympiaboutique.com\/en\/wp-json\/wp\/v2\/product"}],"about":[{"href":"https:\/\/olympiaboutique.com\/en\/wp-json\/wp\/v2\/types\/product"}],"replies":[{"embeddable":true,"href":"https:\/\/olympiaboutique.com\/en\/wp-json\/wp\/v2\/comments?post=3622"}],"wp:featuredmedia":[{"embeddable":true,"href":"https:\/\/olympiaboutique.com\/en\/wp-json\/wp\/v2\/media\/3623"}],"wp:attachment":[{"href":"https:\/\/olympiaboutique.com\/en\/wp-json\/wp\/v2\/media?parent=3622"}],"wp:term":[{"taxonomy":"product_brand","embeddable":true,"href":"https:\/\/olympiaboutique.com\/en\/wp-json\/wp\/v2\/product_brand?post=3622"},{"taxonomy":"product_cat","embeddable":true,"href":"https:\/\/olympiaboutique.com\/en\/wp-json\/wp\/v2\/product_cat?post=3622"},{"taxonomy":"product_tag","embeddable":true,"href":"https:\/\/olympiaboutique.com\/en\/wp-json\/wp\/v2\/product_tag?post=3622"}],"curies":[{"name":"wp","href":"https:\/\/api.w.org\/{rel}","templated":true}]}}