{"id":3620,"date":"2026-01-21T21:27:20","date_gmt":"2026-01-21T21:27:20","guid":{"rendered":"https:\/\/olympiaboutique.com\/?post_type=product&#038;p=3620"},"modified":"2026-01-21T21:27:20","modified_gmt":"2026-01-21T21:27:20","slug":"kreyol-essence-black-castor-oil-haitian-60-ml","status":"publish","type":"product","link":"https:\/\/olympiaboutique.com\/en\/product\/kreyol-essence-black-castor-oil-haitian-60-ml\/","title":{"rendered":"Kreyol Essence Black Castor Oil Haitian &#8211; 60 ml"},"content":{"rendered":"<div id=\"featurebullets_feature_div\" class=\"celwidget\" data-feature-name=\"featurebullets\" data-csa-c-type=\"widget\" data-csa-c-content-id=\"featurebullets\" data-csa-c-slot-id=\"featurebullets_feature_div\" data-csa-c-asin=\"B08412SSZ3\" data-csa-c-is-in-initial-active-row=\"false\" data-csa-c-id=\"5xx0bh-vu2grh-9k0pc9-a4ph46\" data-cel-widget=\"featurebullets_feature_div\">\n<div id=\"feature-bullets\" class=\"a-section a-spacing-medium a-spacing-top-small\">\n<ul class=\"a-unordered-list a-vertical a-spacing-mini\">\n<li class=\"a-spacing-mini\"><span class=\"a-list-item\">FORMULE ORIGINALE BIOLOGIQUE &#8211; Notre huile de ricin noire ha\u00eftienne aide les cheveux \u00e0 pousser en meilleure sant\u00e9, plus \u00e9pais et plus fournis. Hydrate et am\u00e9nage profond\u00e9ment les cheveux et le cuir chevelu, les apaisant et ajoutant un \u00e9clat naturel et sain aux cheveux.<\/span><\/li>\n<li class=\"a-spacing-mini\"><span class=\"a-list-item\">COMMENT UTILISER L\u2019HUILE DE RICIN NOIRE HA\u00cfTIENNE &#8211; Appliquez-la directement sur le cuir chevelu, les cils et\/ou les sourcils. Frottez avec les doigts pour une p\u00e9n\u00e9tration maximale de l\u2019huile.<\/span><\/li>\n<li class=\"a-spacing-mini\"><span class=\"a-list-item\">CHEVEUX PLUS PLEINS \/ CR\u00c8ME HYDRATANTE &#8211; Pour les cheveux plus fournis, appliquez sur le cuir chevelu et les sourcils 3 \u00e0 4 fois par semaine et massez ; Pour la cr\u00e8me hydratante, appliquez 2 \u00e0 3 fois par semaine :<\/span><\/li>\n<li class=\"a-spacing-mini\"><span class=\"a-list-item\">APR\u00c8S-SHAMPOING PROFOND &#8211; Ajoutez \u00e0 votre apr\u00e8s-shampoing ou appliquez sur les cheveux pendant 30 \u00e0 60 minutes \u00e0 chaud. Pour les cheveux tr\u00e8s ab\u00eem\u00e9s, laissez poser toute la nuit puis lavez-les les cheveux.<\/span><\/li>\n<li class=\"a-spacing-mini\"><span class=\"a-list-item\">SOINS DE LA PEAU \/ CORNS &#8211; Pour les soins de la peau, massez la peau quand elle est humide ou ajoutez 20 gouttes dans le bain ; Pour les corns, appliquez 1 \u00e0 2 fois par jour sur le ma\u00efs, en l\u2019entourant d\u2019un tampon adh\u00e9sif adh\u00e9sif.<\/span><\/li>\n<\/ul>\n<\/div>\n<\/div>\n<div id=\"provenanceCertifications_feature_div\" class=\"celwidget\" data-feature-name=\"provenanceCertifications\" data-csa-c-type=\"widget\" data-csa-c-content-id=\"provenanceCertifications\" data-csa-c-slot-id=\"provenanceCertifications_feature_div\" data-csa-c-asin=\"B08412SSZ3\" data-csa-c-is-in-initial-active-row=\"false\" data-csa-c-id=\"dl77fl-tpqkea-zdeugm-wf25vi\" data-cel-widget=\"provenanceCertifications_feature_div\">\n<div id=\"provenance-certifications\" class=\"a-section a-spacing-medium a-spacing-top-micro\"><\/div>\n<\/div>","protected":false},"excerpt":{"rendered":"<ul class=\"KsbFXc U6u95\" data-processed=\"true\">\n<li data-hveid=\"CAMQAA\" data-processed=\"true\"><span class=\"T286Pc\" data-sfc-cp=\"\" data-processed=\"true\"><strong class=\"Yjhzub\" data-processed=\"true\">Croissance et \u00e9paisseur :<\/strong> Favorise une croissance plus rapide et des cheveux plus \u00e9pais et volumineux<\/span><\/li>\n<li data-hveid=\"CAMQAQ\" data-processed=\"true\"><span class=\"T286Pc\" data-sfc-cp=\"\" data-processed=\"true\"><strong class=\"Yjhzub\" data-processed=\"true\">Renforcement :<\/strong> R\u00e9duit la casse et les pointes fourchues, rendant les cheveux plus r\u00e9sistants<\/span><\/li>\n<li data-hveid=\"CAMQAg\" data-processed=\"true\"><span class=\"T286Pc\" data-sfc-cp=\"\" data-processed=\"true\"><strong class=\"Yjhzub\" data-processed=\"true\">Hydratation intense :<\/strong> P\u00e9n\u00e8tre en profondeur pour hydrater le cuir chevelu et les m\u00e8ches, combattant la s\u00e9cheresse<\/span><\/li>\n<li data-hveid=\"CAMQAw\" data-processed=\"true\"><span class=\"T286Pc\" data-sfc-cp=\"\" data-processed=\"true\"><strong class=\"Yjhzub\" data-processed=\"true\">Brillance et vitalit\u00e9 :<\/strong> Apporte un \u00e9clat naturel aux cheveux fatigu\u00e9s<\/span><\/li>\n<li data-hveid=\"CAMQBA\" data-processed=\"true\"><span class=\"T286Pc\" data-sfc-cp=\"\" data-processed=\"true\"><strong class=\"Yjhzub\" data-processed=\"true\">Soin du cuir chevelu :<\/strong> Apaise les irritations, calme les d\u00e9mangeaisons et purifie les pores<\/span><\/li>\n<li data-hveid=\"CAMQBQ\" data-processed=\"true\"><span class=\"T286Pc\" data-sfc-cp=\"\" data-processed=\"true\"><strong class=\"Yjhzub\" data-processed=\"true\">Polyvalence :<\/strong> Peut \u00eatre utilis\u00e9e comme traitement avant-shampooing, apr\u00e8s-shampooing, s\u00e9rum ou scellant hydratant<\/span><\/li>\n<\/ul>","protected":false},"featured_media":3616,"comment_status":"open","ping_status":"closed","template":"","meta":{"_joinchat":[]},"product_brand":[],"product_cat":[109],"product_tag":[403],"class_list":{"0":"post-3620","1":"product","2":"type-product","3":"status-publish","4":"has-post-thumbnail","6":"product_cat-cheveux","7":"product_tag-kreyol-essence","9":"first","10":"instock","11":"shipping-taxable","12":"purchasable","13":"product-type-simple"},"jetpack_sharing_enabled":true,"_links":{"self":[{"href":"https:\/\/olympiaboutique.com\/en\/wp-json\/wp\/v2\/product\/3620","targetHints":{"allow":["GET"]}}],"collection":[{"href":"https:\/\/olympiaboutique.com\/en\/wp-json\/wp\/v2\/product"}],"about":[{"href":"https:\/\/olympiaboutique.com\/en\/wp-json\/wp\/v2\/types\/product"}],"replies":[{"embeddable":true,"href":"https:\/\/olympiaboutique.com\/en\/wp-json\/wp\/v2\/comments?post=3620"}],"wp:featuredmedia":[{"embeddable":true,"href":"https:\/\/olympiaboutique.com\/en\/wp-json\/wp\/v2\/media\/3616"}],"wp:attachment":[{"href":"https:\/\/olympiaboutique.com\/en\/wp-json\/wp\/v2\/media?parent=3620"}],"wp:term":[{"taxonomy":"product_brand","embeddable":true,"href":"https:\/\/olympiaboutique.com\/en\/wp-json\/wp\/v2\/product_brand?post=3620"},{"taxonomy":"product_cat","embeddable":true,"href":"https:\/\/olympiaboutique.com\/en\/wp-json\/wp\/v2\/product_cat?post=3620"},{"taxonomy":"product_tag","embeddable":true,"href":"https:\/\/olympiaboutique.com\/en\/wp-json\/wp\/v2\/product_tag?post=3620"}],"curies":[{"name":"wp","href":"https:\/\/api.w.org\/{rel}","templated":true}]}}