{"id":3611,"date":"2026-01-21T20:45:47","date_gmt":"2026-01-21T20:45:47","guid":{"rendered":"https:\/\/olympiaboutique.com\/?post_type=product&#038;p=3611"},"modified":"2026-01-21T20:45:47","modified_gmt":"2026-01-21T20:45:47","slug":"okay-pure-naturals-100-pure-black-haitian-castor-oil-118-ml","status":"publish","type":"product","link":"https:\/\/olympiaboutique.com\/en\/product\/okay-pure-naturals-100-pure-black-haitian-castor-oil-118-ml\/","title":{"rendered":"OKAY Pure Naturals 100% Pure Black Haitian Castor Oil -118 ml"},"content":{"rendered":"<ul class=\"a-unordered-list a-vertical a-spacing-mini\">\n<li class=\"a-spacing-mini\"><span class=\"a-list-item\">Huile de ricin noire ha\u00eftienne 100 % naturelle &#8211; Cette huile pure, riche en acides gras nourrissants, favorise une croissance saine des cheveux et la sant\u00e9 du cuir chevelu chez les hommes comme les femmes, id\u00e9ale pour tous les types de cheveux<\/span><\/li>\n<li class=\"a-spacing-mini\"><span class=\"a-list-item\">Traitement revitalisant profond &#8211; Utilisez notre huile de ricin ha\u00eftienne comme traitement sans rin\u00e7age ou \u00e0 l\u2019huile chaude pour adoucir et apporter de la brillance tout en traitant la s\u00e9cheresse, les frisottis et les pointes fourchues pour des cheveux plus sains<\/span><\/li>\n<li class=\"a-spacing-mini\"><span class=\"a-list-item\">Multi-usage pour cheveux et peau &#8211; Huile hydratante parfaite pour cheveux, peau, cils et sourcils, pour une hydratation l\u00e9g\u00e8re ou comme traitement du cuir chevelu sans boucher les pores<\/span><\/li>\n<li class=\"a-spacing-mini\"><span class=\"a-list-item\">Riche en acides gras om\u00e9ga 6 et 9 &#8211; L\u2019huile de ricin hydrate profond\u00e9ment le cuir chevelu et soutient la force des cheveux, aidant \u00e0 maintenir des cheveux \u00e9pais, sains et r\u00e9sistants<\/span><\/li>\n<li class=\"a-spacing-mini\"><span class=\"a-list-item\">Facile \u00e0 utiliser &#8211; Appliquer sans rin\u00e7age ou pour un traitement plus profond, couvrir avec un bouchon, chauffer pendant 30 minutes, puis rincer.\u00a0<\/span><\/li>\n<\/ul>","protected":false},"excerpt":{"rendered":"<div id=\"productDescription_feature_div\" class=\"celwidget\" data-feature-name=\"productDescription\" data-csa-c-type=\"widget\" data-csa-c-content-id=\"productDescription\" data-csa-c-slot-id=\"productDescription_feature_div\" data-csa-c-asin=\"\" data-csa-c-is-in-initial-active-row=\"false\" data-csa-c-id=\"sjwrjb-evhue1-ts1wfo-a1g1r2\" data-cel-widget=\"productDescription_feature_div\">\n<div>\n<div id=\"productDescription_feature_div\" class=\"a-row feature\" data-feature-name=\"productDescription\" data-template-name=\"productDescription\" data-cel-widget=\"productDescription_feature_div\">\n<div id=\"productDescription\" class=\"a-section a-spacing-small\">\n<p>Huile de ricin noire ha\u00eftienne 100 % naturelle; Cette huile pure, riche en acides gras nourrissants, favorise la sant\u00e9 des cheveux et du cuir chevelu pour les hommes et les femmes, id\u00e9ale pour tous les types de cheveux<\/p>\n<\/div>\n<\/div>\n<\/div>\n<\/div>\n<div id=\"detailBulletsWithExceptions_feature_div\" class=\"celwidget\" data-feature-name=\"detailBulletsWithExceptions_feature_V2\" data-csa-c-type=\"widget\" data-csa-c-content-id=\"detailBulletsWithExceptions_feature_V2\" data-csa-c-slot-id=\"detailBulletsWithExceptions_feature_div\" data-csa-c-asin=\"\" data-csa-c-is-in-initial-active-row=\"false\" data-csa-c-id=\"mfm4wh-jxl2zc-eek4ll-qyg1pg\" data-cel-widget=\"detailBulletsWithExceptions_feature_div\">\n<div id=\"detailBulletsWrapper_feature_div\" class=\"a-section feature detail-bullets-wrapper bucket\" data-feature-name=\"detailBullets\" data-template-name=\"detailBullets\" data-cel-widget=\"detailBulletsWrapper_feature_div\"><\/div>\n<\/div>","protected":false},"featured_media":3612,"comment_status":"open","ping_status":"closed","template":"","meta":{"_joinchat":[]},"product_brand":[],"product_cat":[109],"product_tag":[247],"class_list":{"0":"post-3611","1":"product","2":"type-product","3":"status-publish","4":"has-post-thumbnail","6":"product_cat-cheveux","7":"product_tag-okay","9":"first","10":"instock","11":"shipping-taxable","12":"purchasable","13":"product-type-simple"},"jetpack_sharing_enabled":true,"_links":{"self":[{"href":"https:\/\/olympiaboutique.com\/en\/wp-json\/wp\/v2\/product\/3611","targetHints":{"allow":["GET"]}}],"collection":[{"href":"https:\/\/olympiaboutique.com\/en\/wp-json\/wp\/v2\/product"}],"about":[{"href":"https:\/\/olympiaboutique.com\/en\/wp-json\/wp\/v2\/types\/product"}],"replies":[{"embeddable":true,"href":"https:\/\/olympiaboutique.com\/en\/wp-json\/wp\/v2\/comments?post=3611"}],"wp:featuredmedia":[{"embeddable":true,"href":"https:\/\/olympiaboutique.com\/en\/wp-json\/wp\/v2\/media\/3612"}],"wp:attachment":[{"href":"https:\/\/olympiaboutique.com\/en\/wp-json\/wp\/v2\/media?parent=3611"}],"wp:term":[{"taxonomy":"product_brand","embeddable":true,"href":"https:\/\/olympiaboutique.com\/en\/wp-json\/wp\/v2\/product_brand?post=3611"},{"taxonomy":"product_cat","embeddable":true,"href":"https:\/\/olympiaboutique.com\/en\/wp-json\/wp\/v2\/product_cat?post=3611"},{"taxonomy":"product_tag","embeddable":true,"href":"https:\/\/olympiaboutique.com\/en\/wp-json\/wp\/v2\/product_tag?post=3611"}],"curies":[{"name":"wp","href":"https:\/\/api.w.org\/{rel}","templated":true}]}}