{"id":3606,"date":"2026-01-21T19:51:27","date_gmt":"2026-01-21T19:51:27","guid":{"rendered":"https:\/\/olympiaboutique.com\/?post_type=product&#038;p=3606"},"modified":"2026-01-21T19:51:28","modified_gmt":"2026-01-21T19:51:28","slug":"okay-extra-dark-100-natural-black-jamaican-castor-oil-118-ml","status":"publish","type":"product","link":"https:\/\/olympiaboutique.com\/en\/product\/okay-extra-dark-100-natural-black-jamaican-castor-oil-118-ml\/","title":{"rendered":"OKAY Extra Dark 100% Natural Black Jamaican Castor Oil, 118 ml"},"content":{"rendered":"<ul class=\"a-unordered-list a-vertical a-spacing-mini\">\n<li class=\"a-spacing-mini\"><span class=\"a-list-item\">Huile de ricin jama\u00efcaine noire 100 % naturelle &#8211; Cette huile pure favorise une sant\u00e9 saine et nourrie des cheveux et du cuir chevelu pour hommes et femmes, id\u00e9ale pour tous les types de cheveux<\/span><\/li>\n<li class=\"a-spacing-mini\"><span class=\"a-list-item\">Traitement revitalisant profond &#8211; Utilisez notre huile de ricin jama\u00efcaine comme traitement sans rin\u00e7age ou \u00e0 l\u2019huile chaude pour adoucir et donner de la brillance tout en traitant la s\u00e9cheresse, les frisottis et les pointes fourchues pour des cheveux plus sains<\/span><\/li>\n<li class=\"a-spacing-mini\"><span class=\"a-list-item\">Multi-usage pour les cheveux et le corps &#8211; \u00c0 utiliser comme traitement du cuir chevelu ou comme huile hydratante pour votre peau, vos cils et vos sourcils. Il apporte une hydratation l\u00e9g\u00e8re et favorise une peau et des cheveux sains et nourris<\/span><\/li>\n<\/ul>","protected":false},"excerpt":{"rendered":"<ul class=\"KsbFXc U6u95\" data-processed=\"true\">\n<li data-hveid=\"CAMQAA\" data-processed=\"true\"><span class=\"T286Pc\" data-sfc-cp=\"\" data-processed=\"true\"><strong class=\"Yjhzub\" data-processed=\"true\">Stimule la croissance<\/strong>\u00a0: Favorise des cheveux plus longs, plus denses et plus forts.<\/span><\/li>\n<li data-hveid=\"CAMQAQ\" data-processed=\"true\"><span class=\"T286Pc\" data-sfc-cp=\"\" data-processed=\"true\"><strong class=\"Yjhzub\" data-processed=\"true\">R\u00e9parateur et fortifiant<\/strong>\u00a0: Id\u00e9al pour les cheveux secs, cassants ou chimiquement trait\u00e9s, renforce la fibre capillaire.<\/span><\/li>\n<li data-hveid=\"CAMQAg\" data-processed=\"true\"><span class=\"T286Pc\" data-sfc-cp=\"\" data-processed=\"true\"><strong class=\"Yjhzub\" data-processed=\"true\">Hydratation profonde<\/strong>\u00a0: Nourrit le cuir chevelu sec, calme les d\u00e9mangeaisons.<\/span><\/li>\n<li data-hveid=\"CAMQAw\" data-processed=\"true\"><span class=\"T286Pc\" data-sfc-cp=\"\" data-processed=\"true\"><strong class=\"Yjhzub\" data-processed=\"true\">Am\u00e9liore l&#8217;apparence<\/strong>\u00a0: Donne brillance et corps aux cheveux.<\/span><span class=\"uJ19be notranslate\" data-wiz-uids=\"X6LXFb_12\" data-processed=\"true\"><span class=\"vKEkVd\" data-animation-atomic=\"\" data-wiz-attrbind=\"class=X6LXFb_11\/TKHnVd\" data-processed=\"true\">\u00a0<\/span><\/span><\/li>\n<\/ul>","protected":false},"featured_media":3610,"comment_status":"open","ping_status":"closed","template":"","meta":{"_joinchat":[]},"product_brand":[],"product_cat":[109],"product_tag":[248],"class_list":{"0":"post-3606","1":"product","2":"type-product","3":"status-publish","4":"has-post-thumbnail","6":"product_cat-cheveux","7":"product_tag-sunny-isle","9":"first","10":"instock","11":"shipping-taxable","12":"purchasable","13":"product-type-simple"},"jetpack_sharing_enabled":true,"_links":{"self":[{"href":"https:\/\/olympiaboutique.com\/en\/wp-json\/wp\/v2\/product\/3606","targetHints":{"allow":["GET"]}}],"collection":[{"href":"https:\/\/olympiaboutique.com\/en\/wp-json\/wp\/v2\/product"}],"about":[{"href":"https:\/\/olympiaboutique.com\/en\/wp-json\/wp\/v2\/types\/product"}],"replies":[{"embeddable":true,"href":"https:\/\/olympiaboutique.com\/en\/wp-json\/wp\/v2\/comments?post=3606"}],"wp:featuredmedia":[{"embeddable":true,"href":"https:\/\/olympiaboutique.com\/en\/wp-json\/wp\/v2\/media\/3610"}],"wp:attachment":[{"href":"https:\/\/olympiaboutique.com\/en\/wp-json\/wp\/v2\/media?parent=3606"}],"wp:term":[{"taxonomy":"product_brand","embeddable":true,"href":"https:\/\/olympiaboutique.com\/en\/wp-json\/wp\/v2\/product_brand?post=3606"},{"taxonomy":"product_cat","embeddable":true,"href":"https:\/\/olympiaboutique.com\/en\/wp-json\/wp\/v2\/product_cat?post=3606"},{"taxonomy":"product_tag","embeddable":true,"href":"https:\/\/olympiaboutique.com\/en\/wp-json\/wp\/v2\/product_tag?post=3606"}],"curies":[{"name":"wp","href":"https:\/\/api.w.org\/{rel}","templated":true}]}}