{"id":3605,"date":"2026-01-21T16:45:35","date_gmt":"2026-01-21T16:45:35","guid":{"rendered":"https:\/\/olympiaboutique.com\/?post_type=product&#038;p=3605"},"modified":"2026-01-21T16:45:35","modified_gmt":"2026-01-21T16:45:35","slug":"sunny-isle-jamaican-extra-dark-huile-de-ricin-118-ml","status":"publish","type":"product","link":"https:\/\/olympiaboutique.com\/en\/product\/sunny-isle-jamaican-extra-dark-huile-de-ricin-118-ml\/","title":{"rendered":"Sunny Isle Jamaican Extra Dark Huile de Ricin, 118 ml"},"content":{"rendered":"<p class=\"description\"><span dir=\"auto\">\u00c0 la recherche d&#8217;un soin capillaire et cutan\u00e9 puissant et polyvalent\u00a0? L&#8217;huile de ricin noire jama\u00efcaine extra fonc\u00e9e Sunny Isle est faite pour vous. Cette huile puissante nourrit et revitalise efficacement les cheveux secs et ab\u00eem\u00e9s. Elle sublime \u00e9galement l&#8217;apparence des sourcils et des cils, ce qui en fait un excellent produit naturel \u00e0 int\u00e9grer \u00e0 votre routine beaut\u00e9 quotidienne.<\/span><\/p>\n<p class=\"description\"><span dir=\"auto\">L&#8217;huile de ricin noire jama\u00efcaine extra fonc\u00e9e de Sunny Isle poss\u00e8de une texture plus \u00e9paisse et plus riche que l&#8217;huile de ricin noire jama\u00efcaine originale, ainsi qu&#8217;une teneur en cendres plus \u00e9lev\u00e9e. Elle est id\u00e9ale pour nourrir le cuir chevelu et traiter les cheveux secs ou ternes. Les graines de ricin biologiques de Sunny Isle sont torr\u00e9fi\u00e9es et moulues manuellement, puis bouillies pour extraire une huile biologique 100 % pure, brun fonc\u00e9. Gr\u00e2ce \u00e0 ses multiples usages, l&#8217;huile de ricin noire jama\u00efcaine est un incontournable pour le soin du visage et du corps.<\/span><\/p>","protected":false},"excerpt":{"rendered":"<ul>\n<li><span class=\"a-list-item\"><span dir=\"auto\">Favorise une croissance capillaire saine pour tous les types de cheveux<\/span><\/span><\/li>\n<li><span class=\"a-list-item\"><span dir=\"auto\">Peut \u00eatre utilis\u00e9 pour am\u00e9liorer l&#8217;apparence des cils et des sourcils<\/span><\/span><\/li>\n<li><span class=\"a-list-item\"><span dir=\"auto\">Agit comme un soin hydratant efficace pour les cheveux et la peau. Contribue \u00e0 att\u00e9nuer les cicatrices et les imperfections.<\/span><\/span><\/li>\n<li><span class=\"a-list-item\"><span dir=\"auto\">Solution naturelle pour les peaux \u00e0 tendance acn\u00e9ique, elle contribue \u00e9galement \u00e0 att\u00e9nuer l&#8217;apparence des cicatrices.<\/span><\/span><\/li>\n<li><span class=\"a-list-item\"><span dir=\"auto\">Formule riche et onctueuse, particuli\u00e8rement efficace pour les probl\u00e8mes de peau et de cheveux.<\/span><\/span><\/li>\n<\/ul>","protected":false},"featured_media":3600,"comment_status":"open","ping_status":"closed","template":"","meta":{"_joinchat":[]},"product_brand":[],"product_cat":[109],"product_tag":[248],"class_list":{"0":"post-3605","1":"product","2":"type-product","3":"status-publish","4":"has-post-thumbnail","6":"product_cat-cheveux","7":"product_tag-sunny-isle","9":"first","10":"instock","11":"shipping-taxable","12":"purchasable","13":"product-type-simple"},"jetpack_sharing_enabled":true,"_links":{"self":[{"href":"https:\/\/olympiaboutique.com\/en\/wp-json\/wp\/v2\/product\/3605","targetHints":{"allow":["GET"]}}],"collection":[{"href":"https:\/\/olympiaboutique.com\/en\/wp-json\/wp\/v2\/product"}],"about":[{"href":"https:\/\/olympiaboutique.com\/en\/wp-json\/wp\/v2\/types\/product"}],"replies":[{"embeddable":true,"href":"https:\/\/olympiaboutique.com\/en\/wp-json\/wp\/v2\/comments?post=3605"}],"wp:featuredmedia":[{"embeddable":true,"href":"https:\/\/olympiaboutique.com\/en\/wp-json\/wp\/v2\/media\/3600"}],"wp:attachment":[{"href":"https:\/\/olympiaboutique.com\/en\/wp-json\/wp\/v2\/media?parent=3605"}],"wp:term":[{"taxonomy":"product_brand","embeddable":true,"href":"https:\/\/olympiaboutique.com\/en\/wp-json\/wp\/v2\/product_brand?post=3605"},{"taxonomy":"product_cat","embeddable":true,"href":"https:\/\/olympiaboutique.com\/en\/wp-json\/wp\/v2\/product_cat?post=3605"},{"taxonomy":"product_tag","embeddable":true,"href":"https:\/\/olympiaboutique.com\/en\/wp-json\/wp\/v2\/product_tag?post=3605"}],"curies":[{"name":"wp","href":"https:\/\/api.w.org\/{rel}","templated":true}]}}